{"id":1466,"date":"2021-12-07T15:34:48","date_gmt":"2021-12-07T14:34:48","guid":{"rendered":"https:\/\/smpolaniec.com.pl\/smpolaniec\/membership-login\/password-reset-2\/"},"modified":"2021-12-07T15:34:48","modified_gmt":"2021-12-07T14:34:48","slug":"password-reset-2","status":"publish","type":"page","link":"https:\/\/smpolaniec.com.pl\/smpolaniec\/membership-login\/password-reset-2\/","title":{"rendered":"Ustawianie nowego has\u0142a"},"content":{"rendered":"<div class=\"swpm-pw-reset-widget-form\">\n    <form id=\"swpm-pw-reset-form\" name=\"swpm-reset-form\" method=\"post\" action=\"\">\n        <div class=\"swpm-pw-reset-widget-inside\">\n            <div class=\"swpm-pw-reset-email swpm-margin-top-10\">\n                <label for=\"swpm_reset_email\" class=\"swpm_label swpm-pw-reset-email-label\">Adres e-mail<\/label>\n            <\/div>\n            <div class=\"swpm-pw-reset-email-input swpm-margin-top-10\">\n                <input type=\"text\" name=\"swpm_reset_email\" class=\"swpm-text-field swpm-pw-reset-text\" id=\"swpm_reset_email\"  value=\"\" size=\"30\" \/>\n            <\/div>\n            <div class=\"swpm-before-login-submit-section\"><\/div>\n            <div class=\"swpm-pw-reset-submit-button\">\n                <input type=\"submit\" name=\"swpm-reset\" class=\"swpm-pw-reset-submit\" value=\"Reset has\u0142a\" \/>\n            <\/div>\n        <\/div>\n    <\/form>\n<\/div>\n<div class=\"swpm_pass_reset_processing_msg_section\">\n    <p id=\"swpm_pass_reset_processing_msg\" hidden=\"hidden\">\n        Processing password reset request...    <\/p>\n<\/div>\n<script>\n  document.getElementById(\"swpm-pw-reset-form\").addEventListener(\"submit\", function() {\n  let p = document.getElementById('swpm_pass_reset_processing_msg');\n    p.removeAttribute(\"hidden\");\n  });\n<\/script>\n\n","protected":false},"excerpt":{"rendered":"","protected":false},"author":11,"featured_media":0,"parent":404,"menu_order":0,"comment_status":"closed","ping_status":"closed","template":"","meta":{"_acf_changed":false,"footnotes":""},"acf":[],"yoast_head":"<!-- This site is optimized with the Yoast SEO plugin v22.8 - https:\/\/yoast.com\/wordpress\/plugins\/seo\/ -->\n<title>Ustawianie nowego has\u0142a - smpolaniec.com.pl<\/title>\n<meta name=\"robots\" content=\"index, follow, max-snippet:-1, max-image-preview:large, max-video-preview:-1\" \/>\n<link rel=\"canonical\" href=\"https:\/\/smpolaniec.com.pl\/smpolaniec\/membership-login\/password-reset-2\/\" \/>\n<meta property=\"og:locale\" content=\"pl_PL\" \/>\n<meta property=\"og:type\" content=\"article\" \/>\n<meta property=\"og:title\" content=\"Ustawianie nowego has\u0142a - smpolaniec.com.pl\" \/>\n<meta property=\"og:url\" content=\"https:\/\/smpolaniec.com.pl\/smpolaniec\/membership-login\/password-reset-2\/\" \/>\n<meta property=\"og:site_name\" content=\"smpolaniec.com.pl\" \/>\n<meta name=\"twitter:card\" content=\"summary_large_image\" \/>\n<script type=\"application\/ld+json\" class=\"yoast-schema-graph\">{\"@context\":\"https:\/\/schema.org\",\"@graph\":[{\"@type\":\"WebPage\",\"@id\":\"https:\/\/smpolaniec.com.pl\/smpolaniec\/membership-login\/password-reset-2\/\",\"url\":\"https:\/\/smpolaniec.com.pl\/smpolaniec\/membership-login\/password-reset-2\/\",\"name\":\"Ustawianie nowego has\u0142a - smpolaniec.com.pl\",\"isPartOf\":{\"@id\":\"http:\/\/smpolaniec.com.pl\/smpolaniec\/#website\"},\"datePublished\":\"2021-12-07T14:34:48+00:00\",\"dateModified\":\"2021-12-07T14:34:48+00:00\",\"breadcrumb\":{\"@id\":\"https:\/\/smpolaniec.com.pl\/smpolaniec\/membership-login\/password-reset-2\/#breadcrumb\"},\"inLanguage\":\"pl-PL\",\"potentialAction\":[{\"@type\":\"ReadAction\",\"target\":[\"https:\/\/smpolaniec.com.pl\/smpolaniec\/membership-login\/password-reset-2\/\"]}]},{\"@type\":\"BreadcrumbList\",\"@id\":\"https:\/\/smpolaniec.com.pl\/smpolaniec\/membership-login\/password-reset-2\/#breadcrumb\",\"itemListElement\":[{\"@type\":\"ListItem\",\"position\":1,\"name\":\"Strona g\u0142\u00f3wna\",\"item\":\"https:\/\/smpolaniec.com.pl\/smpolaniec\/\"},{\"@type\":\"ListItem\",\"position\":2,\"name\":\"Zaloguj si\u0119\",\"item\":\"https:\/\/smpolaniec.com.pl\/smpolaniec\/membership-login\/\"},{\"@type\":\"ListItem\",\"position\":3,\"name\":\"Ustawianie nowego has\u0142a\"}]},{\"@type\":\"WebSite\",\"@id\":\"http:\/\/smpolaniec.com.pl\/smpolaniec\/#website\",\"url\":\"http:\/\/smpolaniec.com.pl\/smpolaniec\/\",\"name\":\"smpolaniec.com.pl\",\"description\":\"Sp\u00f3\u0142dzielnia Mieszkaniowa Po\u0142aniec\",\"potentialAction\":[{\"@type\":\"SearchAction\",\"target\":{\"@type\":\"EntryPoint\",\"urlTemplate\":\"http:\/\/smpolaniec.com.pl\/smpolaniec\/?s={search_term_string}\"},\"query-input\":\"required name=search_term_string\"}],\"inLanguage\":\"pl-PL\"}]}<\/script>\n<!-- \/ Yoast SEO plugin. -->","yoast_head_json":{"title":"Ustawianie nowego has\u0142a - smpolaniec.com.pl","robots":{"index":"index","follow":"follow","max-snippet":"max-snippet:-1","max-image-preview":"max-image-preview:large","max-video-preview":"max-video-preview:-1"},"canonical":"https:\/\/smpolaniec.com.pl\/smpolaniec\/membership-login\/password-reset-2\/","og_locale":"pl_PL","og_type":"article","og_title":"Ustawianie nowego has\u0142a - smpolaniec.com.pl","og_url":"https:\/\/smpolaniec.com.pl\/smpolaniec\/membership-login\/password-reset-2\/","og_site_name":"smpolaniec.com.pl","twitter_card":"summary_large_image","schema":{"@context":"https:\/\/schema.org","@graph":[{"@type":"WebPage","@id":"https:\/\/smpolaniec.com.pl\/smpolaniec\/membership-login\/password-reset-2\/","url":"https:\/\/smpolaniec.com.pl\/smpolaniec\/membership-login\/password-reset-2\/","name":"Ustawianie nowego has\u0142a - smpolaniec.com.pl","isPartOf":{"@id":"http:\/\/smpolaniec.com.pl\/smpolaniec\/#website"},"datePublished":"2021-12-07T14:34:48+00:00","dateModified":"2021-12-07T14:34:48+00:00","breadcrumb":{"@id":"https:\/\/smpolaniec.com.pl\/smpolaniec\/membership-login\/password-reset-2\/#breadcrumb"},"inLanguage":"pl-PL","potentialAction":[{"@type":"ReadAction","target":["https:\/\/smpolaniec.com.pl\/smpolaniec\/membership-login\/password-reset-2\/"]}]},{"@type":"BreadcrumbList","@id":"https:\/\/smpolaniec.com.pl\/smpolaniec\/membership-login\/password-reset-2\/#breadcrumb","itemListElement":[{"@type":"ListItem","position":1,"name":"Strona g\u0142\u00f3wna","item":"https:\/\/smpolaniec.com.pl\/smpolaniec\/"},{"@type":"ListItem","position":2,"name":"Zaloguj si\u0119","item":"https:\/\/smpolaniec.com.pl\/smpolaniec\/membership-login\/"},{"@type":"ListItem","position":3,"name":"Ustawianie nowego has\u0142a"}]},{"@type":"WebSite","@id":"http:\/\/smpolaniec.com.pl\/smpolaniec\/#website","url":"http:\/\/smpolaniec.com.pl\/smpolaniec\/","name":"smpolaniec.com.pl","description":"Sp\u00f3\u0142dzielnia Mieszkaniowa Po\u0142aniec","potentialAction":[{"@type":"SearchAction","target":{"@type":"EntryPoint","urlTemplate":"http:\/\/smpolaniec.com.pl\/smpolaniec\/?s={search_term_string}"},"query-input":"required name=search_term_string"}],"inLanguage":"pl-PL"}]}},"_links":{"self":[{"href":"https:\/\/smpolaniec.com.pl\/smpolaniec\/wp-json\/wp\/v2\/pages\/1466"}],"collection":[{"href":"https:\/\/smpolaniec.com.pl\/smpolaniec\/wp-json\/wp\/v2\/pages"}],"about":[{"href":"https:\/\/smpolaniec.com.pl\/smpolaniec\/wp-json\/wp\/v2\/types\/page"}],"author":[{"embeddable":true,"href":"https:\/\/smpolaniec.com.pl\/smpolaniec\/wp-json\/wp\/v2\/users\/11"}],"replies":[{"embeddable":true,"href":"https:\/\/smpolaniec.com.pl\/smpolaniec\/wp-json\/wp\/v2\/comments?post=1466"}],"version-history":[{"count":0,"href":"https:\/\/smpolaniec.com.pl\/smpolaniec\/wp-json\/wp\/v2\/pages\/1466\/revisions"}],"up":[{"embeddable":true,"href":"https:\/\/smpolaniec.com.pl\/smpolaniec\/wp-json\/wp\/v2\/pages\/404"}],"wp:attachment":[{"href":"https:\/\/smpolaniec.com.pl\/smpolaniec\/wp-json\/wp\/v2\/media?parent=1466"}],"curies":[{"name":"wp","href":"https:\/\/api.w.org\/{rel}","templated":true}]}}