{"id":292,"date":"2020-02-15T00:50:40","date_gmt":"2020-02-14T23:50:40","guid":{"rendered":"http:\/\/smpolaniec.com.pl\/smpolaniec\/?page_id=292"},"modified":"2025-07-28T07:43:38","modified_gmt":"2025-07-28T05:43:38","slug":"kontakt","status":"publish","type":"page","link":"https:\/\/smpolaniec.com.pl\/smpolaniec\/kontakt\/","title":{"rendered":"Kontakt"},"content":{"rendered":"\t\t<div data-elementor-type=\"wp-page\" data-elementor-id=\"292\" class=\"elementor elementor-292\">\n\t\t\t\t\t\t<section class=\"elementor-section elementor-top-section elementor-element elementor-element-5e3dc35c elementor-section-boxed elementor-section-height-default elementor-section-height-default\" data-id=\"5e3dc35c\" data-element_type=\"section\">\n\t\t\t\t\t\t<div class=\"elementor-container elementor-column-gap-default\">\n\t\t\t\t\t<div class=\"elementor-column elementor-col-100 elementor-top-column elementor-element elementor-element-5c9c84ca\" data-id=\"5c9c84ca\" data-element_type=\"column\">\n\t\t\t<div class=\"elementor-widget-wrap elementor-element-populated\">\n\t\t\t\t\t\t<div class=\"elementor-element elementor-element-7b45c330 elementor-widget elementor-widget-text-editor\" data-id=\"7b45c330\" data-element_type=\"widget\" data-widget_type=\"text-editor.default\">\n\t\t\t\t<div class=\"elementor-widget-container\">\n\t\t\t\t\t\t\t<p><!-- wp:table --><\/p>\n<figure>\n<table style=\"height: 595px;\" width=\"507\">\n<tbody>\n<tr>\n<td>\u00a0<\/td>\n<td><strong>telefon<\/strong><\/td>\n<td><strong>\u00a0fax<\/strong><\/td>\n<td><strong>e-mail<\/strong>\u00a0<\/td>\n<\/tr>\n<tr>\n<td>\u00a0Prezes Zarz\u0105du<\/td>\n<td>15 8650 290<\/td>\n<td>\u00a0<\/td>\n<td>\u00a0<\/td>\n<\/tr>\n<tr>\n<td>\u00a0Sekretariat<\/td>\n<td>15 8650 290<\/td>\n<td>15 8650 290<\/td>\n<td>sekretariat@smpolaniec.com.pl<\/td>\n<\/tr>\n<tr>\n<td>\u00a0Dzia\u0142 Organizacyjny<\/td>\n<td>15 8650 290<\/td>\n<td>\u00a0<\/td>\n<td>\u00a0<\/td>\n<\/tr>\n<tr>\n<td>\u00a0Dzia\u0142 Cz\u0142onkowski<\/td>\n<td>15 8650 290<\/td>\n<td>\u00a0<\/td>\n<td>\u00a0<\/td>\n<\/tr>\n<tr>\n<td>\u00a0Ksi\u0119gowo\u015b\u0107 &#8211; kasa<\/td>\n<td>15 8655 330<\/td>\n<td>\u00a0<\/td>\n<td>\u00a0<\/td>\n<\/tr>\n<tr>\n<td>\u00a0Gospodarka Zasobami<\/td>\n<td>15 8651 605<\/td>\n<td>\u00a0<\/td>\n<td>\u00a0<\/td>\n<\/tr>\n<tr>\n<td>\u00a0Telewizja Kablowa<\/td>\n<td>15 8650 299<\/td>\n<td>\u00a0<\/td>\n<td>\u00a0<\/td>\n<\/tr>\n<tr>\n<td>\u00a0Dzia\u0142 Techniczny<\/td>\n<td>15 8650 299<\/td>\n<td>\u00a0<\/td>\n<td>\u00a0<\/td>\n<\/tr>\n<\/tbody>\n<\/table>\n<\/figure>\n<p><!-- \/wp:table --><\/p>\t\t\t\t\t\t<\/div>\n\t\t\t\t<\/div>\n\t\t\t\t\t<\/div>\n\t\t<\/div>\n\t\t\t\t\t<\/div>\n\t\t<\/section>\n\t\t\t\t<\/div>\n\t\t","protected":false},"excerpt":{"rendered":"<p>\u00a0 telefon \u00a0fax e-mail\u00a0 \u00a0Prezes Zarz\u0105du 15 8650 290 \u00a0 \u00a0 \u00a0Sekretariat 15 8650 290 15 8650 290 sekretariat@smpolaniec.com.pl \u00a0Dzia\u0142 Organizacyjny 15 8650 290 \u00a0 \u00a0 \u00a0Dzia\u0142 Cz\u0142onkowski 15 8650 290 \u00a0 \u00a0 \u00a0Ksi\u0119gowo\u015b\u0107 &#8211; kasa 15 8655 330 \u00a0 \u00a0 \u00a0Gospodarka Zasobami 15 8651 605 \u00a0 \u00a0 \u00a0Telewizja Kablowa 15 8650 299 \u00a0 \u00a0 &#8230; <a title=\"Kontakt\" class=\"read-more\" href=\"https:\/\/smpolaniec.com.pl\/smpolaniec\/kontakt\/\" aria-label=\"Read more about Kontakt\">Dowiedz si\u0119 wi\u0119cej<\/a><\/p>\n","protected":false},"author":11,"featured_media":0,"parent":0,"menu_order":0,"comment_status":"closed","ping_status":"closed","template":"","meta":{"_acf_changed":false,"footnotes":""},"acf":[],"yoast_head":"<!-- This site is optimized with the Yoast SEO plugin v22.8 - https:\/\/yoast.com\/wordpress\/plugins\/seo\/ -->\n<title>Kontakt - smpolaniec.com.pl<\/title>\n<meta name=\"robots\" content=\"index, follow, max-snippet:-1, max-image-preview:large, max-video-preview:-1\" \/>\n<link rel=\"canonical\" href=\"https:\/\/smpolaniec.com.pl\/smpolaniec\/kontakt\/\" \/>\n<meta property=\"og:locale\" content=\"pl_PL\" \/>\n<meta property=\"og:type\" content=\"article\" \/>\n<meta property=\"og:title\" content=\"Kontakt - smpolaniec.com.pl\" \/>\n<meta property=\"og:description\" content=\"\u00a0 telefon \u00a0fax e-mail\u00a0 \u00a0Prezes Zarz\u0105du 15 8650 290 \u00a0 \u00a0 \u00a0Sekretariat 15 8650 290 15 8650 290 sekretariat@smpolaniec.com.pl \u00a0Dzia\u0142 Organizacyjny 15 8650 290 \u00a0 \u00a0 \u00a0Dzia\u0142 Cz\u0142onkowski 15 8650 290 \u00a0 \u00a0 \u00a0Ksi\u0119gowo\u015b\u0107 &#8211; kasa 15 8655 330 \u00a0 \u00a0 \u00a0Gospodarka Zasobami 15 8651 605 \u00a0 \u00a0 \u00a0Telewizja Kablowa 15 8650 299 \u00a0 \u00a0 ... Dowiedz si\u0119 wi\u0119cej\" \/>\n<meta property=\"og:url\" content=\"https:\/\/smpolaniec.com.pl\/smpolaniec\/kontakt\/\" \/>\n<meta property=\"og:site_name\" content=\"smpolaniec.com.pl\" \/>\n<meta property=\"article:modified_time\" content=\"2025-07-28T05:43:38+00:00\" \/>\n<meta name=\"twitter:card\" content=\"summary_large_image\" \/>\n<meta name=\"twitter:label1\" content=\"Szacowany czas czytania\" \/>\n\t<meta name=\"twitter:data1\" content=\"1 minuta\" \/>\n<script type=\"application\/ld+json\" class=\"yoast-schema-graph\">{\"@context\":\"https:\/\/schema.org\",\"@graph\":[{\"@type\":\"WebPage\",\"@id\":\"https:\/\/smpolaniec.com.pl\/smpolaniec\/kontakt\/\",\"url\":\"https:\/\/smpolaniec.com.pl\/smpolaniec\/kontakt\/\",\"name\":\"Kontakt - smpolaniec.com.pl\",\"isPartOf\":{\"@id\":\"http:\/\/smpolaniec.com.pl\/smpolaniec\/#website\"},\"datePublished\":\"2020-02-14T23:50:40+00:00\",\"dateModified\":\"2025-07-28T05:43:38+00:00\",\"breadcrumb\":{\"@id\":\"https:\/\/smpolaniec.com.pl\/smpolaniec\/kontakt\/#breadcrumb\"},\"inLanguage\":\"pl-PL\",\"potentialAction\":[{\"@type\":\"ReadAction\",\"target\":[\"https:\/\/smpolaniec.com.pl\/smpolaniec\/kontakt\/\"]}]},{\"@type\":\"BreadcrumbList\",\"@id\":\"https:\/\/smpolaniec.com.pl\/smpolaniec\/kontakt\/#breadcrumb\",\"itemListElement\":[{\"@type\":\"ListItem\",\"position\":1,\"name\":\"Strona g\u0142\u00f3wna\",\"item\":\"https:\/\/smpolaniec.com.pl\/smpolaniec\/\"},{\"@type\":\"ListItem\",\"position\":2,\"name\":\"Kontakt\"}]},{\"@type\":\"WebSite\",\"@id\":\"http:\/\/smpolaniec.com.pl\/smpolaniec\/#website\",\"url\":\"http:\/\/smpolaniec.com.pl\/smpolaniec\/\",\"name\":\"smpolaniec.com.pl\",\"description\":\"Sp\u00f3\u0142dzielnia Mieszkaniowa Po\u0142aniec\",\"potentialAction\":[{\"@type\":\"SearchAction\",\"target\":{\"@type\":\"EntryPoint\",\"urlTemplate\":\"http:\/\/smpolaniec.com.pl\/smpolaniec\/?s={search_term_string}\"},\"query-input\":\"required name=search_term_string\"}],\"inLanguage\":\"pl-PL\"}]}<\/script>\n<!-- \/ Yoast SEO plugin. -->","yoast_head_json":{"title":"Kontakt - smpolaniec.com.pl","robots":{"index":"index","follow":"follow","max-snippet":"max-snippet:-1","max-image-preview":"max-image-preview:large","max-video-preview":"max-video-preview:-1"},"canonical":"https:\/\/smpolaniec.com.pl\/smpolaniec\/kontakt\/","og_locale":"pl_PL","og_type":"article","og_title":"Kontakt - smpolaniec.com.pl","og_description":"\u00a0 telefon \u00a0fax e-mail\u00a0 \u00a0Prezes Zarz\u0105du 15 8650 290 \u00a0 \u00a0 \u00a0Sekretariat 15 8650 290 15 8650 290 sekretariat@smpolaniec.com.pl \u00a0Dzia\u0142 Organizacyjny 15 8650 290 \u00a0 \u00a0 \u00a0Dzia\u0142 Cz\u0142onkowski 15 8650 290 \u00a0 \u00a0 \u00a0Ksi\u0119gowo\u015b\u0107 &#8211; kasa 15 8655 330 \u00a0 \u00a0 \u00a0Gospodarka Zasobami 15 8651 605 \u00a0 \u00a0 \u00a0Telewizja Kablowa 15 8650 299 \u00a0 \u00a0 ... Dowiedz si\u0119 wi\u0119cej","og_url":"https:\/\/smpolaniec.com.pl\/smpolaniec\/kontakt\/","og_site_name":"smpolaniec.com.pl","article_modified_time":"2025-07-28T05:43:38+00:00","twitter_card":"summary_large_image","twitter_misc":{"Szacowany czas czytania":"1 minuta"},"schema":{"@context":"https:\/\/schema.org","@graph":[{"@type":"WebPage","@id":"https:\/\/smpolaniec.com.pl\/smpolaniec\/kontakt\/","url":"https:\/\/smpolaniec.com.pl\/smpolaniec\/kontakt\/","name":"Kontakt - smpolaniec.com.pl","isPartOf":{"@id":"http:\/\/smpolaniec.com.pl\/smpolaniec\/#website"},"datePublished":"2020-02-14T23:50:40+00:00","dateModified":"2025-07-28T05:43:38+00:00","breadcrumb":{"@id":"https:\/\/smpolaniec.com.pl\/smpolaniec\/kontakt\/#breadcrumb"},"inLanguage":"pl-PL","potentialAction":[{"@type":"ReadAction","target":["https:\/\/smpolaniec.com.pl\/smpolaniec\/kontakt\/"]}]},{"@type":"BreadcrumbList","@id":"https:\/\/smpolaniec.com.pl\/smpolaniec\/kontakt\/#breadcrumb","itemListElement":[{"@type":"ListItem","position":1,"name":"Strona g\u0142\u00f3wna","item":"https:\/\/smpolaniec.com.pl\/smpolaniec\/"},{"@type":"ListItem","position":2,"name":"Kontakt"}]},{"@type":"WebSite","@id":"http:\/\/smpolaniec.com.pl\/smpolaniec\/#website","url":"http:\/\/smpolaniec.com.pl\/smpolaniec\/","name":"smpolaniec.com.pl","description":"Sp\u00f3\u0142dzielnia Mieszkaniowa Po\u0142aniec","potentialAction":[{"@type":"SearchAction","target":{"@type":"EntryPoint","urlTemplate":"http:\/\/smpolaniec.com.pl\/smpolaniec\/?s={search_term_string}"},"query-input":"required name=search_term_string"}],"inLanguage":"pl-PL"}]}},"_links":{"self":[{"href":"https:\/\/smpolaniec.com.pl\/smpolaniec\/wp-json\/wp\/v2\/pages\/292"}],"collection":[{"href":"https:\/\/smpolaniec.com.pl\/smpolaniec\/wp-json\/wp\/v2\/pages"}],"about":[{"href":"https:\/\/smpolaniec.com.pl\/smpolaniec\/wp-json\/wp\/v2\/types\/page"}],"author":[{"embeddable":true,"href":"https:\/\/smpolaniec.com.pl\/smpolaniec\/wp-json\/wp\/v2\/users\/11"}],"replies":[{"embeddable":true,"href":"https:\/\/smpolaniec.com.pl\/smpolaniec\/wp-json\/wp\/v2\/comments?post=292"}],"version-history":[{"count":44,"href":"https:\/\/smpolaniec.com.pl\/smpolaniec\/wp-json\/wp\/v2\/pages\/292\/revisions"}],"predecessor-version":[{"id":2355,"href":"https:\/\/smpolaniec.com.pl\/smpolaniec\/wp-json\/wp\/v2\/pages\/292\/revisions\/2355"}],"wp:attachment":[{"href":"https:\/\/smpolaniec.com.pl\/smpolaniec\/wp-json\/wp\/v2\/media?parent=292"}],"curies":[{"name":"wp","href":"https:\/\/api.w.org\/{rel}","templated":true}]}}