{"id":3,"date":"2020-02-08T00:51:36","date_gmt":"2020-02-07T23:51:36","guid":{"rendered":"http:\/\/smpolaniec.com.pl\/smpolaniec\/?page_id=3"},"modified":"2020-02-17T16:14:11","modified_gmt":"2020-02-17T15:14:11","slug":"polityka-prywatnosci","status":"publish","type":"page","link":"https:\/\/smpolaniec.com.pl\/smpolaniec\/polityka-prywatnosci\/","title":{"rendered":"Polityka prywatno\u015bci &#038; cookies"},"content":{"rendered":"\n<p>Ten dokument jest tej samej wagi, jak klauzula informacyjna o przetwarzaniu danych osobowych.  Przed korzystaniem z serwisu oraz podawania w nim jakichkolwiek swoich danych osobowych, prosimy o absolutne zapoznanie si\u0119 z Klauzul\u0105 informacyjn\u0105 o przetwarzaniu danych osobwych: <a href=\"http:\/\/smpolaniec.com.pl\/smpolaniec\/klauzula-informacyjna-o-przetwarzaniu-danych-osobowych\/\">http:\/\/smpolaniec.com.pl\/smpolaniec\/klauzula-informacyjna-o-przetwarzaniu-danych-osobowych\/<\/a> <\/p>\n\n\n\n<p><\/p>\n\n\n\n<p><strong>1. Informacje og\u00f3lne.<\/strong><\/p>\n\n\n\n<ol><li> Administratorem Pani\/Pana danych osobowych jest Sp\u00f3\u0142dzielnia Mieszkaniowa Po\u0142aniec, z siedzib\u0105 w 28-230 Po\u0142aniec, ul. Hugona Ko\u0142\u0142\u0105taja 1\/5A, o adresie email: sekretariat@smpolaniec.com.pl, nr tel:  (015) 8650290 .  <\/li><li>Serwis realizuje funkcje pozyskiwania informacji o u\u017cytkownikach i ich zachowaniu<br>w nast\u0119puj\u0105cy spos\u00f3b:<ol><li>Poprzez dobrowolnie wprowadzone w formularzach informacje.<\/li><li>Poprzez zapisywanie w urz\u0105dzeniach ko\u0144cowych pliki cookie (tzw. \u201eciasteczka\u201d).<\/li><li>Poprzez gromadzenie log\u00f3w serwera www przez operatora hostingowego czajen.pl, funkcjonuj\u0105cego pod adresem\u00a0<a href=\"https:\/\/czajen.pl\/\">https:\/\/czajen.pl\/<\/a><\/li><\/ol><\/li><\/ol>\n\n\n\n<p><strong>2. Informacje w formularzach.<\/strong><\/p>\n\n\n\n<ol><li> Dane osobowe b\u0119d\u0105 przetwarzane na podstawie art. 6 ust.1 lit. c) i f) RODO w celu wype\u0142nienia obowi\u0105zku prawnego ci\u0105\u017c\u0105cego na administratorze, realizacji zada\u0144 ustawowych i statutowych oraz do cel\u00f3w wynikaj\u0105cych z prawnie\u00a0 uzasadnionych interes\u00f3w realizowanych przez administratora lub przez stron\u0119 trzeci\u0105.                  Dane jakie b\u0119d\u0105 przetwarzane niezb\u0119dne s\u0105 przede wszystkim do rejestracji na stronie i mo\u017cliwo\u015bci logowania jako lokator wsp\u00f3\u0142dzielni, a tak\u017ce dost\u0119pu do niekt\u00f3rych zak\u0142adek i informacji zawartych na stronie smpolaniec.com.pl.               Dane s\u0105 przetwarzane na potrzeby rejestracji i logowania do systemu EBOK smpolaniec.com.pl, a tak\u017ce na potrzeby formularzy kontaktowych oraz tych do zg\u0142aszania awarii, usterek, sugestii oraz zapyta\u0144, oraz do odpowiedzi na pytania zadane przez u\u017cytkownik\u00f3w strony smpolaniec.com.pl. <\/li><li>Podanie danych jest dobrowolne, lecz niezb\u0119dne do rejestracji oraz wys\u0142ania formularzy kontaktowych. Je\u015bli nie chc\u0105 Pa\u0144stwo podawa\u0107 \u017cadnych danych osobowych, prosimy o niekorzystanie z formularza rejestracji oraz formularzy kontaktowych.  <\/li><li>Serwis mo\u017ce zapisa\u0107 ponadto informacje o parametrach po\u0142\u0105czenia (oznaczenie czasu, adres IP)<\/li><li>Dane w formularzu nie s\u0105 udost\u0119pniane podmiotom trzecim inaczej, ni\u017c za zgod\u0105 u\u017cytkownika.<\/li><li>Dane podane w formularzu s\u0105 przetwarzane w celu wynikaj\u0105cym z funkcji konkretnego formularza, np w celu dokonania procesu obs\u0142ugi zg\u0142oszenia serwisowego, odpowiedzi na zadane pytanie, a tak\u017ce do rejestracji nowego u\u017cytkownika (lokatora), oraz nadania mu dost\u0119pu do informacji i dokument\u00f3w uwa\u017canych przez Sp\u00f3\u0142dzielni\u0119 za poufne.<\/li><li>Dane podane w formularzach mog\u0105 by\u0107 przekazane podmiotom technicznie realizuj\u0105cym niekt\u00f3re us\u0142ugi \u2013 w szczeg\u00f3lno\u015bci dotyczy to przekazywania informacji o posiadaczu rejestrowanej domeny do podmiot\u00f3w b\u0119d\u0105cych operatorami domen internetowych, serwis\u00f3w obs\u0142uguj\u0105cych p\u0142atno\u015bci lub te\u017c innych podmiot\u00f3w, z kt\u00f3rymi Operator Serwisu w tym zakresie wsp\u00f3\u0142pracuje, oraz podmiotom,kt\u00f3re wyka\u017c\u0105 prawnie uzasadnione interesy. <\/li><\/ol>\n\n\n\n<p><strong>3. Informacja o plikach cookies.<\/strong><\/p>\n\n\n\n<ol><li>Serwis korzysta z plik\u00f3w cookies.<\/li><li>Pliki cookies (tzw. \u201eciasteczka\u201d) stanowi\u0105 dane informatyczne, w szczeg\u00f3lno\u015bci pliki tekstowe, kt\u00f3re przechowywane s\u0105 w urz\u0105dzeniu ko\u0144cowym U\u017cytkownika Serwisu i przeznaczone s\u0105 do korzystania ze stron internetowych Serwisu. Cookies zazwyczaj zawieraj\u0105 nazw\u0119 strony internetowej, z kt\u00f3rej pochodz\u0105, czas przechowywania ich na urz\u0105dzeniu ko\u0144cowym oraz unikalny numer.<\/li><li>Podmiotem zamieszczaj\u0105cym na urz\u0105dzeniu ko\u0144cowym U\u017cytkownika Serwisu pliki cookies oraz uzyskuj\u0105cym do nich dost\u0119p jest operator Serwisu.<\/li><li>Pliki cookies wykorzystywane s\u0105 w nast\u0119puj\u0105cych celach:<ol><li>tworzenia statystyk, kt\u00f3re pomagaj\u0105 zrozumie\u0107, w jaki spos\u00f3b U\u017cytkownicy Serwisu korzystaj\u0105 ze stron internetowych, co umo\u017cliwia ulepszanie ich struktury i zawarto\u015bci;<\/li><li>utrzymanie sesji U\u017cytkownika Serwisu (po zalogowaniu), dzi\u0119ki kt\u00f3rej U\u017cytkownik nie musi na ka\u017cdej podstronie Serwisu ponownie wpisywa\u0107 loginu i has\u0142a;<\/li><li>okre\u015blania profilu u\u017cytkownika w celu wy\u015bwietlania mu dopasowanych materia\u0142\u00f3w w sieciach reklamowych, w szczeg\u00f3lno\u015bci sieci Google.<\/li><\/ol><\/li><li>W ramach Serwisu stosowane s\u0105 dwa zasadnicze rodzaje plik\u00f3w cookies: \u201esta\u0142e\u201d (necessary cookies), kt\u00f3re zapewniaj\u0105 optymalne dzia\u0142anie strony oraz zapewniaj\u0105 bezpiecze\u0144stwo samej stronie, oraz jej u\u017cytkownikom, oraz \u201esesyjne\u201d (non-necessary cookies). Cookies \u201esesyjne\u201d s\u0105 plikami tymczasowymi, kt\u00f3re przechowywane s\u0105 w urz\u0105dzeniu ko\u0144cowym U\u017cytkownika do czasu wylogowania, opuszczenia strony internetowej lub wy\u0142\u0105czenia oprogramowania (przegl\u0105darki internetowej), oraz s\u0105 wykorzystywane do zapami\u0119tania login\u00f3w i hase\u0142 danego u\u017cytkownika, zapami\u0119tania preferencji wy\u015bwietlania strony oraz analizy ruchu na stronie, oraz poszczeg\u00f3lnych jej elementach. \u201eSta\u0142e\u201d pliki cookies przechowywane s\u0105 w urz\u0105dzeniu ko\u0144cowym U\u017cytkownika przez czas okre\u015blony w parametrach plik\u00f3w cookies lub do czasu ich usuni\u0119cia przez U\u017cytkownika.<\/li><li>Oprogramowanie do przegl\u0105dania stron internetowych (przegl\u0105darka internetowa) zazwyczaj domy\u015blnie dopuszcza przechowywanie plik\u00f3w cookies w urz\u0105dzeniu ko\u0144cowym U\u017cytkownika. U\u017cytkownicy Serwisu mog\u0105 dokona\u0107 zmiany ustawie\u0144 w tym zakresie. Przegl\u0105darka internetowa umo\u017cliwia usuni\u0119cie plik\u00f3w cookies. Mo\u017cliwe jest tak\u017ce automatyczne blokowanie plik\u00f3w cookies Szczeg\u00f3\u0142owe informacje na ten temat zawiera pomoc lub dokumentacja przegl\u0105darki internetowej.<\/li><li>Ograniczenia stosowania plik\u00f3w cookies mog\u0105 wp\u0142yn\u0105\u0107 na niekt\u00f3re funkcjonalno\u015bci dost\u0119pne na stronie internetowej smpolaniec.com.pl. <\/li><li>Pliki cookies zamieszczane w urz\u0105dzeniu ko\u0144cowym U\u017cytkownika Serwisu i wykorzystywane mog\u0105 by\u0107 r\u00f3wnie\u017c przez wsp\u00f3\u0142pracuj\u0105cych z operatorem Serwisu partner\u00f3w, w tym dostawcy us\u0142ug internetowych i serwer\u00f3w.<\/li><li>Zalecamy przeczytanie polityki ochrony prywatno\u015bci tych firm, aby pozna\u0107 zasady korzystania z plik\u00f3w cookie wykorzystywane w statystykach:\u00a0<a href=\"http:\/\/www.google.pl\/intl\/pl\/analytics\/privacyoverview.html\">Polityka ochrony prywatno\u015bci Google Analytics<\/a><\/li><li>Pliki cookie mog\u0105 by\u0107 wykorzystane przez sieci reklamowe, w szczeg\u00f3lno\u015bci sie\u0107 Google, do wy\u015bwietlenia reklam dopasowanych do sposobu, w jaki u\u017cytkownik korzysta z Serwisu. W tym celu mog\u0105 zachowa\u0107 informacj\u0119 o \u015bcie\u017cce nawigacji u\u017cytkownika lub czasie pozostawania na danej stronie.<\/li><li>W zakresie informacji o preferencjach u\u017cytkownika gromadzonych przez sie\u0107 reklamow\u0105 Google u\u017cytkownik mo\u017ce przegl\u0105da\u0107 i edytowa\u0107 informacje wynikaj\u0105ce z plik\u00f3w cookies przy pomocy narz\u0119dzia:\u00a0<a href=\"https:\/\/www.google.com\/ads\/preferences\/\">https:\/\/www.google.com\/ads\/preferences\/<\/a><\/li><\/ol>\n\n\n\n<p>&nbsp;<strong>4. Logi serwera.<\/strong><\/p>\n\n\n\n<ol><li>Informacje o niekt\u00f3rych zachowaniach u\u017cytkownik\u00f3w podlegaj\u0105 logowaniu w warstwie serwerowej. Dane te s\u0105 wykorzystywane wy\u0142\u0105cznie w celu administrowania serwisem oraz w celu zapewnienia jak najbardziej sprawnej obs\u0142ugi \u015bwiadczonych us\u0142ug hostingowych.<\/li><li>Przegl\u0105dane zasoby identyfikowane s\u0105 poprzez adresy URL. Ponadto zapisowi mog\u0105 podlega\u0107:<ol><li>czas nadej\u015bcia zapytania,<\/li><li>czas wys\u0142ania odpowiedzi,<\/li><li>nazw\u0119 stacji klienta \u2013 identyfikacja realizowana przez protok\u00f3\u0142 HTTP,<\/li><li>informacje o b\u0142\u0119dach jakie nast\u0105pi\u0142y przy realizacji transakcji HTTP,<\/li><li>adres URL strony poprzednio odwiedzanej przez u\u017cytkownika (referer link) \u2013 w przypadku gdy przej\u015bcie do Serwisu nast\u0105pi\u0142o przez odno\u015bnik,<\/li><li>informacje o przegl\u0105darce u\u017cytkownika,<\/li><li>Informacje o adresie IP.<\/li><\/ol><\/li><li>Dane powy\u017csze nie s\u0105 kojarzone z konkretnymi osobami przegl\u0105daj\u0105cymi strony.<\/li><li>Dane powy\u017csze s\u0105 wykorzystywane jedynie dla cel\u00f3w administrowania serwerem.<\/li><\/ol>\n\n\n\n<p><strong>5. Udost\u0119pnienie danych.<\/strong><\/p>\n\n\n\n<ol><li>Dane podlegaj\u0105 udost\u0119pnieniu podmiotom zewn\u0119trznym wy\u0142\u0105cznie w granicach prawnie dozwolonych.<\/li><li>Dane umo\u017cliwiaj\u0105ce identyfikacj\u0119 osoby fizycznej s\u0105 udost\u0119pniane wy\u0142\u0105czenie za zgod\u0105 tej osoby.<\/li><li>Operator mo\u017ce mie\u0107 obowi\u0105zek udzielania informacji zebranych przez Serwis upowa\u017cnionym organom na podstawie zgodnych z prawem \u017c\u0105da\u0144 w zakresie wynikaj\u0105cym z \u017c\u0105dania.<\/li><\/ol>\n\n\n\n<p>&nbsp;<strong>6. Zarz\u0105dzanie plikami cookies \u2013 jak w praktyce wyra\u017ca\u0107 i cofa\u0107 zgod\u0119?<\/strong><\/p>\n\n\n\n<ol><li>Je\u015bli u\u017cytkownik nie chce otrzymywa\u0107 plik\u00f3w cookies, mo\u017ce zmieni\u0107 ustawienia przegl\u0105darki. Zastrzegamy, \u017ce wy\u0142\u0105czenie obs\u0142ugi plik\u00f3w cookies niezb\u0119dnych dla proces\u00f3w uwierzytelniania, bezpiecze\u0144stwa, utrzymania preferencji u\u017cytkownika mo\u017ce utrudni\u0107, a w skrajnych przypadkach mo\u017ce uniemo\u017cliwi\u0107 korzystanie ze stron www<\/li><li>W celu zarz\u0105dzania ustawieniami cookies wybierz z listy poni\u017cej przegl\u0105dark\u0119 internetow\u0105\/ system i post\u0119puj zgodnie z instrukcjami:<\/li><li>U\u017cytkownik mo\u017ce tak\u017ce dokona\u0107 w ka\u017cdym czasie zmiany ustawie\u0144 dotycz\u0105cych cookies &#8211; poprzez klikni\u0119cie przycisku &#8222;Polityka cookie&#8221; w prawym, dolnym rogu ekranu, naci\u015bni\u0119cie przycisku ustawienia cookie, oraz odznaczenie opcji &#8222;Non-necessary&#8221; , lub w ustawieniach Pa\u0144stwa przegl\u0105darki. Nale\u017cy pami\u0119ta\u0107,\u00a0 i\u017c wy\u0142\u0105czenie dodatkowych plik\u00f3w cookies mo\u017ce skutkowa\u0107 gorszymi do\u015bwiadczeniami podczas przegl\u0105dania strony. <\/li><\/ol>\n\n\n\n<p><\/p>\n","protected":false},"excerpt":{"rendered":"<p>Ten dokument jest tej samej wagi, jak klauzula informacyjna o przetwarzaniu danych osobowych. Przed korzystaniem z serwisu oraz podawania w nim jakichkolwiek swoich danych osobowych, prosimy o absolutne zapoznanie si\u0119 z Klauzul\u0105 informacyjn\u0105 o przetwarzaniu danych osobwych: http:\/\/smpolaniec.com.pl\/smpolaniec\/klauzula-informacyjna-o-przetwarzaniu-danych-osobowych\/ 1. Informacje og\u00f3lne. Administratorem Pani\/Pana danych osobowych jest Sp\u00f3\u0142dzielnia Mieszkaniowa Po\u0142aniec, z siedzib\u0105 w 28-230 Po\u0142aniec, ul. &#8230; <a title=\"Polityka prywatno\u015bci &#038; cookies\" class=\"read-more\" href=\"https:\/\/smpolaniec.com.pl\/smpolaniec\/polityka-prywatnosci\/\" aria-label=\"Read more about Polityka prywatno\u015bci &#038; cookies\">Dowiedz si\u0119 wi\u0119cej<\/a><\/p>\n","protected":false},"author":11,"featured_media":0,"parent":0,"menu_order":0,"comment_status":"closed","ping_status":"open","template":"","meta":{"_acf_changed":false,"footnotes":""},"acf":[],"yoast_head":"<!-- This site is optimized with the Yoast SEO plugin v22.8 - https:\/\/yoast.com\/wordpress\/plugins\/seo\/ -->\n<title>Polityka prywatno\u015bci &amp; cookies - smpolaniec.com.pl<\/title>\n<meta name=\"robots\" content=\"index, follow, max-snippet:-1, max-image-preview:large, max-video-preview:-1\" \/>\n<link rel=\"canonical\" href=\"http:\/\/smpolaniec.com.pl\/smpolaniec\/polityka-prywatnosci\/\" \/>\n<meta property=\"og:locale\" content=\"pl_PL\" \/>\n<meta property=\"og:type\" content=\"article\" \/>\n<meta property=\"og:title\" content=\"Polityka prywatno\u015bci &amp; cookies - smpolaniec.com.pl\" \/>\n<meta property=\"og:description\" content=\"Ten dokument jest tej samej wagi, jak klauzula informacyjna o przetwarzaniu danych osobowych. Przed korzystaniem z serwisu oraz podawania w nim jakichkolwiek swoich danych osobowych, prosimy o absolutne zapoznanie si\u0119 z Klauzul\u0105 informacyjn\u0105 o przetwarzaniu danych osobwych: http:\/\/smpolaniec.com.pl\/smpolaniec\/klauzula-informacyjna-o-przetwarzaniu-danych-osobowych\/ 1. Informacje og\u00f3lne. Administratorem Pani\/Pana danych osobowych jest Sp\u00f3\u0142dzielnia Mieszkaniowa Po\u0142aniec, z siedzib\u0105 w 28-230 Po\u0142aniec, ul. ... Dowiedz si\u0119 wi\u0119cej\" \/>\n<meta property=\"og:url\" content=\"http:\/\/smpolaniec.com.pl\/smpolaniec\/polityka-prywatnosci\/\" \/>\n<meta property=\"og:site_name\" content=\"smpolaniec.com.pl\" \/>\n<meta property=\"article:modified_time\" content=\"2020-02-17T15:14:11+00:00\" \/>\n<meta name=\"twitter:card\" content=\"summary_large_image\" \/>\n<meta name=\"twitter:label1\" content=\"Szacowany czas czytania\" \/>\n\t<meta name=\"twitter:data1\" content=\"7 minut\" \/>\n<script type=\"application\/ld+json\" class=\"yoast-schema-graph\">{\"@context\":\"https:\/\/schema.org\",\"@graph\":[{\"@type\":\"WebPage\",\"@id\":\"http:\/\/smpolaniec.com.pl\/smpolaniec\/polityka-prywatnosci\/\",\"url\":\"http:\/\/smpolaniec.com.pl\/smpolaniec\/polityka-prywatnosci\/\",\"name\":\"Polityka prywatno\u015bci & cookies - smpolaniec.com.pl\",\"isPartOf\":{\"@id\":\"http:\/\/smpolaniec.com.pl\/smpolaniec\/#website\"},\"datePublished\":\"2020-02-07T23:51:36+00:00\",\"dateModified\":\"2020-02-17T15:14:11+00:00\",\"breadcrumb\":{\"@id\":\"http:\/\/smpolaniec.com.pl\/smpolaniec\/polityka-prywatnosci\/#breadcrumb\"},\"inLanguage\":\"pl-PL\",\"potentialAction\":[{\"@type\":\"ReadAction\",\"target\":[\"http:\/\/smpolaniec.com.pl\/smpolaniec\/polityka-prywatnosci\/\"]}]},{\"@type\":\"BreadcrumbList\",\"@id\":\"http:\/\/smpolaniec.com.pl\/smpolaniec\/polityka-prywatnosci\/#breadcrumb\",\"itemListElement\":[{\"@type\":\"ListItem\",\"position\":1,\"name\":\"Strona g\u0142\u00f3wna\",\"item\":\"https:\/\/smpolaniec.com.pl\/smpolaniec\/\"},{\"@type\":\"ListItem\",\"position\":2,\"name\":\"Polityka prywatno\u015bci &#038; cookies\"}]},{\"@type\":\"WebSite\",\"@id\":\"http:\/\/smpolaniec.com.pl\/smpolaniec\/#website\",\"url\":\"http:\/\/smpolaniec.com.pl\/smpolaniec\/\",\"name\":\"smpolaniec.com.pl\",\"description\":\"Sp\u00f3\u0142dzielnia Mieszkaniowa Po\u0142aniec\",\"potentialAction\":[{\"@type\":\"SearchAction\",\"target\":{\"@type\":\"EntryPoint\",\"urlTemplate\":\"http:\/\/smpolaniec.com.pl\/smpolaniec\/?s={search_term_string}\"},\"query-input\":\"required name=search_term_string\"}],\"inLanguage\":\"pl-PL\"}]}<\/script>\n<!-- \/ Yoast SEO plugin. -->","yoast_head_json":{"title":"Polityka prywatno\u015bci & cookies - smpolaniec.com.pl","robots":{"index":"index","follow":"follow","max-snippet":"max-snippet:-1","max-image-preview":"max-image-preview:large","max-video-preview":"max-video-preview:-1"},"canonical":"http:\/\/smpolaniec.com.pl\/smpolaniec\/polityka-prywatnosci\/","og_locale":"pl_PL","og_type":"article","og_title":"Polityka prywatno\u015bci & cookies - smpolaniec.com.pl","og_description":"Ten dokument jest tej samej wagi, jak klauzula informacyjna o przetwarzaniu danych osobowych. Przed korzystaniem z serwisu oraz podawania w nim jakichkolwiek swoich danych osobowych, prosimy o absolutne zapoznanie si\u0119 z Klauzul\u0105 informacyjn\u0105 o przetwarzaniu danych osobwych: http:\/\/smpolaniec.com.pl\/smpolaniec\/klauzula-informacyjna-o-przetwarzaniu-danych-osobowych\/ 1. Informacje og\u00f3lne. Administratorem Pani\/Pana danych osobowych jest Sp\u00f3\u0142dzielnia Mieszkaniowa Po\u0142aniec, z siedzib\u0105 w 28-230 Po\u0142aniec, ul. ... Dowiedz si\u0119 wi\u0119cej","og_url":"http:\/\/smpolaniec.com.pl\/smpolaniec\/polityka-prywatnosci\/","og_site_name":"smpolaniec.com.pl","article_modified_time":"2020-02-17T15:14:11+00:00","twitter_card":"summary_large_image","twitter_misc":{"Szacowany czas czytania":"7 minut"},"schema":{"@context":"https:\/\/schema.org","@graph":[{"@type":"WebPage","@id":"http:\/\/smpolaniec.com.pl\/smpolaniec\/polityka-prywatnosci\/","url":"http:\/\/smpolaniec.com.pl\/smpolaniec\/polityka-prywatnosci\/","name":"Polityka prywatno\u015bci & cookies - smpolaniec.com.pl","isPartOf":{"@id":"http:\/\/smpolaniec.com.pl\/smpolaniec\/#website"},"datePublished":"2020-02-07T23:51:36+00:00","dateModified":"2020-02-17T15:14:11+00:00","breadcrumb":{"@id":"http:\/\/smpolaniec.com.pl\/smpolaniec\/polityka-prywatnosci\/#breadcrumb"},"inLanguage":"pl-PL","potentialAction":[{"@type":"ReadAction","target":["http:\/\/smpolaniec.com.pl\/smpolaniec\/polityka-prywatnosci\/"]}]},{"@type":"BreadcrumbList","@id":"http:\/\/smpolaniec.com.pl\/smpolaniec\/polityka-prywatnosci\/#breadcrumb","itemListElement":[{"@type":"ListItem","position":1,"name":"Strona g\u0142\u00f3wna","item":"https:\/\/smpolaniec.com.pl\/smpolaniec\/"},{"@type":"ListItem","position":2,"name":"Polityka prywatno\u015bci &#038; cookies"}]},{"@type":"WebSite","@id":"http:\/\/smpolaniec.com.pl\/smpolaniec\/#website","url":"http:\/\/smpolaniec.com.pl\/smpolaniec\/","name":"smpolaniec.com.pl","description":"Sp\u00f3\u0142dzielnia Mieszkaniowa Po\u0142aniec","potentialAction":[{"@type":"SearchAction","target":{"@type":"EntryPoint","urlTemplate":"http:\/\/smpolaniec.com.pl\/smpolaniec\/?s={search_term_string}"},"query-input":"required name=search_term_string"}],"inLanguage":"pl-PL"}]}},"_links":{"self":[{"href":"https:\/\/smpolaniec.com.pl\/smpolaniec\/wp-json\/wp\/v2\/pages\/3"}],"collection":[{"href":"https:\/\/smpolaniec.com.pl\/smpolaniec\/wp-json\/wp\/v2\/pages"}],"about":[{"href":"https:\/\/smpolaniec.com.pl\/smpolaniec\/wp-json\/wp\/v2\/types\/page"}],"author":[{"embeddable":true,"href":"https:\/\/smpolaniec.com.pl\/smpolaniec\/wp-json\/wp\/v2\/users\/11"}],"replies":[{"embeddable":true,"href":"https:\/\/smpolaniec.com.pl\/smpolaniec\/wp-json\/wp\/v2\/comments?post=3"}],"version-history":[{"count":4,"href":"https:\/\/smpolaniec.com.pl\/smpolaniec\/wp-json\/wp\/v2\/pages\/3\/revisions"}],"predecessor-version":[{"id":334,"href":"https:\/\/smpolaniec.com.pl\/smpolaniec\/wp-json\/wp\/v2\/pages\/3\/revisions\/334"}],"wp:attachment":[{"href":"https:\/\/smpolaniec.com.pl\/smpolaniec\/wp-json\/wp\/v2\/media?parent=3"}],"curies":[{"name":"wp","href":"https:\/\/api.w.org\/{rel}","templated":true}]}}