{"id":305,"date":"2020-02-16T11:58:50","date_gmt":"2020-02-16T10:58:50","guid":{"rendered":"http:\/\/smpolaniec.com.pl\/smpolaniec\/?page_id=305"},"modified":"2020-02-17T18:57:32","modified_gmt":"2020-02-17T17:57:32","slug":"bezpieczenstwo-pozarowe","status":"publish","type":"page","link":"https:\/\/smpolaniec.com.pl\/smpolaniec\/bezpieczenstwo-pozarowe\/","title":{"rendered":"Bezpiecze\u0144stwo po\u017carowe"},"content":{"rendered":"\n<p><strong>W przypadku zauwa\u017cenia po\u017caru lub innego zdarzenia zagra\u017caj\u0105cemu zdrowiu lub \u017cyciu ludzi nale\u017cy niezw\u0142ocznie zaalarmowa\u0107 osoby przebywaj\u0105ce w strefie zagro\u017cenia oraz wezwa\u0107 stra\u017c po\u017carn\u0105 pod bezp\u0142atnym numerem telefonu 998<\/strong>.<\/p>\n\n\n\n<h3 class=\"has-vivid-red-color has-text-color has-text-align-center wp-block-heading\">Zasady zg\u0142aszania pod numer alarmowy 998<\/h3>\n\n\n\n<p>Po wykr\u0119ceniu numeru alarmowego stra\u017cy po\u017carnej 998 i zg\u0142oszeniu si\u0119 dy\u017curnego nale\u017cy spokojnie i wyra\u017anie poda\u0107:<\/p>\n\n\n\n<ul><li>swoje imi\u0119 i nazwisko, numer telefonu, z kt\u00f3rego nadawana jest informacja o zdarzeniu (dyspozytor mo\u017ce oddzwoni\u0107 aby dopyta\u0107 o szczeg\u00f3\u0142y zdarzenia):<\/li><li>adres i nazw\u0119 obiektu,<\/li><li>co si\u0119 pali, na kt\u00f3rym pi\u0119trze,<\/li><li>czy wyst\u0119puje zagro\u017cenie dla \u017cycia i zdrowia ludzkiego.<\/li><li>po podaniu informacji nie odk\u0142ada\u0107 s\u0142uchawki do chwili potwierdzenia przyj\u0119cia zg\u0142oszenia.<\/li><\/ul>\n\n\n\n<p>Przyjmuj\u0105cy mo\u017ce za\u017c\u0105da\u0107:<\/p>\n\n\n\n<ul><li>potwierdzenia zg\u0142oszenia poprzez oddzwonienie,<\/li><li>dodatkowych informacji, kt\u00f3re w miar\u0119 mo\u017cliwo\u015bci nale\u017cy poda\u0107.<\/li><\/ul>\n\n\n\n<h3 class=\"has-vivid-red-color has-text-color has-text-align-center wp-block-heading\">Jak zachowa\u0107 si\u0119 w razie po\u017caru?<\/h3>\n\n\n\n<ol><li>W przypadku powstania po\u017caru wszyscy zobowi\u0105zani s\u0105 podj\u0105\u0107 dzia\u0142ania w celu jego likwidacji:<ol><li>zaalarmowa\u0107 niezw\u0142ocznie, przy u\u017cyciu wszystkich dost\u0119pnych \u015brodk\u00f3w osoby b\u0119d\u0105ce w strefie zagro\u017cenia,<\/li><li>wezwa\u0107 stra\u017c po\u017carn\u0105.<\/li><\/ol><\/li><li>Telefoniczne alarmowanie nale\u017cy wykona\u0107 w nast\u0119puj\u0105cy spos\u00f3b:<ol><li>Po wybraniu numeru alarmowego stra\u017cy po\u017carnej 998 i zg\u0142oszeniu si\u0119 dy\u017curnego spokojnie i wyra\u017anie podaje si\u0119:<ol><li>swoje imi\u0119 i nazwisko, numer telefonu, z kt\u00f3rego nadawana jest informacja o zdarzeniu,<\/li><li>adres i nazw\u0119 obiektu,<\/li><li>co si\u0119 pali, na kt\u00f3rym pi\u0119trze,<\/li><li>czy jest zagro\u017cenie dla \u017cycia i zdrowia ludzkiego.<\/li><\/ol><\/li><li>Po podaniu informacji nie odk\u0142ada\u0107 s\u0142uchawki do chwili potwierdzenia przyj\u0119cia zg\u0142oszenia.&nbsp;Przyjmuj\u0105cy mo\u017ce za\u017c\u0105da\u0107:<ol><li>potwierdzenia zg\u0142oszenia poprzez oddzwonienie,<\/li><li>dodatkowych informacji, kt\u00f3re w miar\u0119 mo\u017cliwo\u015bci nale\u017cy poda\u0107.<\/li><\/ol><\/li><\/ol><\/li><li>Przyst\u0105pi\u0107 niezw\u0142ocznie, przy u\u017cyciu miejscowych \u015brodk\u00f3w ga\u015bniczych do gaszenia po\u017caru i nie\u015b\u0107 pomoc osobom zagro\u017conym w przypadku koniecznym przyst\u0105pi\u0107 do ewakuacji ludzi i mienia. Nale\u017cy czynno\u015bci te wykona\u0107 w taki spos\u00f3b aby nie dosz\u0142o do powstania paniki jaka mo\u017ce ogarn\u0105\u0107 ludzi b\u0119d\u0105cych w zagro\u017ceniu, kt\u00f3re wywo\u0142uje u ludzi ogie\u0144 i dym.<\/li><\/ol>\n\n\n\n<p>Panika mo\u017ce by\u0107 przyczyn\u0105 niepotrzebnych i tragicznych w skutkach wypadk\u00f3w w trakcie prowadzenia dzia\u0142a\u0144 ratowniczo ga\u015bniczych.<\/p>\n\n\n\n<p>Dlatego prowadz\u0105c jakiekolwiek dzia\u0142ania w przypadku powstania po\u017car nale\u017cy kierowa\u0107 si\u0119 rozwag\u0105 w podejmowaniu decyzji. Do czasu przybycia stra\u017cy po\u017carnej kierowanie akcj\u0105 obejmuje kierownik zak\u0142adu pracy \/w\u0142a\u015bciel obiektu\/ lub osoba najbardziej energiczna i opanowana.<\/p>\n\n\n\n<h3 class=\"has-vivid-red-color has-text-color has-text-align-center wp-block-heading\">Jak ewakuowa\u0107 ludzi i mienie?<\/h3>\n\n\n\n<p>Celem ewakuacji ludzi jest zapewnienie osobom szybkiego i bezpiecznego opuszczenia strefy zagro\u017conej lub obj\u0119tej po\u017carem. Do cel\u00f3w ewakuacji ludzi s\u0142u\u017c\u0105 korytarze &#8211; poziome drogi ewakuacji i klatki schodowe &#8211; pionowe drogi ewakuacyjne z kt\u00f3rych istnieje mo\u017cliwo\u015b\u0107 bezpo\u015bredniego wyj\u015bcia na zewn\u0105trz.<\/p>\n\n\n\n<p>Drogi i wyj\u015bcia ewakuacyjne oznakowane musz\u0105 by\u0107 po\u017carniczymi tablicami informacyjnymi zgodnie z PN &#8211; 92\/N &#8211; 01256\/02 &#8222;Znaki Bezpiecze\u0144stwa &#8211; Ewakuacja. Ewakuacj\u0105 ludzi z cz\u0119\u015bci lub z ca\u0142ego obiektu zarz\u0105dza kieruj\u0105cy akcj\u0105 ratowniczo &#8211; ga\u015bnicz\u0105.<\/p>\n\n\n\n<p>W przypadku zaistnienia po\u017caru lub innego zagro\u017cenia budynku lub jego cz\u0119\u015bci, osoby nie bior\u0105ce udzia\u0142u w akcji ratowniczej powinny opu\u015bci\u0107 stref\u0119 zagro\u017cenia. Osoby opuszczaj\u0105ce stref\u0119 zagro\u017cenia kieruj\u0105 si\u0119 do najbli\u017cszego wyj\u015bcia s\u0142u\u017c\u0105cego celom ewakuacji zgodnie z oznakowaniem.<\/p>\n\n\n\n<h3 class=\"has-vivid-red-color has-text-color has-text-align-center wp-block-heading\">W czasie prowadzenia ewakuacji zabronione jest<\/h3>\n\n\n\n<ul><li>dokonywanie jakichkolwiek czynno\u015bci mog\u0105cych wywo\u0142a\u0107 panik\u0119,<\/li><li>przechodzenie w kierunku przeciwnym do kierunku ewakuacji,<\/li><li>zatrzymywanie si\u0119 lub tamowanie ruchu w inny spos\u00f3b.<\/li><\/ul>\n\n\n\n<p>Osoby ewakuowane musz\u0105 podporz\u0105dkowa\u0107 si\u0119 poleceniom ratownik\u00f3w to jest osobom prowadz\u0105cym ewakuacj\u0119: stra\u017cacy, pracownikom s\u0142u\u017cby zabezpieczenia obiektu.<\/p>\n\n\n\n<p>Poza ewakuacj\u0105 ludzi niejednokrotnie zachodzi konieczno\u015b\u0107 ewakuacji mienia. Celem ewakuacji mienia jest zabezpieczenie cennych przedmiot\u00f3w oraz wa\u017cnych dokument\u00f3w przed zniszczeniem lub uszkodzeniem w przypadku po\u017caru lub innego zagro\u017cenia. Ewakuowane przedmioty i dokumenty nale\u017cy umieszcza\u0107 aby nie by\u0142y nara\u017cone na zniszczenie lub uszkodzenie. Dzia\u0142ania ewakuacyjne musz\u0105 by\u0107 prowadzone w spos\u00f3b skoordynowany, nie powoduj\u0105cy utrudnie\u0144 w innych dzia\u0142aniach. Kieruj\u0105cy dzia\u0142aniami powinien wst\u0119pnie okre\u015bli\u0107 pomieszczenia z kt\u00f3rych nale\u017cy wynie\u015b\u0107 mienie.<\/p>\n\n\n\n<h3 class=\"has-vivid-red-color has-text-color has-text-align-center wp-block-heading\">Do pomieszcze\u0144, z kt\u00f3rych nale\u017cy ewakuowa\u0107 mienie w pierwszej kolejno\u015bci, je\u015bli istnieje taka mo\u017cliwo\u015b\u0107 bez nara\u017cenia \u017cycia i zdrowia zalicza si\u0119:<\/h3>\n\n\n\n<ul><li>pomieszczenia bezpo\u015brednio zagro\u017cone po\u017carem, w kt\u00f3rych jest \u017ar\u00f3d\u0142o ognia,<\/li><li>pomieszczenia s\u0105siednie ( w pionie i w poziomie) &#8211; mo\u017cliwo\u015b\u0107 rozprzestrzeniania si\u0119 po\u017caru lub uszkodzenia przez dzia\u0142anie wysokiej temperatury i gaz\u00f3w popo\u017carowych (dymu),<\/li><li>pomieszczenia pod pal\u0105cym si\u0119 pomieszczeniem nara\u017cone na mo\u017cliwo\u015b\u0107 zalania w czasie akcji ga\u015bniczej.<\/li><\/ul>\n\n\n\n<p><\/p>\n\n\n\n<p style=\"color:#5b5951\" class=\"has-text-color\">\u0179r\u00f3d\u0142o: Komenda G\u0142\u00f3wna Pa\u0144stwowej Stra\u017cy Po\u017carnej; <a href=\"https:\/\/www.straz.gov.pl\/porady\/pozary\">https:\/\/www.straz.gov.pl\/porady\/pozary<\/a> .<\/p>\n\n\n\n<p style=\"background-color:#ffffff;color:#5b5951\" class=\"has-text-color has-background\"><strong>Materia\u0142 opracowa\u0142:<\/strong>&nbsp;bryg. mgr in\u017c. Dariusz Mucha Zak\u0142ad Ratowniczo-Ga\u015bniczy Szko\u0142y G\u0142\u00f3wnej S\u0142u\u017cby Po\u017carniczej w Warszawie<\/p>\n\n\n\n<p><\/p>\n","protected":false},"excerpt":{"rendered":"<p>W przypadku zauwa\u017cenia po\u017caru lub innego zdarzenia zagra\u017caj\u0105cemu zdrowiu lub \u017cyciu ludzi nale\u017cy niezw\u0142ocznie zaalarmowa\u0107 osoby przebywaj\u0105ce w strefie zagro\u017cenia oraz wezwa\u0107 stra\u017c po\u017carn\u0105 pod bezp\u0142atnym numerem telefonu 998. Zasady zg\u0142aszania pod numer alarmowy 998 Po wykr\u0119ceniu numeru alarmowego stra\u017cy po\u017carnej 998 i zg\u0142oszeniu si\u0119 dy\u017curnego nale\u017cy spokojnie i wyra\u017anie poda\u0107: swoje imi\u0119 i nazwisko, &#8230; <a title=\"Bezpiecze\u0144stwo po\u017carowe\" class=\"read-more\" href=\"https:\/\/smpolaniec.com.pl\/smpolaniec\/bezpieczenstwo-pozarowe\/\" aria-label=\"Read more about Bezpiecze\u0144stwo po\u017carowe\">Dowiedz si\u0119 wi\u0119cej<\/a><\/p>\n","protected":false},"author":11,"featured_media":0,"parent":0,"menu_order":0,"comment_status":"closed","ping_status":"closed","template":"","meta":{"_acf_changed":false,"footnotes":""},"acf":[],"yoast_head":"<!-- This site is optimized with the Yoast SEO plugin v22.8 - https:\/\/yoast.com\/wordpress\/plugins\/seo\/ -->\n<title>Bezpiecze\u0144stwo po\u017carowe - smpolaniec.com.pl<\/title>\n<meta name=\"robots\" content=\"index, follow, max-snippet:-1, max-image-preview:large, max-video-preview:-1\" \/>\n<link rel=\"canonical\" href=\"https:\/\/smpolaniec.com.pl\/smpolaniec\/bezpieczenstwo-pozarowe\/\" \/>\n<meta property=\"og:locale\" content=\"pl_PL\" \/>\n<meta property=\"og:type\" content=\"article\" \/>\n<meta property=\"og:title\" content=\"Bezpiecze\u0144stwo po\u017carowe - smpolaniec.com.pl\" \/>\n<meta property=\"og:description\" content=\"W przypadku zauwa\u017cenia po\u017caru lub innego zdarzenia zagra\u017caj\u0105cemu zdrowiu lub \u017cyciu ludzi nale\u017cy niezw\u0142ocznie zaalarmowa\u0107 osoby przebywaj\u0105ce w strefie zagro\u017cenia oraz wezwa\u0107 stra\u017c po\u017carn\u0105 pod bezp\u0142atnym numerem telefonu 998. Zasady zg\u0142aszania pod numer alarmowy 998 Po wykr\u0119ceniu numeru alarmowego stra\u017cy po\u017carnej 998 i zg\u0142oszeniu si\u0119 dy\u017curnego nale\u017cy spokojnie i wyra\u017anie poda\u0107: swoje imi\u0119 i nazwisko, ... Dowiedz si\u0119 wi\u0119cej\" \/>\n<meta property=\"og:url\" content=\"https:\/\/smpolaniec.com.pl\/smpolaniec\/bezpieczenstwo-pozarowe\/\" \/>\n<meta property=\"og:site_name\" content=\"smpolaniec.com.pl\" \/>\n<meta property=\"article:modified_time\" content=\"2020-02-17T17:57:32+00:00\" \/>\n<meta name=\"twitter:card\" content=\"summary_large_image\" \/>\n<meta name=\"twitter:label1\" content=\"Szacowany czas czytania\" \/>\n\t<meta name=\"twitter:data1\" content=\"4 minuty\" \/>\n<script type=\"application\/ld+json\" class=\"yoast-schema-graph\">{\"@context\":\"https:\/\/schema.org\",\"@graph\":[{\"@type\":\"WebPage\",\"@id\":\"https:\/\/smpolaniec.com.pl\/smpolaniec\/bezpieczenstwo-pozarowe\/\",\"url\":\"https:\/\/smpolaniec.com.pl\/smpolaniec\/bezpieczenstwo-pozarowe\/\",\"name\":\"Bezpiecze\u0144stwo po\u017carowe - smpolaniec.com.pl\",\"isPartOf\":{\"@id\":\"http:\/\/smpolaniec.com.pl\/smpolaniec\/#website\"},\"datePublished\":\"2020-02-16T10:58:50+00:00\",\"dateModified\":\"2020-02-17T17:57:32+00:00\",\"breadcrumb\":{\"@id\":\"https:\/\/smpolaniec.com.pl\/smpolaniec\/bezpieczenstwo-pozarowe\/#breadcrumb\"},\"inLanguage\":\"pl-PL\",\"potentialAction\":[{\"@type\":\"ReadAction\",\"target\":[\"https:\/\/smpolaniec.com.pl\/smpolaniec\/bezpieczenstwo-pozarowe\/\"]}]},{\"@type\":\"BreadcrumbList\",\"@id\":\"https:\/\/smpolaniec.com.pl\/smpolaniec\/bezpieczenstwo-pozarowe\/#breadcrumb\",\"itemListElement\":[{\"@type\":\"ListItem\",\"position\":1,\"name\":\"Strona g\u0142\u00f3wna\",\"item\":\"https:\/\/smpolaniec.com.pl\/smpolaniec\/\"},{\"@type\":\"ListItem\",\"position\":2,\"name\":\"Bezpiecze\u0144stwo po\u017carowe\"}]},{\"@type\":\"WebSite\",\"@id\":\"http:\/\/smpolaniec.com.pl\/smpolaniec\/#website\",\"url\":\"http:\/\/smpolaniec.com.pl\/smpolaniec\/\",\"name\":\"smpolaniec.com.pl\",\"description\":\"Sp\u00f3\u0142dzielnia Mieszkaniowa Po\u0142aniec\",\"potentialAction\":[{\"@type\":\"SearchAction\",\"target\":{\"@type\":\"EntryPoint\",\"urlTemplate\":\"http:\/\/smpolaniec.com.pl\/smpolaniec\/?s={search_term_string}\"},\"query-input\":\"required name=search_term_string\"}],\"inLanguage\":\"pl-PL\"}]}<\/script>\n<!-- \/ Yoast SEO plugin. -->","yoast_head_json":{"title":"Bezpiecze\u0144stwo po\u017carowe - smpolaniec.com.pl","robots":{"index":"index","follow":"follow","max-snippet":"max-snippet:-1","max-image-preview":"max-image-preview:large","max-video-preview":"max-video-preview:-1"},"canonical":"https:\/\/smpolaniec.com.pl\/smpolaniec\/bezpieczenstwo-pozarowe\/","og_locale":"pl_PL","og_type":"article","og_title":"Bezpiecze\u0144stwo po\u017carowe - smpolaniec.com.pl","og_description":"W przypadku zauwa\u017cenia po\u017caru lub innego zdarzenia zagra\u017caj\u0105cemu zdrowiu lub \u017cyciu ludzi nale\u017cy niezw\u0142ocznie zaalarmowa\u0107 osoby przebywaj\u0105ce w strefie zagro\u017cenia oraz wezwa\u0107 stra\u017c po\u017carn\u0105 pod bezp\u0142atnym numerem telefonu 998. Zasady zg\u0142aszania pod numer alarmowy 998 Po wykr\u0119ceniu numeru alarmowego stra\u017cy po\u017carnej 998 i zg\u0142oszeniu si\u0119 dy\u017curnego nale\u017cy spokojnie i wyra\u017anie poda\u0107: swoje imi\u0119 i nazwisko, ... Dowiedz si\u0119 wi\u0119cej","og_url":"https:\/\/smpolaniec.com.pl\/smpolaniec\/bezpieczenstwo-pozarowe\/","og_site_name":"smpolaniec.com.pl","article_modified_time":"2020-02-17T17:57:32+00:00","twitter_card":"summary_large_image","twitter_misc":{"Szacowany czas czytania":"4 minuty"},"schema":{"@context":"https:\/\/schema.org","@graph":[{"@type":"WebPage","@id":"https:\/\/smpolaniec.com.pl\/smpolaniec\/bezpieczenstwo-pozarowe\/","url":"https:\/\/smpolaniec.com.pl\/smpolaniec\/bezpieczenstwo-pozarowe\/","name":"Bezpiecze\u0144stwo po\u017carowe - smpolaniec.com.pl","isPartOf":{"@id":"http:\/\/smpolaniec.com.pl\/smpolaniec\/#website"},"datePublished":"2020-02-16T10:58:50+00:00","dateModified":"2020-02-17T17:57:32+00:00","breadcrumb":{"@id":"https:\/\/smpolaniec.com.pl\/smpolaniec\/bezpieczenstwo-pozarowe\/#breadcrumb"},"inLanguage":"pl-PL","potentialAction":[{"@type":"ReadAction","target":["https:\/\/smpolaniec.com.pl\/smpolaniec\/bezpieczenstwo-pozarowe\/"]}]},{"@type":"BreadcrumbList","@id":"https:\/\/smpolaniec.com.pl\/smpolaniec\/bezpieczenstwo-pozarowe\/#breadcrumb","itemListElement":[{"@type":"ListItem","position":1,"name":"Strona g\u0142\u00f3wna","item":"https:\/\/smpolaniec.com.pl\/smpolaniec\/"},{"@type":"ListItem","position":2,"name":"Bezpiecze\u0144stwo po\u017carowe"}]},{"@type":"WebSite","@id":"http:\/\/smpolaniec.com.pl\/smpolaniec\/#website","url":"http:\/\/smpolaniec.com.pl\/smpolaniec\/","name":"smpolaniec.com.pl","description":"Sp\u00f3\u0142dzielnia Mieszkaniowa Po\u0142aniec","potentialAction":[{"@type":"SearchAction","target":{"@type":"EntryPoint","urlTemplate":"http:\/\/smpolaniec.com.pl\/smpolaniec\/?s={search_term_string}"},"query-input":"required name=search_term_string"}],"inLanguage":"pl-PL"}]}},"_links":{"self":[{"href":"https:\/\/smpolaniec.com.pl\/smpolaniec\/wp-json\/wp\/v2\/pages\/305"}],"collection":[{"href":"https:\/\/smpolaniec.com.pl\/smpolaniec\/wp-json\/wp\/v2\/pages"}],"about":[{"href":"https:\/\/smpolaniec.com.pl\/smpolaniec\/wp-json\/wp\/v2\/types\/page"}],"author":[{"embeddable":true,"href":"https:\/\/smpolaniec.com.pl\/smpolaniec\/wp-json\/wp\/v2\/users\/11"}],"replies":[{"embeddable":true,"href":"https:\/\/smpolaniec.com.pl\/smpolaniec\/wp-json\/wp\/v2\/comments?post=305"}],"version-history":[{"count":7,"href":"https:\/\/smpolaniec.com.pl\/smpolaniec\/wp-json\/wp\/v2\/pages\/305\/revisions"}],"predecessor-version":[{"id":356,"href":"https:\/\/smpolaniec.com.pl\/smpolaniec\/wp-json\/wp\/v2\/pages\/305\/revisions\/356"}],"wp:attachment":[{"href":"https:\/\/smpolaniec.com.pl\/smpolaniec\/wp-json\/wp\/v2\/media?parent=305"}],"curies":[{"name":"wp","href":"https:\/\/api.w.org\/{rel}","templated":true}]}}