{"id":321,"date":"2020-02-17T15:06:32","date_gmt":"2020-02-17T14:06:32","guid":{"rendered":"http:\/\/smpolaniec.com.pl\/smpolaniec\/?page_id=321"},"modified":"2020-02-17T15:44:24","modified_gmt":"2020-02-17T14:44:24","slug":"klauzula-informacyjna-o-przetwarzaniu-danych-osobowych","status":"publish","type":"page","link":"https:\/\/smpolaniec.com.pl\/smpolaniec\/klauzula-informacyjna-o-przetwarzaniu-danych-osobowych\/","title":{"rendered":"Klauzula informacyjna o przetwarzaniu danych osobowych"},"content":{"rendered":"\n<p>Zgodnie z art. 13 Rozporz\u0105dzenia Parlamentu Europejskiego i Rady (UE) 2016\/679 z dnia 27 kwietnia 2016 roku w sprawie ochrony os\u00f3b fizycznych w zwi\u0105zku z przetwarzaniem danych osobowych i w sprawie swobodnego przep\u0142ywu takich danych oraz uchylenia dyrektywy 95\/46\/WE (og\u00f3lne rozporz\u0105dzenie o ochronie danych) \u2013 zwanym skr\u00f3cie RODO przedstawiamy klauzul\u0119 informacyjn\u0105 odno\u015bnie przetwarzania danych osobowych przez Sp\u00f3\u0142dzielni\u0119 Mieszkaniow\u0105 Po\u0142aniec, a co za tym idzie administratora strona smpolaniec.com.pl.<br><br>Klauzula informacyjna o przetwarzaniu danych osobowych zawiera nast\u0119puj\u0105ce punkty:<\/p>\n\n\n\n<ol><li>Administratorem Pani\/Pana danych osobowych jest Sp\u00f3\u0142dzielnia Mieszkaniowa Po\u0142aniec, z siedzib\u0105 w 28-230 Po\u0142aniec, ul. Hugona Ko\u0142\u0142\u0105taja 1\/5A, o adresie email: sekretariat@smpolaniec.com.pl, nr tel:  (015) 8650290 . <\/li><li>Dane osobowe b\u0119d\u0105 przetwarzane na podstawie art. 6 ust.1 lit. c) i f) RODO w celu wype\u0142nienia obowi\u0105zku prawnego ci\u0105\u017c\u0105cego na administratorze, realizacji zada\u0144 ustawowych i statutowych oraz do cel\u00f3w wynikaj\u0105cych z prawnie\u00a0 uzasadnionych interes\u00f3w realizowanych przez administratora lub przez stron\u0119 trzeci\u0105. <br>Dane jakie b\u0119d\u0105 przetwarzane niezb\u0119dne s\u0105 przede wszystkim do rejestracji na stronie i mo\u017cliwo\u015bci logowania jako lokator wsp\u00f3\u0142dzielni, a tak\u017ce dost\u0119pu do niekt\u00f3rych zak\u0142adek i informacji zawartych na stronie smpolaniec.com.pl.<br>Dane s\u0105 przetwarzane na potrzeby rejestracji i logowania do systemu EBOK smpolaniec.com.pl, a tak\u017ce na potrzeby formularzy kontaktowych oraz tych do zg\u0142aszania awarii, usterek, sugestii oraz zapyta\u0144, oraz do odpowiedzi na pytania zadane przez u\u017cytkownik\u00f3w strony smpolaniec.com.pl. <br>Podanie danych jest dobrowolne, lecz niezb\u0119dne do rejestracji oraz wys\u0142ania formularzy kontaktowych. Je\u015bli nie chc\u0105 Pa\u0144stwo podawa\u0107 \u017cadnych danych osobowych, prosimy o niekorzystanie z formularza rejestracji oraz formularzy kontaktowych. <\/li><li>Przetwarzanie danych osobowych odbywa si\u0119 w szczeg\u00f3lno\u015bci na podstawie:<br>&#8211; ustawy z dnia 16 wrze\u015bnia 1982 r. Prawo sp\u00f3\u0142dzielcze,<br>&#8211; ustawy z dnia 15 grudnia 2000 r. o sp\u00f3\u0142dzielniach mieszkaniowych,<br>&#8211; ustawy z dnia 24 czerwca 1994 r. o w\u0142asno\u015bci lokali,<br>&#8211; ustawy z dnia 21 czerwca 2001 r. o ochronie praw lokator\u00f3w, mieszkaniowym zasobie gminy i o zmianie Kodeksu cywilnego,<br>&#8211; ustawy z dnia 21 sierpnia 1997 r. o gospodarce nieruchomo\u015bciami,<br>&#8211; Kodeksu post\u0119powania cywilnego,<br>&#8211; Kodeksu cywilnego,<br>&#8211;  Regulaminu Sp\u00f3\u0142dzielni<\/li><li>W trakcie przetwarzania dane osobowe mog\u0105 by\u0107 ujawniane odbiorcom: osobom do tego upowa\u017cnionym oraz podmiotom, kt\u00f3re wyka\u017c\u0105 prawnie uzasadnione interesy.<\/li><li>Dane osobowe nie b\u0119d\u0105 przekazywane do \u017cadnych pa\u0144stw trzecich lub organizacji mi\u0119dzynarodowych, w tym \u017cadnych Pa\u0144stw i organizacji spoza UE.<\/li><li>Dane osobowe b\u0119d\u0105 przechowywane przez okres niezb\u0119dny do realizacji obowi\u0105zku prawnego ci\u0105\u017c\u0105cego na\u00a0 administratorze oraz dochodzenia lub obrony roszcze\u0144.<\/li><li>Posiada Pani\/Pan prawo do \u017c\u0105dania dost\u0119pu do swoich danych osobowych, ich sprostowania, wniesienia sprzeciwu wobec przetwarzania danych, przenoszenia danych, oraz ich usuni\u0119cia. <br>W razie kt\u00f3regokolwiek wypadk\u00f3w z powy\u017cszych prosimy o skontaktowanie si\u0119 z administratorem strony smpolaniec.com.pl lub sekretariatem Sp\u00f3\u0142dzielni Mieszkaniowej Po\u0142aniec, email: sekretariat@smpolaniec.com.pl , nr tel:  (015) 8650290.<\/li><li>Przys\u0142uguje Pani\/Panu prawo wniesienia skargi do organu nadzorczego &#8211; Prezesa UODO, a tak\u017ce do stosownego Inspektora Danych Osobowych.<\/li><li>Podanie danych osobowych jest wymogiem ustawowym i niezb\u0119dne do wype\u0142nienia obowi\u0105zk\u00f3w prawnych ci\u0105\u017c\u0105cych na administratorze, w tym tak\u017ce do dost\u0119pu do cz\u0119\u015bci zak\u0142adem i informacji znajduj\u0105cych si\u0119 na stronie.<\/li><li>Administrator nie b\u0119dzie podejmowa\u0142 wobec Pani\/Pana zautomatyzowanych decyzji, w tym decyzji b\u0119d\u0105cych wynikiem profilowania. <\/li><li>Informacje zawarte w klauzuli maj\u0105 zastosowanie od dnia 20 lutego 2020 r.<\/li><\/ol>\n","protected":false},"excerpt":{"rendered":"<p>Zgodnie z art. 13 Rozporz\u0105dzenia Parlamentu Europejskiego i Rady (UE) 2016\/679 z dnia 27 kwietnia 2016 roku w sprawie ochrony os\u00f3b fizycznych w zwi\u0105zku z przetwarzaniem danych osobowych i w sprawie swobodnego przep\u0142ywu takich danych oraz uchylenia dyrektywy 95\/46\/WE (og\u00f3lne rozporz\u0105dzenie o ochronie danych) \u2013 zwanym skr\u00f3cie RODO przedstawiamy klauzul\u0119 informacyjn\u0105 odno\u015bnie przetwarzania danych osobowych &#8230; <a title=\"Klauzula informacyjna o przetwarzaniu danych osobowych\" class=\"read-more\" href=\"https:\/\/smpolaniec.com.pl\/smpolaniec\/klauzula-informacyjna-o-przetwarzaniu-danych-osobowych\/\" aria-label=\"Read more about Klauzula informacyjna o przetwarzaniu danych osobowych\">Dowiedz si\u0119 wi\u0119cej<\/a><\/p>\n","protected":false},"author":11,"featured_media":0,"parent":0,"menu_order":0,"comment_status":"closed","ping_status":"closed","template":"","meta":{"_acf_changed":false,"footnotes":""},"acf":[],"yoast_head":"<!-- This site is optimized with the Yoast SEO plugin v22.8 - https:\/\/yoast.com\/wordpress\/plugins\/seo\/ -->\n<title>Klauzula informacyjna o przetwarzaniu danych osobowych - smpolaniec.com.pl<\/title>\n<meta name=\"robots\" content=\"index, follow, max-snippet:-1, max-image-preview:large, max-video-preview:-1\" \/>\n<link rel=\"canonical\" href=\"http:\/\/smpolaniec.com.pl\/smpolaniec\/klauzula-informacyjna-o-przetwarzaniu-danych-osobowych\/\" \/>\n<meta property=\"og:locale\" content=\"pl_PL\" \/>\n<meta property=\"og:type\" content=\"article\" \/>\n<meta property=\"og:title\" content=\"Klauzula informacyjna o przetwarzaniu danych osobowych - smpolaniec.com.pl\" \/>\n<meta property=\"og:description\" content=\"Zgodnie z art. 13 Rozporz\u0105dzenia Parlamentu Europejskiego i Rady (UE) 2016\/679 z dnia 27 kwietnia 2016 roku w sprawie ochrony os\u00f3b fizycznych w zwi\u0105zku z przetwarzaniem danych osobowych i w sprawie swobodnego przep\u0142ywu takich danych oraz uchylenia dyrektywy 95\/46\/WE (og\u00f3lne rozporz\u0105dzenie o ochronie danych) \u2013 zwanym skr\u00f3cie RODO przedstawiamy klauzul\u0119 informacyjn\u0105 odno\u015bnie przetwarzania danych osobowych ... Dowiedz si\u0119 wi\u0119cej\" \/>\n<meta property=\"og:url\" content=\"http:\/\/smpolaniec.com.pl\/smpolaniec\/klauzula-informacyjna-o-przetwarzaniu-danych-osobowych\/\" \/>\n<meta property=\"og:site_name\" content=\"smpolaniec.com.pl\" \/>\n<meta property=\"article:modified_time\" content=\"2020-02-17T14:44:24+00:00\" \/>\n<meta name=\"twitter:card\" content=\"summary_large_image\" \/>\n<meta name=\"twitter:label1\" content=\"Szacowany czas czytania\" \/>\n\t<meta name=\"twitter:data1\" content=\"3 minuty\" \/>\n<script type=\"application\/ld+json\" class=\"yoast-schema-graph\">{\"@context\":\"https:\/\/schema.org\",\"@graph\":[{\"@type\":\"WebPage\",\"@id\":\"http:\/\/smpolaniec.com.pl\/smpolaniec\/klauzula-informacyjna-o-przetwarzaniu-danych-osobowych\/\",\"url\":\"http:\/\/smpolaniec.com.pl\/smpolaniec\/klauzula-informacyjna-o-przetwarzaniu-danych-osobowych\/\",\"name\":\"Klauzula informacyjna o przetwarzaniu danych osobowych - smpolaniec.com.pl\",\"isPartOf\":{\"@id\":\"http:\/\/smpolaniec.com.pl\/smpolaniec\/#website\"},\"datePublished\":\"2020-02-17T14:06:32+00:00\",\"dateModified\":\"2020-02-17T14:44:24+00:00\",\"breadcrumb\":{\"@id\":\"http:\/\/smpolaniec.com.pl\/smpolaniec\/klauzula-informacyjna-o-przetwarzaniu-danych-osobowych\/#breadcrumb\"},\"inLanguage\":\"pl-PL\",\"potentialAction\":[{\"@type\":\"ReadAction\",\"target\":[\"http:\/\/smpolaniec.com.pl\/smpolaniec\/klauzula-informacyjna-o-przetwarzaniu-danych-osobowych\/\"]}]},{\"@type\":\"BreadcrumbList\",\"@id\":\"http:\/\/smpolaniec.com.pl\/smpolaniec\/klauzula-informacyjna-o-przetwarzaniu-danych-osobowych\/#breadcrumb\",\"itemListElement\":[{\"@type\":\"ListItem\",\"position\":1,\"name\":\"Strona g\u0142\u00f3wna\",\"item\":\"https:\/\/smpolaniec.com.pl\/smpolaniec\/\"},{\"@type\":\"ListItem\",\"position\":2,\"name\":\"Klauzula informacyjna o przetwarzaniu danych osobowych\"}]},{\"@type\":\"WebSite\",\"@id\":\"http:\/\/smpolaniec.com.pl\/smpolaniec\/#website\",\"url\":\"http:\/\/smpolaniec.com.pl\/smpolaniec\/\",\"name\":\"smpolaniec.com.pl\",\"description\":\"Sp\u00f3\u0142dzielnia Mieszkaniowa Po\u0142aniec\",\"potentialAction\":[{\"@type\":\"SearchAction\",\"target\":{\"@type\":\"EntryPoint\",\"urlTemplate\":\"http:\/\/smpolaniec.com.pl\/smpolaniec\/?s={search_term_string}\"},\"query-input\":\"required name=search_term_string\"}],\"inLanguage\":\"pl-PL\"}]}<\/script>\n<!-- \/ Yoast SEO plugin. -->","yoast_head_json":{"title":"Klauzula informacyjna o przetwarzaniu danych osobowych - smpolaniec.com.pl","robots":{"index":"index","follow":"follow","max-snippet":"max-snippet:-1","max-image-preview":"max-image-preview:large","max-video-preview":"max-video-preview:-1"},"canonical":"http:\/\/smpolaniec.com.pl\/smpolaniec\/klauzula-informacyjna-o-przetwarzaniu-danych-osobowych\/","og_locale":"pl_PL","og_type":"article","og_title":"Klauzula informacyjna o przetwarzaniu danych osobowych - smpolaniec.com.pl","og_description":"Zgodnie z art. 13 Rozporz\u0105dzenia Parlamentu Europejskiego i Rady (UE) 2016\/679 z dnia 27 kwietnia 2016 roku w sprawie ochrony os\u00f3b fizycznych w zwi\u0105zku z przetwarzaniem danych osobowych i w sprawie swobodnego przep\u0142ywu takich danych oraz uchylenia dyrektywy 95\/46\/WE (og\u00f3lne rozporz\u0105dzenie o ochronie danych) \u2013 zwanym skr\u00f3cie RODO przedstawiamy klauzul\u0119 informacyjn\u0105 odno\u015bnie przetwarzania danych osobowych ... Dowiedz si\u0119 wi\u0119cej","og_url":"http:\/\/smpolaniec.com.pl\/smpolaniec\/klauzula-informacyjna-o-przetwarzaniu-danych-osobowych\/","og_site_name":"smpolaniec.com.pl","article_modified_time":"2020-02-17T14:44:24+00:00","twitter_card":"summary_large_image","twitter_misc":{"Szacowany czas czytania":"3 minuty"},"schema":{"@context":"https:\/\/schema.org","@graph":[{"@type":"WebPage","@id":"http:\/\/smpolaniec.com.pl\/smpolaniec\/klauzula-informacyjna-o-przetwarzaniu-danych-osobowych\/","url":"http:\/\/smpolaniec.com.pl\/smpolaniec\/klauzula-informacyjna-o-przetwarzaniu-danych-osobowych\/","name":"Klauzula informacyjna o przetwarzaniu danych osobowych - smpolaniec.com.pl","isPartOf":{"@id":"http:\/\/smpolaniec.com.pl\/smpolaniec\/#website"},"datePublished":"2020-02-17T14:06:32+00:00","dateModified":"2020-02-17T14:44:24+00:00","breadcrumb":{"@id":"http:\/\/smpolaniec.com.pl\/smpolaniec\/klauzula-informacyjna-o-przetwarzaniu-danych-osobowych\/#breadcrumb"},"inLanguage":"pl-PL","potentialAction":[{"@type":"ReadAction","target":["http:\/\/smpolaniec.com.pl\/smpolaniec\/klauzula-informacyjna-o-przetwarzaniu-danych-osobowych\/"]}]},{"@type":"BreadcrumbList","@id":"http:\/\/smpolaniec.com.pl\/smpolaniec\/klauzula-informacyjna-o-przetwarzaniu-danych-osobowych\/#breadcrumb","itemListElement":[{"@type":"ListItem","position":1,"name":"Strona g\u0142\u00f3wna","item":"https:\/\/smpolaniec.com.pl\/smpolaniec\/"},{"@type":"ListItem","position":2,"name":"Klauzula informacyjna o przetwarzaniu danych osobowych"}]},{"@type":"WebSite","@id":"http:\/\/smpolaniec.com.pl\/smpolaniec\/#website","url":"http:\/\/smpolaniec.com.pl\/smpolaniec\/","name":"smpolaniec.com.pl","description":"Sp\u00f3\u0142dzielnia Mieszkaniowa Po\u0142aniec","potentialAction":[{"@type":"SearchAction","target":{"@type":"EntryPoint","urlTemplate":"http:\/\/smpolaniec.com.pl\/smpolaniec\/?s={search_term_string}"},"query-input":"required name=search_term_string"}],"inLanguage":"pl-PL"}]}},"_links":{"self":[{"href":"https:\/\/smpolaniec.com.pl\/smpolaniec\/wp-json\/wp\/v2\/pages\/321"}],"collection":[{"href":"https:\/\/smpolaniec.com.pl\/smpolaniec\/wp-json\/wp\/v2\/pages"}],"about":[{"href":"https:\/\/smpolaniec.com.pl\/smpolaniec\/wp-json\/wp\/v2\/types\/page"}],"author":[{"embeddable":true,"href":"https:\/\/smpolaniec.com.pl\/smpolaniec\/wp-json\/wp\/v2\/users\/11"}],"replies":[{"embeddable":true,"href":"https:\/\/smpolaniec.com.pl\/smpolaniec\/wp-json\/wp\/v2\/comments?post=321"}],"version-history":[{"count":6,"href":"https:\/\/smpolaniec.com.pl\/smpolaniec\/wp-json\/wp\/v2\/pages\/321\/revisions"}],"predecessor-version":[{"id":329,"href":"https:\/\/smpolaniec.com.pl\/smpolaniec\/wp-json\/wp\/v2\/pages\/321\/revisions\/329"}],"wp:attachment":[{"href":"https:\/\/smpolaniec.com.pl\/smpolaniec\/wp-json\/wp\/v2\/media?parent=321"}],"curies":[{"name":"wp","href":"https:\/\/api.w.org\/{rel}","templated":true}]}}