{"id":340,"date":"2020-02-17T18:22:25","date_gmt":"2020-02-17T17:22:25","guid":{"rendered":"http:\/\/smpolaniec.com.pl\/smpolaniec\/?page_id=340"},"modified":"2020-02-17T18:59:07","modified_gmt":"2020-02-17T17:59:07","slug":"burze-i-wiatr","status":"publish","type":"page","link":"https:\/\/smpolaniec.com.pl\/smpolaniec\/burze-i-wiatr\/","title":{"rendered":"Burze i wiatr"},"content":{"rendered":"\n<h5 class=\"has-vivid-red-color has-text-color wp-block-heading\"><strong>Pora\u017cenie piorunem najcz\u0119\u015bciej ko\u0144czy si\u0119 \u015bmierci\u0105 lub trwa\u0142ym kalectwem. Wy\u0142adowanie atmosferyczne mo\u017ce spowodowa\u0107 po\u017car, uszkodzenie budynku lub spalenie instalacji elektrycznej oraz uszkodzenie wszystkich w\u0142\u0105czonych do niej urz\u0105dze\u0144, np. telewizora, komputera itp.<\/strong><\/h5>\n\n\n\n<p><\/p>\n\n\n\n<p><\/p>\n\n\n\n<h3 class=\"has-vivid-red-color has-text-color has-text-align-center wp-block-heading\"><strong>Podstawowe zasady zachowania si\u0119 podczas burzy, porywistych wiatr\u00f3w i nawa\u0142nic.<\/strong><\/h3>\n\n\n\n<ol><li>S\u0142uchaj aktualnych prognoz pogody w \u015brodkach masowego przekazu \u2013 zawieraj\u0105 one ostrze\u017cenia przed gro\u017anymi zjawiskami pogodowymi;<\/li><li>Usu\u0144 z balkon\u00f3w, taras\u00f3w i parapet\u00f3w okien rzeczy, kt\u00f3re mog\u0105 zosta\u0107 porwane przez wiatr. Pami\u0119taj, \u017ce mog\u0105 one stworzy\u0107 niepotrzebne zagro\u017cenie dla Ciebie, Twoich bliskich i os\u00f3b postronnych;<\/li><li>Zamknij okna i drzwi;<\/li><li>W miar\u0119 mo\u017cliwo\u015bci wy\u0142\u0105cz urz\u0105dzenia elektryczne i gazowe;<\/li><li>Nie planuj wycieczek w g\u00f3ry, nie wychod\u017a z domu, np. na zakupy;<\/li><li>Zabezpiecz minimalny zapas wody pitnej, \u017cywno\u015bci i niezb\u0119dnych lekarstw;<\/li><li>Sprawd\u017a czy masz pod r\u0119k\u0105 o\u015bwietlenie awaryjne (np. latark\u0119) oraz na\u0142adowany telefon kom\u00f3rkowy;<\/li><li>Nie obserwuj niebezpiecznych zjawisk pogodowych. W czasie nawa\u0142nicy nie podchod\u017a do okien i drzwi;<\/li><li>Je\u017celi jeste\u015b w budynku, w centrum huraganowego wiatru lub tr\u0105by powietrznej, usi\u0105d\u017a pod \u015bcian\u0105 no\u015bn\u0105, z daleka od okien i drzwi, najlepiej na najni\u017cszej kondygnacji, np. w piwnicy;<\/li><li>Je\u017celi bardzo silny wiatr lub intensywne opady deszczu zaskocz\u0105 ci\u0119 podczas podr\u00f3\u017cy samochodem, najlepiej&nbsp; nie&nbsp; kontynuuj jazdy (zatrzymaj si\u0119, poszukaj bezpiecznego schronienia);<\/li><li>Nie zatrzymuj si\u0119,&nbsp;nie parkuj samochodu pod drzewami, s\u0142upami i liniami energetycznymi. Pami\u0119taj, \u017ce wysokie elementy doskonale przyci\u0105gaj\u0105 wy\u0142adowania atmosferyczne i najlepiej, aby nie przebywa\u0107 podczas burzy w ich pobli\u017cu;<\/li><li>Bezwzgl\u0119dnie nie szukaj schronienia pod drzewami, s\u0142upami i liniami energetycznymi i tak lekkimi konstrukcjami, jak wiaty autobusowe i tramwajowe;<\/li><li>Nawa\u0142nic\u0119 najlepiej przeczeka\u0107 w budynku;<\/li><li>Unikaj otwartej przestrzeni. Je\u017celi nie masz mo\u017cliwo\u015bci schronienia si\u0119 przed burz\u0105 lub huraganem, to najlepiej wykorzystaj zag\u0142\u0119bienia terenu (r\u00f3w, g\u0142\u0119boki d\u00f3\u0142) \u2013 podczas huraganu schro\u0144 si\u0119 w nim, podczas burzy nie siadaj, nie k\u0142ad\u017a si\u0119 na ziemi \u2013 przykucnij;<\/li><li>Odsu\u0144 si\u0119 od metalowych przedmiot\u00f3w i nie dotykaj ich.<\/li><\/ol>\n\n\n\n<h3 class=\"has-vivid-red-color has-text-color has-text-align-center wp-block-heading\"><strong>Je\u015bli w czasie burzy jeste\u015b nad wod\u0105:<\/strong><\/h3>\n\n\n\n<ol><li>Wyjd\u017a z wody;<\/li><li>Opu\u015b\u0107 \u017cagl\u00f3wk\u0119, \u0142\u00f3d\u017a, ponton, rower wodny, kajak itp. Przycumuj je do brzegu;<\/li><li>Pami\u0119taj, \u017ce podczas silnego wiatru nie wolno przebywa\u0107 w \u017cagl\u00f3wce, pod jej pok\u0142adem. W przypadku wywr\u00f3cenia si\u0119 \u0142odzi ryzykujemy \u017cyciem.<\/li><\/ol>\n\n\n\n<h3 class=\"has-vivid-red-color has-text-color has-text-align-center wp-block-heading\"><strong>Je\u015bli podczas burzy lub nawa\u0142nicy jedziesz samochodem:<\/strong><\/h3>\n\n\n\n<ol><li>Zmniejsz pr\u0119dko\u015b\u0107 jazdy i miej \u015bwiadomo\u015b\u0107, \u017ce gdy wyje\u017cd\u017casz z zalesionego lub zabudowanego terenu, gwa\u0142towny podmuch wiatru mo\u017ce spowodowa\u0107 utrat\u0119 panowania nad samochodem i doprowadzi\u0107 do wypadku;<\/li><li>Najlepiej, je\u015bli mo\u017cesz, zatrzymaj si\u0119 na poboczu (w\u0142\u0105cz \u015bwiat\u0142a awaryjne) lub na najbli\u017cszym parkingu. Je\u015bli zaskoczy ci\u0119 burza, a nie mo\u017cesz si\u0119 schroni\u0107 w budynku, to zosta\u0144 w odpowiednio zaparkowanym poje\u017adzie;<\/li><li>Nie zatrzymuj si\u0119 pod s\u0142upami i liniami energetycznymi oraz pod drzewami. Z\u0142amana ga\u0142\u0105\u017a lub drzewo mo\u017ce przygnie\u015b\u0107 samoch\u00f3d i osoby w nim przebywaj\u0105ce.<br><\/li><\/ol>\n\n\n\n<p style=\"color:#5b5951\" class=\"has-text-color\">\u0179r\u00f3d\u0142o: Komenda G\u0142\u00f3wna Pa\u0144stwowej Stra\u017cy Po\u017carnej,  <a href=\"https:\/\/www.straz.gov.pl\/porady\/burze_i_silny_wiatr\">https:\/\/www.straz.gov.pl\/porady\/burze_i_silny_wiatr<\/a>.<br> <em>Opracowano w Wydziale&nbsp;Prewencji Spo\u0142ecznej&nbsp;KG PSP<\/em> <\/p>\n","protected":false},"excerpt":{"rendered":"<p>Pora\u017cenie piorunem najcz\u0119\u015bciej ko\u0144czy si\u0119 \u015bmierci\u0105 lub trwa\u0142ym kalectwem. Wy\u0142adowanie atmosferyczne mo\u017ce spowodowa\u0107 po\u017car, uszkodzenie budynku lub spalenie instalacji elektrycznej oraz uszkodzenie wszystkich w\u0142\u0105czonych do niej urz\u0105dze\u0144, np. telewizora, komputera itp. Podstawowe zasady zachowania si\u0119 podczas burzy, porywistych wiatr\u00f3w i nawa\u0142nic. S\u0142uchaj aktualnych prognoz pogody w \u015brodkach masowego przekazu \u2013 zawieraj\u0105 one ostrze\u017cenia przed gro\u017anymi &#8230; <a title=\"Burze i wiatr\" class=\"read-more\" href=\"https:\/\/smpolaniec.com.pl\/smpolaniec\/burze-i-wiatr\/\" aria-label=\"Read more about Burze i wiatr\">Dowiedz si\u0119 wi\u0119cej<\/a><\/p>\n","protected":false},"author":11,"featured_media":0,"parent":0,"menu_order":0,"comment_status":"closed","ping_status":"closed","template":"","meta":{"_acf_changed":false,"footnotes":""},"acf":[],"yoast_head":"<!-- This site is optimized with the Yoast SEO plugin v22.8 - https:\/\/yoast.com\/wordpress\/plugins\/seo\/ -->\n<title>Burze i wiatr - smpolaniec.com.pl<\/title>\n<meta name=\"robots\" content=\"index, follow, max-snippet:-1, max-image-preview:large, max-video-preview:-1\" \/>\n<link rel=\"canonical\" href=\"https:\/\/smpolaniec.com.pl\/smpolaniec\/burze-i-wiatr\/\" \/>\n<meta property=\"og:locale\" content=\"pl_PL\" \/>\n<meta property=\"og:type\" content=\"article\" \/>\n<meta property=\"og:title\" content=\"Burze i wiatr - smpolaniec.com.pl\" \/>\n<meta property=\"og:description\" content=\"Pora\u017cenie piorunem najcz\u0119\u015bciej ko\u0144czy si\u0119 \u015bmierci\u0105 lub trwa\u0142ym kalectwem. Wy\u0142adowanie atmosferyczne mo\u017ce spowodowa\u0107 po\u017car, uszkodzenie budynku lub spalenie instalacji elektrycznej oraz uszkodzenie wszystkich w\u0142\u0105czonych do niej urz\u0105dze\u0144, np. telewizora, komputera itp. Podstawowe zasady zachowania si\u0119 podczas burzy, porywistych wiatr\u00f3w i nawa\u0142nic. S\u0142uchaj aktualnych prognoz pogody w \u015brodkach masowego przekazu \u2013 zawieraj\u0105 one ostrze\u017cenia przed gro\u017anymi ... Dowiedz si\u0119 wi\u0119cej\" \/>\n<meta property=\"og:url\" content=\"https:\/\/smpolaniec.com.pl\/smpolaniec\/burze-i-wiatr\/\" \/>\n<meta property=\"og:site_name\" content=\"smpolaniec.com.pl\" \/>\n<meta property=\"article:modified_time\" content=\"2020-02-17T17:59:07+00:00\" \/>\n<meta name=\"twitter:card\" content=\"summary_large_image\" \/>\n<meta name=\"twitter:label1\" content=\"Szacowany czas czytania\" \/>\n\t<meta name=\"twitter:data1\" content=\"3 minuty\" \/>\n<script type=\"application\/ld+json\" class=\"yoast-schema-graph\">{\"@context\":\"https:\/\/schema.org\",\"@graph\":[{\"@type\":\"WebPage\",\"@id\":\"https:\/\/smpolaniec.com.pl\/smpolaniec\/burze-i-wiatr\/\",\"url\":\"https:\/\/smpolaniec.com.pl\/smpolaniec\/burze-i-wiatr\/\",\"name\":\"Burze i wiatr - smpolaniec.com.pl\",\"isPartOf\":{\"@id\":\"http:\/\/smpolaniec.com.pl\/smpolaniec\/#website\"},\"datePublished\":\"2020-02-17T17:22:25+00:00\",\"dateModified\":\"2020-02-17T17:59:07+00:00\",\"breadcrumb\":{\"@id\":\"https:\/\/smpolaniec.com.pl\/smpolaniec\/burze-i-wiatr\/#breadcrumb\"},\"inLanguage\":\"pl-PL\",\"potentialAction\":[{\"@type\":\"ReadAction\",\"target\":[\"https:\/\/smpolaniec.com.pl\/smpolaniec\/burze-i-wiatr\/\"]}]},{\"@type\":\"BreadcrumbList\",\"@id\":\"https:\/\/smpolaniec.com.pl\/smpolaniec\/burze-i-wiatr\/#breadcrumb\",\"itemListElement\":[{\"@type\":\"ListItem\",\"position\":1,\"name\":\"Strona g\u0142\u00f3wna\",\"item\":\"https:\/\/smpolaniec.com.pl\/smpolaniec\/\"},{\"@type\":\"ListItem\",\"position\":2,\"name\":\"Burze i wiatr\"}]},{\"@type\":\"WebSite\",\"@id\":\"http:\/\/smpolaniec.com.pl\/smpolaniec\/#website\",\"url\":\"http:\/\/smpolaniec.com.pl\/smpolaniec\/\",\"name\":\"smpolaniec.com.pl\",\"description\":\"Sp\u00f3\u0142dzielnia Mieszkaniowa Po\u0142aniec\",\"potentialAction\":[{\"@type\":\"SearchAction\",\"target\":{\"@type\":\"EntryPoint\",\"urlTemplate\":\"http:\/\/smpolaniec.com.pl\/smpolaniec\/?s={search_term_string}\"},\"query-input\":\"required name=search_term_string\"}],\"inLanguage\":\"pl-PL\"}]}<\/script>\n<!-- \/ Yoast SEO plugin. -->","yoast_head_json":{"title":"Burze i wiatr - smpolaniec.com.pl","robots":{"index":"index","follow":"follow","max-snippet":"max-snippet:-1","max-image-preview":"max-image-preview:large","max-video-preview":"max-video-preview:-1"},"canonical":"https:\/\/smpolaniec.com.pl\/smpolaniec\/burze-i-wiatr\/","og_locale":"pl_PL","og_type":"article","og_title":"Burze i wiatr - smpolaniec.com.pl","og_description":"Pora\u017cenie piorunem najcz\u0119\u015bciej ko\u0144czy si\u0119 \u015bmierci\u0105 lub trwa\u0142ym kalectwem. Wy\u0142adowanie atmosferyczne mo\u017ce spowodowa\u0107 po\u017car, uszkodzenie budynku lub spalenie instalacji elektrycznej oraz uszkodzenie wszystkich w\u0142\u0105czonych do niej urz\u0105dze\u0144, np. telewizora, komputera itp. Podstawowe zasady zachowania si\u0119 podczas burzy, porywistych wiatr\u00f3w i nawa\u0142nic. S\u0142uchaj aktualnych prognoz pogody w \u015brodkach masowego przekazu \u2013 zawieraj\u0105 one ostrze\u017cenia przed gro\u017anymi ... Dowiedz si\u0119 wi\u0119cej","og_url":"https:\/\/smpolaniec.com.pl\/smpolaniec\/burze-i-wiatr\/","og_site_name":"smpolaniec.com.pl","article_modified_time":"2020-02-17T17:59:07+00:00","twitter_card":"summary_large_image","twitter_misc":{"Szacowany czas czytania":"3 minuty"},"schema":{"@context":"https:\/\/schema.org","@graph":[{"@type":"WebPage","@id":"https:\/\/smpolaniec.com.pl\/smpolaniec\/burze-i-wiatr\/","url":"https:\/\/smpolaniec.com.pl\/smpolaniec\/burze-i-wiatr\/","name":"Burze i wiatr - smpolaniec.com.pl","isPartOf":{"@id":"http:\/\/smpolaniec.com.pl\/smpolaniec\/#website"},"datePublished":"2020-02-17T17:22:25+00:00","dateModified":"2020-02-17T17:59:07+00:00","breadcrumb":{"@id":"https:\/\/smpolaniec.com.pl\/smpolaniec\/burze-i-wiatr\/#breadcrumb"},"inLanguage":"pl-PL","potentialAction":[{"@type":"ReadAction","target":["https:\/\/smpolaniec.com.pl\/smpolaniec\/burze-i-wiatr\/"]}]},{"@type":"BreadcrumbList","@id":"https:\/\/smpolaniec.com.pl\/smpolaniec\/burze-i-wiatr\/#breadcrumb","itemListElement":[{"@type":"ListItem","position":1,"name":"Strona g\u0142\u00f3wna","item":"https:\/\/smpolaniec.com.pl\/smpolaniec\/"},{"@type":"ListItem","position":2,"name":"Burze i wiatr"}]},{"@type":"WebSite","@id":"http:\/\/smpolaniec.com.pl\/smpolaniec\/#website","url":"http:\/\/smpolaniec.com.pl\/smpolaniec\/","name":"smpolaniec.com.pl","description":"Sp\u00f3\u0142dzielnia Mieszkaniowa Po\u0142aniec","potentialAction":[{"@type":"SearchAction","target":{"@type":"EntryPoint","urlTemplate":"http:\/\/smpolaniec.com.pl\/smpolaniec\/?s={search_term_string}"},"query-input":"required name=search_term_string"}],"inLanguage":"pl-PL"}]}},"_links":{"self":[{"href":"https:\/\/smpolaniec.com.pl\/smpolaniec\/wp-json\/wp\/v2\/pages\/340"}],"collection":[{"href":"https:\/\/smpolaniec.com.pl\/smpolaniec\/wp-json\/wp\/v2\/pages"}],"about":[{"href":"https:\/\/smpolaniec.com.pl\/smpolaniec\/wp-json\/wp\/v2\/types\/page"}],"author":[{"embeddable":true,"href":"https:\/\/smpolaniec.com.pl\/smpolaniec\/wp-json\/wp\/v2\/users\/11"}],"replies":[{"embeddable":true,"href":"https:\/\/smpolaniec.com.pl\/smpolaniec\/wp-json\/wp\/v2\/comments?post=340"}],"version-history":[{"count":3,"href":"https:\/\/smpolaniec.com.pl\/smpolaniec\/wp-json\/wp\/v2\/pages\/340\/revisions"}],"predecessor-version":[{"id":358,"href":"https:\/\/smpolaniec.com.pl\/smpolaniec\/wp-json\/wp\/v2\/pages\/340\/revisions\/358"}],"wp:attachment":[{"href":"https:\/\/smpolaniec.com.pl\/smpolaniec\/wp-json\/wp\/v2\/media?parent=340"}],"curies":[{"name":"wp","href":"https:\/\/api.w.org\/{rel}","templated":true}]}}