{"id":343,"date":"2020-02-17T18:39:46","date_gmt":"2020-02-17T17:39:46","guid":{"rendered":"http:\/\/smpolaniec.com.pl\/smpolaniec\/?page_id=343"},"modified":"2020-02-17T18:59:56","modified_gmt":"2020-02-17T17:59:56","slug":"ochrona-przed-tlenkiem-wegla","status":"publish","type":"page","link":"https:\/\/smpolaniec.com.pl\/smpolaniec\/ochrona-przed-tlenkiem-wegla\/","title":{"rendered":"Ochrona przed tlenkiem w\u0119gla"},"content":{"rendered":"\n<h5 class=\"wp-block-heading\"> <strong>\u201eCzujka na stra\u017cy Twojego bezpiecze\u0144stwa!\u201d, to og\u00f3lnopolska kampania edukacyjno-informacyjna na temat zagro\u017ce\u0144 zwi\u0105zanych z mo\u017cliwo\u015bci\u0105 powstania po\u017car\u00f3w w mieszkaniach lub domach jednorodzinnych oraz zatruciem tlenkiem w\u0119gla. <\/strong><\/h5>\n\n\n\n<h3 class=\"has-vivid-red-color has-text-color has-text-align-center wp-block-heading\"> <strong>Sezon grzewczy w zimie<\/strong><\/h3>\n\n\n\n<p>\n\nW okresie jesienno-zimowym, w naszym kraju w mieszkaniach i domach jednorodzinnych wzrasta ryzyko powstania po\u017car\u00f3w. Najcz\u0119\u015bciej dochodzi do&nbsp;nich w wyniku wad, albo niew\u0142a\u015bciwej eksploatacji urz\u0105dze\u0144 grzewczych, elektrycznych i gazowych. W tym samym okresie odnotowywany jest tak\u017ce wzrost liczby zatru\u0107 tlenkiem w\u0119gla,&nbsp;zwanym &#8222;cichym zab\u00f3jc\u0105&#8221;, gdy\u017c jest niewidoczny oraz nie ma smaku, ani zapachu.<\/p>\n\n\n\n<p>Kampania jest skierowana do spo\u0142ecze\u0144stwa,&nbsp;m.in. do dzieci i&nbsp;m\u0142odzie\u017cy oraz do senior\u00f3w. Edukacja najm\u0142odszych jest wspania\u0142\u0105 inwestycj\u0105 w przysz\u0142o\u015b\u0107, z uwagi na fakt, \u017ce najm\u0142odsi w rozmowach z doros\u0142ymi dziel\u0105 si\u0119 zdobyt\u0105 wiedz\u0105. Kampania sk\u0142ada si\u0119 z kilku obszar\u00f3w m.in.: edukacji, informacji i promocji.<\/p>\n\n\n\n<p>Celem g\u0142\u00f3wnym kampanii jest zmniejszenie liczby ofiar po\u017car\u00f3w i zatru\u0107 tlenkiem w\u0119gla w mieszkaniach oraz domach jednorodzinnych. Celami szczeg\u00f3\u0142owymi s\u0105: podniesienie poziomu wiedzy na temat: zagro\u017ce\u0144 zwi\u0105zanych z po\u017carem w&nbsp;mieszkaniach lub domach jednorodzinnych, zagro\u017ce\u0144 zwi\u0105zanych z emisj\u0105 tlenku w\u0119gla, zapewnienia w\u0142a\u015bciwej ewakuacji oraz sposob\u00f3w powiadamiania s\u0142u\u017cb ratowniczych. Istotnym jest u\u015bwiadomienie odbiorcom kampanii korzy\u015bci, jakie niesie za sob\u0105 zamontowanie i w\u0142a\u015bciwa eksploatacja czujek dymu i tlenku w\u0119gla w mieszkaniach lub domach jednorodzinnych.&nbsp;Wa\u017cne jest przypomnienie w\u0142a\u015bcicielom i zarz\u0105dcom budynk\u00f3w obowi\u0105zku okresowego dokonywania przegl\u0105d\u00f3w i czyszczenie przewod\u00f3w kominowych oraz sprawdzenie instalacji wentylacyjnej.\n\n<\/p>\n\n\n\n<div class=\"wp-block-image\"><figure class=\"aligncenter size-large\"><img fetchpriority=\"high\" decoding=\"async\" width=\"595\" height=\"850\" src=\"http:\/\/smpolaniec.com.pl\/smpolaniec\/wp-content\/uploads\/2020\/02\/dym1.jpg\" alt=\"\" class=\"wp-image-345\" srcset=\"https:\/\/smpolaniec.com.pl\/smpolaniec\/wp-content\/uploads\/2020\/02\/dym1.jpg 595w, https:\/\/smpolaniec.com.pl\/smpolaniec\/wp-content\/uploads\/2020\/02\/dym1-210x300.jpg 210w\" sizes=\"(max-width: 595px) 100vw, 595px\" \/><\/figure><\/div>\n\n\n\n<h3 class=\"has-vivid-red-color has-text-color has-text-align-center wp-block-heading\"> <strong>G\u0142\u00f3wne przekazy i informacje<\/strong><\/h3>\n\n\n\n<ul><li>Ka\u017cdego roku w naszych mieszkaniach i domach powstaje kilkadziesi\u0105t tysi\u0119cy po\u017car\u00f3w i kilka tysi\u0119cy zdarze\u0144, gdzie dochodzi do emisji tlenku w\u0119gla. Nasz dom jest miejscem, w kt\u00f3rym ka\u017cdy z nas czuje si\u0119 najbezpieczniej. Pomimo tego, to w\u0142a\u015bnie tam ginie najwi\u0119ksza liczba os\u00f3b, a&nbsp;ofiarami po\u017car\u00f3w s\u0105 najcz\u0119\u015bciej ich sprawcy.<\/li><li>Tlenek w\u0119gla to bardzo truj\u0105cy gaz. Nie jest on wyczuwalny przez ludzkie zmys\u0142y. Tlenku w\u0119gla&nbsp;<strong>NIE us\u0142yszysz! NIE zobaczysz! NIE poczujesz!<\/strong><\/li><li>W okresie grzewczym wzrasta ryzyko powstania po\u017car\u00f3w i zatru\u0107 tlenkiem w\u0119gla w budynkach mieszkalnych. \u0179r\u00f3d\u0142em emisji tlenku w\u0119gla s\u0105 urz\u0105dzenia grzewcze opalane drewnem, w\u0119glem, gazem, olejem opa\u0142owym.<\/li><li>Co roku, a tym bardziej przed rozpocz\u0119ciem sezonu grzewczego nale\u017cy wykona\u0107 obowi\u0105zkowe okresowe przegl\u0105dy i czyszczenie przewod\u00f3w kominowych oraz sprawdzenie instalacji wentylacyjnej.<\/li><li>Pa\u0144stwowa Stra\u017c Po\u017carna rekomenduje instalowanie czujek dymu i tlenku w\u0119gla.<\/li><li>Pa\u0144stwowa Stra\u017c Po\u017carna przypomina o obowi\u0105zku w\u0142a\u015bciwego utrzymania stanu technicznego czujek dymu i tlenku w\u0119gla (m.in. wymian\u0119 baterii). Osobom starszym stra\u017cacy gotowi s\u0105 pom\u00f3c w&nbsp;zamontowaniu danej czujki lub wymianie w nich baterii.<\/li><li>Pa\u0144stwowa Stra\u017c Po\u017carna zwraca uwag\u0119 na fakt, \u017ce czujka tlenku w\u0119gla nie zast\u0119puje przegl\u0105du technicznego przewod\u00f3w wentylacyjnych i kominowych.<\/li><\/ul>\n\n\n\n<h5 class=\"has-vivid-red-color has-text-color has-text-align-center wp-block-heading\"> <strong><strong>Co zrobi\u0107, aby unikn\u0105\u0107 zaczadzenia?<\/strong><\/strong> <\/h5>\n\n\n\n<ol><li>Systematycznie czy\u015b\u0107, sprawdzaj szczelno\u015b\u0107 i wykonuj przegl\u0105dy techniczne przewod\u00f3w kominowych.<\/li><li>U\u017cytkuj tylko sprawne techniczne urz\u0105dzenia, zgodnie z&nbsp;instrukcj\u0105 producenta.<\/li><li>Nie zas\u0142aniaj i nie przykrywaj urz\u0105dze\u0144 grzewczych.<\/li><li>Nie zaklejaj i nie zas\u0142aniaj kratek wentylacyjnych.<\/li><li>W przypadku wymiany okien na nowe, sprawd\u017a poprawno\u015b\u0107 dzia\u0142ania wentylacji, nowe okna s\u0105 najcz\u0119\u015bciej o wiele bardziej szczelne w stosunku do wcze\u015bniej stosowanych w budynku i mog\u0105 pogarsza\u0107 wentylacj\u0119.<\/li><\/ol>\n\n\n\n<p>Nie bagatelizuj objaw\u00f3w takich jak: b\u00f3le i zawroty g\u0142owy, duszno\u015b\u0107, senno\u015b\u0107, os\u0142abienie, przyspieszona czynno\u015b\u0107 serca, mog\u0105 one by\u0107 sygna\u0142em, \u017ce ulegamy zatruciu tlenkiem w\u0119gla.<br><br>W takiej sytuacji natychmiast przewietrz pomieszczenie, w kt\u00f3rym si\u0119 znajdujesz i&nbsp;zasi\u0119gnij porady lekarskiej.<\/p>\n\n\n\n<div class=\"wp-block-image\"><figure class=\"aligncenter size-large\"><img decoding=\"async\" width=\"595\" height=\"850\" src=\"http:\/\/smpolaniec.com.pl\/smpolaniec\/wp-content\/uploads\/2020\/02\/CZAD1.jpg\" alt=\"\" class=\"wp-image-344\" srcset=\"https:\/\/smpolaniec.com.pl\/smpolaniec\/wp-content\/uploads\/2020\/02\/CZAD1.jpg 595w, https:\/\/smpolaniec.com.pl\/smpolaniec\/wp-content\/uploads\/2020\/02\/CZAD1-210x300.jpg 210w\" sizes=\"(max-width: 595px) 100vw, 595px\" \/><\/figure><\/div>\n\n\n\n<h3 class=\"has-vivid-red-color has-text-color has-text-align-center wp-block-heading\"> <strong>Sk\u0105d si\u0119 bierze czad i dlaczego jest tak niebezpieczny?<\/strong> <\/h3>\n\n\n\n<p>Czad, czyli tlenek w\u0119gla powstaje podczas procesu nieca\u0142kowitego spalania materia\u0142\u00f3w palnych. Ma silne w\u0142asno\u015bci toksyczne, jest l\u017cejszy od powietrza dlatego te\u017c gromadzi si\u0119 g\u0142\u00f3wnie pod sufitem. Niebezpiecze\u0144stwo zaczadzenia wynika z faktu, \u017ce tlenek w\u0119gla jest:<\/p>\n\n\n\n<ul><li>bezwonny,<\/li><li>bezbarwny,<\/li><li>pozbawiony smaku.<\/li><\/ul>\n\n\n\n<p>Czad blokuje dost\u0119p tlenu do organizmu, poprzez zajmowanie jego miejsca w&nbsp;hemoglobinie (czerwonych krwinkach), powoduj\u0105c przy d\u0142ugotrwa\u0142ym nara\u017ceniu \u015bmier\u0107.<br><br><\/p>\n\n\n\n<h3 class=\"has-vivid-red-color has-text-color has-text-align-center wp-block-heading\"> <strong>Co jest g\u0142\u00f3wn\u0105 przyczyn\u0105 zatru\u0107 tlenkiem w\u0119gla?<\/strong> <\/h3>\n\n\n\n<p>G\u0142\u00f3wnym \u017ar\u00f3d\u0142em zatru\u0107 w budynkach mieszkalnych jest niesprawno\u015b\u0107 przewod\u00f3w kominowych: wentylacyjnych i dymowych. Ich wadliwe dzia\u0142anie mo\u017ce wynika\u0107 z:<\/p>\n\n\n\n<ul><li>nieszczelno\u015bci,<\/li><li>braku konserwacji, w tym czyszczenia,<\/li><li>wad konstrukcyjnych,<\/li><li>niedostosowania istniej\u0105cego systemu wentylacji do standard\u00f3w szczelno\u015bci stosowanych okien i drzwi, w zwi\u0105zku z wymian\u0105 starych okien i drzwi na nowe.<\/li><\/ul>\n\n\n\n<h3 class=\"has-vivid-red-color has-text-color has-text-align-center wp-block-heading\">PRZYPOMINAMY!<\/h3>\n\n\n\n<p>Zgodnie z \u00a7 34 rozporz\u0105dzenia Ministra Spraw Wewn\u0119trznych i Administracji z 7.06 2010 r. w&nbsp;sprawie ochrony przeciwpo\u017carowej budynk\u00f3w, innych obiekt\u00f3w budowlanych i&nbsp;teren\u00f3w (Dz. U. Nr 109 poz.719), w obiektach, w kt\u00f3rych odbywa si\u0119 proces spalania paliwa sta\u0142ego, ciek\u0142ego lub gazowego, usuwa si\u0119 zanieczyszczenia z przewod\u00f3w dymowych i&nbsp;spalinowych:<\/p>\n\n\n\n<ul><li>cztery razy w roku w domach opalanych paliwem sta\u0142ym (np. w\u0119glem, drewnem),<\/li><li>dwa razy w roku w domach opalanych paliwem ciek\u0142ym i gazowym,<\/li><li>co najmniej raz w miesi\u0105cu, je\u017celi przepisy miejscowe nie stanowi\u0105 inaczej od palenisk zak\u0142ad\u00f3w zbiorowego \u017cywienia i us\u0142ug gastronomicznych.<\/li><li>co najmniej raz w roku usuwamy zanieczyszczenia z przewod\u00f3w wentylacyjnych.<\/li><\/ul>\n\n\n\n<p>Z kolei art. 62 ust. 1 pkt 1 c ustawy z dnia 7 lipca 1994 r. Prawo budowlane (Dz. U. z&nbsp;2010 r. Nr 243, poz.1624) zobowi\u0105zuje w\u0142a\u015bcicieli i zarz\u0105dc\u00f3w blok\u00f3w mieszkalnych i&nbsp;dom\u00f3w jednorodzinnych do okresowej kontroli, co najmniej raz w roku stanu technicznego instalacji gazowych oraz przewod\u00f3w kominowych (dymowych, spalinowych i&nbsp;wentylacyjnych).<\/p>\n\n\n\n<p style=\"color:#5b5951\" class=\"has-text-color\">\u0179r\u00f3d\u0142o: Komenda G\u0142\u00f3wna Pa\u0144stwowej Stra\u017cy Po\u017carnej;  <a href=\"https:\/\/www.straz.gov.pl\/porady\/Czujka_na_strazy_Twojego_bezpieczenstwa_2019_2020\">https:\/\/www.straz.gov.pl\/porady\/Czujka_na_strazy_Twojego_bezpieczenstwa_2019_2020<\/a> <br> Opracowanie:&nbsp;<em>Gabinet Komendanta G\u0142\u00f3wnego,&nbsp;Wydzia\u0142 Prewencji Spo\u0142ecznej KG PSP&nbsp;<\/em> <\/p>\n","protected":false},"excerpt":{"rendered":"<p>\u201eCzujka na stra\u017cy Twojego bezpiecze\u0144stwa!\u201d, to og\u00f3lnopolska kampania edukacyjno-informacyjna na temat zagro\u017ce\u0144 zwi\u0105zanych z mo\u017cliwo\u015bci\u0105 powstania po\u017car\u00f3w w mieszkaniach lub domach jednorodzinnych oraz zatruciem tlenkiem w\u0119gla. Sezon grzewczy w zimie W okresie jesienno-zimowym, w naszym kraju w mieszkaniach i domach jednorodzinnych wzrasta ryzyko powstania po\u017car\u00f3w. Najcz\u0119\u015bciej dochodzi do&nbsp;nich w wyniku wad, albo niew\u0142a\u015bciwej eksploatacji urz\u0105dze\u0144 &#8230; <a title=\"Ochrona przed tlenkiem w\u0119gla\" class=\"read-more\" href=\"https:\/\/smpolaniec.com.pl\/smpolaniec\/ochrona-przed-tlenkiem-wegla\/\" aria-label=\"Read more about Ochrona przed tlenkiem w\u0119gla\">Dowiedz si\u0119 wi\u0119cej<\/a><\/p>\n","protected":false},"author":11,"featured_media":0,"parent":0,"menu_order":0,"comment_status":"closed","ping_status":"closed","template":"","meta":{"_acf_changed":false,"footnotes":""},"acf":[],"yoast_head":"<!-- This site is optimized with the Yoast SEO plugin v22.8 - https:\/\/yoast.com\/wordpress\/plugins\/seo\/ -->\n<title>Ochrona przed tlenkiem w\u0119gla - smpolaniec.com.pl<\/title>\n<meta name=\"robots\" content=\"index, follow, max-snippet:-1, max-image-preview:large, max-video-preview:-1\" \/>\n<link rel=\"canonical\" href=\"https:\/\/smpolaniec.com.pl\/smpolaniec\/ochrona-przed-tlenkiem-wegla\/\" \/>\n<meta property=\"og:locale\" content=\"pl_PL\" \/>\n<meta property=\"og:type\" content=\"article\" \/>\n<meta property=\"og:title\" content=\"Ochrona przed tlenkiem w\u0119gla - smpolaniec.com.pl\" \/>\n<meta property=\"og:description\" content=\"\u201eCzujka na stra\u017cy Twojego bezpiecze\u0144stwa!\u201d, to og\u00f3lnopolska kampania edukacyjno-informacyjna na temat zagro\u017ce\u0144 zwi\u0105zanych z mo\u017cliwo\u015bci\u0105 powstania po\u017car\u00f3w w mieszkaniach lub domach jednorodzinnych oraz zatruciem tlenkiem w\u0119gla. Sezon grzewczy w zimie W okresie jesienno-zimowym, w naszym kraju w mieszkaniach i domach jednorodzinnych wzrasta ryzyko powstania po\u017car\u00f3w. Najcz\u0119\u015bciej dochodzi do&nbsp;nich w wyniku wad, albo niew\u0142a\u015bciwej eksploatacji urz\u0105dze\u0144 ... Dowiedz si\u0119 wi\u0119cej\" \/>\n<meta property=\"og:url\" content=\"https:\/\/smpolaniec.com.pl\/smpolaniec\/ochrona-przed-tlenkiem-wegla\/\" \/>\n<meta property=\"og:site_name\" content=\"smpolaniec.com.pl\" \/>\n<meta property=\"article:modified_time\" content=\"2020-02-17T17:59:56+00:00\" \/>\n<meta property=\"og:image\" content=\"http:\/\/smpolaniec.com.pl\/smpolaniec\/wp-content\/uploads\/2020\/02\/dym1.jpg\" \/>\n<meta name=\"twitter:card\" content=\"summary_large_image\" \/>\n<meta name=\"twitter:label1\" content=\"Szacowany czas czytania\" \/>\n\t<meta name=\"twitter:data1\" content=\"5 minut\" \/>\n<script type=\"application\/ld+json\" class=\"yoast-schema-graph\">{\"@context\":\"https:\/\/schema.org\",\"@graph\":[{\"@type\":\"WebPage\",\"@id\":\"https:\/\/smpolaniec.com.pl\/smpolaniec\/ochrona-przed-tlenkiem-wegla\/\",\"url\":\"https:\/\/smpolaniec.com.pl\/smpolaniec\/ochrona-przed-tlenkiem-wegla\/\",\"name\":\"Ochrona przed tlenkiem w\u0119gla - smpolaniec.com.pl\",\"isPartOf\":{\"@id\":\"http:\/\/smpolaniec.com.pl\/smpolaniec\/#website\"},\"primaryImageOfPage\":{\"@id\":\"https:\/\/smpolaniec.com.pl\/smpolaniec\/ochrona-przed-tlenkiem-wegla\/#primaryimage\"},\"image\":{\"@id\":\"https:\/\/smpolaniec.com.pl\/smpolaniec\/ochrona-przed-tlenkiem-wegla\/#primaryimage\"},\"thumbnailUrl\":\"http:\/\/smpolaniec.com.pl\/smpolaniec\/wp-content\/uploads\/2020\/02\/dym1.jpg\",\"datePublished\":\"2020-02-17T17:39:46+00:00\",\"dateModified\":\"2020-02-17T17:59:56+00:00\",\"breadcrumb\":{\"@id\":\"https:\/\/smpolaniec.com.pl\/smpolaniec\/ochrona-przed-tlenkiem-wegla\/#breadcrumb\"},\"inLanguage\":\"pl-PL\",\"potentialAction\":[{\"@type\":\"ReadAction\",\"target\":[\"https:\/\/smpolaniec.com.pl\/smpolaniec\/ochrona-przed-tlenkiem-wegla\/\"]}]},{\"@type\":\"ImageObject\",\"inLanguage\":\"pl-PL\",\"@id\":\"https:\/\/smpolaniec.com.pl\/smpolaniec\/ochrona-przed-tlenkiem-wegla\/#primaryimage\",\"url\":\"https:\/\/smpolaniec.com.pl\/smpolaniec\/wp-content\/uploads\/2020\/02\/dym1.jpg\",\"contentUrl\":\"https:\/\/smpolaniec.com.pl\/smpolaniec\/wp-content\/uploads\/2020\/02\/dym1.jpg\",\"width\":595,\"height\":850},{\"@type\":\"BreadcrumbList\",\"@id\":\"https:\/\/smpolaniec.com.pl\/smpolaniec\/ochrona-przed-tlenkiem-wegla\/#breadcrumb\",\"itemListElement\":[{\"@type\":\"ListItem\",\"position\":1,\"name\":\"Strona g\u0142\u00f3wna\",\"item\":\"https:\/\/smpolaniec.com.pl\/smpolaniec\/\"},{\"@type\":\"ListItem\",\"position\":2,\"name\":\"Ochrona przed tlenkiem w\u0119gla\"}]},{\"@type\":\"WebSite\",\"@id\":\"http:\/\/smpolaniec.com.pl\/smpolaniec\/#website\",\"url\":\"http:\/\/smpolaniec.com.pl\/smpolaniec\/\",\"name\":\"smpolaniec.com.pl\",\"description\":\"Sp\u00f3\u0142dzielnia Mieszkaniowa Po\u0142aniec\",\"potentialAction\":[{\"@type\":\"SearchAction\",\"target\":{\"@type\":\"EntryPoint\",\"urlTemplate\":\"http:\/\/smpolaniec.com.pl\/smpolaniec\/?s={search_term_string}\"},\"query-input\":\"required name=search_term_string\"}],\"inLanguage\":\"pl-PL\"}]}<\/script>\n<!-- \/ Yoast SEO plugin. -->","yoast_head_json":{"title":"Ochrona przed tlenkiem w\u0119gla - smpolaniec.com.pl","robots":{"index":"index","follow":"follow","max-snippet":"max-snippet:-1","max-image-preview":"max-image-preview:large","max-video-preview":"max-video-preview:-1"},"canonical":"https:\/\/smpolaniec.com.pl\/smpolaniec\/ochrona-przed-tlenkiem-wegla\/","og_locale":"pl_PL","og_type":"article","og_title":"Ochrona przed tlenkiem w\u0119gla - smpolaniec.com.pl","og_description":"\u201eCzujka na stra\u017cy Twojego bezpiecze\u0144stwa!\u201d, to og\u00f3lnopolska kampania edukacyjno-informacyjna na temat zagro\u017ce\u0144 zwi\u0105zanych z mo\u017cliwo\u015bci\u0105 powstania po\u017car\u00f3w w mieszkaniach lub domach jednorodzinnych oraz zatruciem tlenkiem w\u0119gla. Sezon grzewczy w zimie W okresie jesienno-zimowym, w naszym kraju w mieszkaniach i domach jednorodzinnych wzrasta ryzyko powstania po\u017car\u00f3w. Najcz\u0119\u015bciej dochodzi do&nbsp;nich w wyniku wad, albo niew\u0142a\u015bciwej eksploatacji urz\u0105dze\u0144 ... Dowiedz si\u0119 wi\u0119cej","og_url":"https:\/\/smpolaniec.com.pl\/smpolaniec\/ochrona-przed-tlenkiem-wegla\/","og_site_name":"smpolaniec.com.pl","article_modified_time":"2020-02-17T17:59:56+00:00","og_image":[{"url":"http:\/\/smpolaniec.com.pl\/smpolaniec\/wp-content\/uploads\/2020\/02\/dym1.jpg"}],"twitter_card":"summary_large_image","twitter_misc":{"Szacowany czas czytania":"5 minut"},"schema":{"@context":"https:\/\/schema.org","@graph":[{"@type":"WebPage","@id":"https:\/\/smpolaniec.com.pl\/smpolaniec\/ochrona-przed-tlenkiem-wegla\/","url":"https:\/\/smpolaniec.com.pl\/smpolaniec\/ochrona-przed-tlenkiem-wegla\/","name":"Ochrona przed tlenkiem w\u0119gla - smpolaniec.com.pl","isPartOf":{"@id":"http:\/\/smpolaniec.com.pl\/smpolaniec\/#website"},"primaryImageOfPage":{"@id":"https:\/\/smpolaniec.com.pl\/smpolaniec\/ochrona-przed-tlenkiem-wegla\/#primaryimage"},"image":{"@id":"https:\/\/smpolaniec.com.pl\/smpolaniec\/ochrona-przed-tlenkiem-wegla\/#primaryimage"},"thumbnailUrl":"http:\/\/smpolaniec.com.pl\/smpolaniec\/wp-content\/uploads\/2020\/02\/dym1.jpg","datePublished":"2020-02-17T17:39:46+00:00","dateModified":"2020-02-17T17:59:56+00:00","breadcrumb":{"@id":"https:\/\/smpolaniec.com.pl\/smpolaniec\/ochrona-przed-tlenkiem-wegla\/#breadcrumb"},"inLanguage":"pl-PL","potentialAction":[{"@type":"ReadAction","target":["https:\/\/smpolaniec.com.pl\/smpolaniec\/ochrona-przed-tlenkiem-wegla\/"]}]},{"@type":"ImageObject","inLanguage":"pl-PL","@id":"https:\/\/smpolaniec.com.pl\/smpolaniec\/ochrona-przed-tlenkiem-wegla\/#primaryimage","url":"https:\/\/smpolaniec.com.pl\/smpolaniec\/wp-content\/uploads\/2020\/02\/dym1.jpg","contentUrl":"https:\/\/smpolaniec.com.pl\/smpolaniec\/wp-content\/uploads\/2020\/02\/dym1.jpg","width":595,"height":850},{"@type":"BreadcrumbList","@id":"https:\/\/smpolaniec.com.pl\/smpolaniec\/ochrona-przed-tlenkiem-wegla\/#breadcrumb","itemListElement":[{"@type":"ListItem","position":1,"name":"Strona g\u0142\u00f3wna","item":"https:\/\/smpolaniec.com.pl\/smpolaniec\/"},{"@type":"ListItem","position":2,"name":"Ochrona przed tlenkiem w\u0119gla"}]},{"@type":"WebSite","@id":"http:\/\/smpolaniec.com.pl\/smpolaniec\/#website","url":"http:\/\/smpolaniec.com.pl\/smpolaniec\/","name":"smpolaniec.com.pl","description":"Sp\u00f3\u0142dzielnia Mieszkaniowa Po\u0142aniec","potentialAction":[{"@type":"SearchAction","target":{"@type":"EntryPoint","urlTemplate":"http:\/\/smpolaniec.com.pl\/smpolaniec\/?s={search_term_string}"},"query-input":"required name=search_term_string"}],"inLanguage":"pl-PL"}]}},"_links":{"self":[{"href":"https:\/\/smpolaniec.com.pl\/smpolaniec\/wp-json\/wp\/v2\/pages\/343"}],"collection":[{"href":"https:\/\/smpolaniec.com.pl\/smpolaniec\/wp-json\/wp\/v2\/pages"}],"about":[{"href":"https:\/\/smpolaniec.com.pl\/smpolaniec\/wp-json\/wp\/v2\/types\/page"}],"author":[{"embeddable":true,"href":"https:\/\/smpolaniec.com.pl\/smpolaniec\/wp-json\/wp\/v2\/users\/11"}],"replies":[{"embeddable":true,"href":"https:\/\/smpolaniec.com.pl\/smpolaniec\/wp-json\/wp\/v2\/comments?post=343"}],"version-history":[{"count":3,"href":"https:\/\/smpolaniec.com.pl\/smpolaniec\/wp-json\/wp\/v2\/pages\/343\/revisions"}],"predecessor-version":[{"id":359,"href":"https:\/\/smpolaniec.com.pl\/smpolaniec\/wp-json\/wp\/v2\/pages\/343\/revisions\/359"}],"wp:attachment":[{"href":"https:\/\/smpolaniec.com.pl\/smpolaniec\/wp-json\/wp\/v2\/media?parent=343"}],"curies":[{"name":"wp","href":"https:\/\/api.w.org\/{rel}","templated":true}]}}