{"id":403,"date":"2020-02-18T15:57:48","date_gmt":"2020-02-18T14:57:48","guid":{"rendered":"http:\/\/smpolaniec.com.pl\/smpolaniec\/membership-join\/membership-registration\/"},"modified":"2020-08-05T14:28:28","modified_gmt":"2020-08-05T12:28:28","slug":"membership-registration","status":"publish","type":"page","link":"https:\/\/smpolaniec.com.pl\/smpolaniec\/membership-join\/membership-registration\/","title":{"rendered":"Rejestracja"},"content":{"rendered":"<div class=\"swpm-registration-widget-form\">\n    <form id=\"swpm-registration-form\" class=\"swpm-validate-form\" name=\"swpm-registration-form\" method=\"post\" action=\"\">\n        <input type =\"hidden\" name=\"level_identifier\" value=\"c81e728d9d4c2f636f067f89cc14862c\" \/>\n        <table>\n            <tr class=\"swpm-registration-username-row\" >\n                <td><label for=\"user_name\">Nazwa u\u017cytkownika<\/label><\/td>\n                <td><input type=\"text\" id=\"user_name\" class=\"validate[required,custom[noapostrophe],custom[SWPMUserName],minSize[4],ajax[ajaxUserCall]]\" value=\"\" size=\"50\" name=\"user_name\" \/><\/td>\n            <\/tr>\n            <tr class=\"swpm-registration-email-row\">\n                <td><label for=\"email\">E-mail<\/label><\/td>\n                <td><input type=\"text\" autocomplete=\"off\" id=\"email\" class=\"validate[required,custom[email],ajax[ajaxEmailCall]]\" value=\"\" size=\"50\" name=\"email\" \/><\/td>\n            <\/tr>\n            <tr class=\"swpm-registration-password-row\">\n                <td><label for=\"password\">Has\u0142o<\/label><\/td>\n                <td><input type=\"password\" autocomplete=\"off\" id=\"password\" class=\"\" value=\"\" size=\"50\" name=\"password\" \/><\/td>\n            <\/tr>\n            <tr class=\"swpm-registration-password-retype-row\">\n                <td><label for=\"password_re\">Wprowad\u017a has\u0142o ponownie<\/label><\/td>\n                <td><input type=\"password\" autocomplete=\"off\" id=\"password_re\" value=\"\" size=\"50\" name=\"password_re\" \/><\/td>\n            <\/tr>\n            <tr class=\"swpm-registration-firstname-row\" >\n                <td><label for=\"first_name\">Imi\u0119<\/label><\/td>\n                <td><input type=\"text\" id=\"first_name\" value=\"\" size=\"50\" name=\"first_name\" \/><\/td>\n            <\/tr>\n            <tr class=\"swpm-registration-lastname-row\" >\n                <td><label for=\"last_name\">Nazwisko<\/label><\/td>\n                <td><input type=\"text\" id=\"last_name\" value=\"\" size=\"50\" name=\"last_name\" \/><\/td>\n            <\/tr>\n            <tr\n                class=\"swpm-registration-membership-level-row\"\n                                style=\"\"\n            >\n                <td><label for=\"membership_level\">Poziom dost\u0119pu<\/label><\/td>\n                <td>\n                    Lokator<input type=\"hidden\" value=\"2\" size=\"50\" name=\"swpm_membership_level\" id=\"membership_level\" \/><input type=\"hidden\" name=\"swpm_level_hash\" value=\"7b766b9de375514ee2e857c5c68ada7d\" \/>                <\/td>\n            <\/tr>\n                            <tr>\n                    <td colspan=\"2\" style=\"text-align: center;\">\n                        <label><input type=\"checkbox\" id=\"swpm-accept-terms\" name=\"accept_terms\" class=\"validate[required]\" value=\"1\"> Akceptuj\u0119  <a href=\"http:\/\/smpolaniec.com.pl\/smpolaniec\/polityka-prywatnosci\/\" target=\"_blank\">Regulamin<\/a><\/label>\n                    <\/td>\n                <\/tr>\n                                <tr>\n                    <td colspan=\"2\" style=\"text-align: center;\">\n                        <label><input type=\"checkbox\" id=\"swpm-accept-pp\" name=\"accept_pp\" class=\"validate[required]\" value=\"1\"> Zgadzam si\u0119 z  <a href=\"http:\/\/smpolaniec.com.pl\/smpolaniec\/klauzula-informacyjna-o-przetwarzaniu-danych-osobowych\/\" target=\"_blank\">Polityka prywatno\u015bci<\/a><\/label>\n                    <\/td>\n                <\/tr>\n                        <\/table>\n\n        <div class=\"swpm-before-registration-submit-section\" align=\"center\"><\/div>\n\n        <div class=\"swpm-registration-submit-section\" align=\"center\">\n            <input type=\"submit\" value=\"Zarejestruj si\u0119\" class=\"swpm-registration-submit\" name=\"swpm_registration_submit\" \/>\n        <\/div>\n\n        <input type=\"hidden\" name=\"action\" value=\"custom_posts\" \/>\n\n    <\/form>\n<\/div>\n\n","protected":false},"excerpt":{"rendered":"","protected":false},"author":11,"featured_media":0,"parent":402,"menu_order":0,"comment_status":"closed","ping_status":"closed","template":"","meta":{"_acf_changed":false,"footnotes":""},"acf":[],"yoast_head":"<!-- This site is optimized with the Yoast SEO plugin v22.8 - https:\/\/yoast.com\/wordpress\/plugins\/seo\/ -->\n<title>Rejestracja - smpolaniec.com.pl<\/title>\n<meta name=\"robots\" content=\"index, follow, max-snippet:-1, max-image-preview:large, max-video-preview:-1\" \/>\n<link rel=\"canonical\" href=\"https:\/\/smpolaniec.com.pl\/smpolaniec\/membership-join\/membership-registration\/\" \/>\n<meta property=\"og:locale\" content=\"pl_PL\" \/>\n<meta property=\"og:type\" content=\"article\" \/>\n<meta property=\"og:title\" content=\"Rejestracja - smpolaniec.com.pl\" \/>\n<meta property=\"og:url\" content=\"https:\/\/smpolaniec.com.pl\/smpolaniec\/membership-join\/membership-registration\/\" \/>\n<meta property=\"og:site_name\" content=\"smpolaniec.com.pl\" \/>\n<meta property=\"article:modified_time\" content=\"2020-08-05T12:28:28+00:00\" \/>\n<meta name=\"twitter:card\" content=\"summary_large_image\" \/>\n<script type=\"application\/ld+json\" class=\"yoast-schema-graph\">{\"@context\":\"https:\/\/schema.org\",\"@graph\":[{\"@type\":\"WebPage\",\"@id\":\"https:\/\/smpolaniec.com.pl\/smpolaniec\/membership-join\/membership-registration\/\",\"url\":\"https:\/\/smpolaniec.com.pl\/smpolaniec\/membership-join\/membership-registration\/\",\"name\":\"Rejestracja - smpolaniec.com.pl\",\"isPartOf\":{\"@id\":\"http:\/\/smpolaniec.com.pl\/smpolaniec\/#website\"},\"datePublished\":\"2020-02-18T14:57:48+00:00\",\"dateModified\":\"2020-08-05T12:28:28+00:00\",\"breadcrumb\":{\"@id\":\"https:\/\/smpolaniec.com.pl\/smpolaniec\/membership-join\/membership-registration\/#breadcrumb\"},\"inLanguage\":\"pl-PL\",\"potentialAction\":[{\"@type\":\"ReadAction\",\"target\":[\"https:\/\/smpolaniec.com.pl\/smpolaniec\/membership-join\/membership-registration\/\"]}]},{\"@type\":\"BreadcrumbList\",\"@id\":\"https:\/\/smpolaniec.com.pl\/smpolaniec\/membership-join\/membership-registration\/#breadcrumb\",\"itemListElement\":[{\"@type\":\"ListItem\",\"position\":1,\"name\":\"Strona g\u0142\u00f3wna\",\"item\":\"https:\/\/smpolaniec.com.pl\/smpolaniec\/\"},{\"@type\":\"ListItem\",\"position\":2,\"name\":\"Do\u0142\u0105cz do Nas\",\"item\":\"https:\/\/smpolaniec.com.pl\/smpolaniec\/membership-join\/\"},{\"@type\":\"ListItem\",\"position\":3,\"name\":\"Rejestracja\"}]},{\"@type\":\"WebSite\",\"@id\":\"http:\/\/smpolaniec.com.pl\/smpolaniec\/#website\",\"url\":\"http:\/\/smpolaniec.com.pl\/smpolaniec\/\",\"name\":\"smpolaniec.com.pl\",\"description\":\"Sp\u00f3\u0142dzielnia Mieszkaniowa Po\u0142aniec\",\"potentialAction\":[{\"@type\":\"SearchAction\",\"target\":{\"@type\":\"EntryPoint\",\"urlTemplate\":\"http:\/\/smpolaniec.com.pl\/smpolaniec\/?s={search_term_string}\"},\"query-input\":\"required name=search_term_string\"}],\"inLanguage\":\"pl-PL\"}]}<\/script>\n<!-- \/ Yoast SEO plugin. -->","yoast_head_json":{"title":"Rejestracja - smpolaniec.com.pl","robots":{"index":"index","follow":"follow","max-snippet":"max-snippet:-1","max-image-preview":"max-image-preview:large","max-video-preview":"max-video-preview:-1"},"canonical":"https:\/\/smpolaniec.com.pl\/smpolaniec\/membership-join\/membership-registration\/","og_locale":"pl_PL","og_type":"article","og_title":"Rejestracja - smpolaniec.com.pl","og_url":"https:\/\/smpolaniec.com.pl\/smpolaniec\/membership-join\/membership-registration\/","og_site_name":"smpolaniec.com.pl","article_modified_time":"2020-08-05T12:28:28+00:00","twitter_card":"summary_large_image","schema":{"@context":"https:\/\/schema.org","@graph":[{"@type":"WebPage","@id":"https:\/\/smpolaniec.com.pl\/smpolaniec\/membership-join\/membership-registration\/","url":"https:\/\/smpolaniec.com.pl\/smpolaniec\/membership-join\/membership-registration\/","name":"Rejestracja - smpolaniec.com.pl","isPartOf":{"@id":"http:\/\/smpolaniec.com.pl\/smpolaniec\/#website"},"datePublished":"2020-02-18T14:57:48+00:00","dateModified":"2020-08-05T12:28:28+00:00","breadcrumb":{"@id":"https:\/\/smpolaniec.com.pl\/smpolaniec\/membership-join\/membership-registration\/#breadcrumb"},"inLanguage":"pl-PL","potentialAction":[{"@type":"ReadAction","target":["https:\/\/smpolaniec.com.pl\/smpolaniec\/membership-join\/membership-registration\/"]}]},{"@type":"BreadcrumbList","@id":"https:\/\/smpolaniec.com.pl\/smpolaniec\/membership-join\/membership-registration\/#breadcrumb","itemListElement":[{"@type":"ListItem","position":1,"name":"Strona g\u0142\u00f3wna","item":"https:\/\/smpolaniec.com.pl\/smpolaniec\/"},{"@type":"ListItem","position":2,"name":"Do\u0142\u0105cz do Nas","item":"https:\/\/smpolaniec.com.pl\/smpolaniec\/membership-join\/"},{"@type":"ListItem","position":3,"name":"Rejestracja"}]},{"@type":"WebSite","@id":"http:\/\/smpolaniec.com.pl\/smpolaniec\/#website","url":"http:\/\/smpolaniec.com.pl\/smpolaniec\/","name":"smpolaniec.com.pl","description":"Sp\u00f3\u0142dzielnia Mieszkaniowa Po\u0142aniec","potentialAction":[{"@type":"SearchAction","target":{"@type":"EntryPoint","urlTemplate":"http:\/\/smpolaniec.com.pl\/smpolaniec\/?s={search_term_string}"},"query-input":"required name=search_term_string"}],"inLanguage":"pl-PL"}]}},"_links":{"self":[{"href":"https:\/\/smpolaniec.com.pl\/smpolaniec\/wp-json\/wp\/v2\/pages\/403"}],"collection":[{"href":"https:\/\/smpolaniec.com.pl\/smpolaniec\/wp-json\/wp\/v2\/pages"}],"about":[{"href":"https:\/\/smpolaniec.com.pl\/smpolaniec\/wp-json\/wp\/v2\/types\/page"}],"author":[{"embeddable":true,"href":"https:\/\/smpolaniec.com.pl\/smpolaniec\/wp-json\/wp\/v2\/users\/11"}],"replies":[{"embeddable":true,"href":"https:\/\/smpolaniec.com.pl\/smpolaniec\/wp-json\/wp\/v2\/comments?post=403"}],"version-history":[{"count":1,"href":"https:\/\/smpolaniec.com.pl\/smpolaniec\/wp-json\/wp\/v2\/pages\/403\/revisions"}],"predecessor-version":[{"id":969,"href":"https:\/\/smpolaniec.com.pl\/smpolaniec\/wp-json\/wp\/v2\/pages\/403\/revisions\/969"}],"up":[{"embeddable":true,"href":"https:\/\/smpolaniec.com.pl\/smpolaniec\/wp-json\/wp\/v2\/pages\/402"}],"wp:attachment":[{"href":"https:\/\/smpolaniec.com.pl\/smpolaniec\/wp-json\/wp\/v2\/media?parent=403"}],"curies":[{"name":"wp","href":"https:\/\/api.w.org\/{rel}","templated":true}]}}