{"id":41,"date":"2020-02-12T12:41:20","date_gmt":"2020-02-12T11:41:20","guid":{"rendered":"http:\/\/smpolaniec.com.pl\/smpolaniec\/?page_id=41"},"modified":"2020-04-26T21:04:56","modified_gmt":"2020-04-26T19:04:56","slug":"historia","status":"publish","type":"page","link":"https:\/\/smpolaniec.com.pl\/smpolaniec\/historia\/","title":{"rendered":"Historia"},"content":{"rendered":"\t\t<div data-elementor-type=\"wp-page\" data-elementor-id=\"41\" class=\"elementor elementor-41\">\n\t\t\t\t\t\t<section class=\"elementor-section elementor-top-section elementor-element elementor-element-2920e08 elementor-section-boxed elementor-section-height-default elementor-section-height-default\" data-id=\"2920e08\" data-element_type=\"section\" data-settings=\"{&quot;background_background&quot;:&quot;classic&quot;}\">\n\t\t\t\t\t\t<div class=\"elementor-container elementor-column-gap-wide\">\n\t\t\t\t\t<div class=\"elementor-column elementor-col-100 elementor-top-column elementor-element elementor-element-034b784\" data-id=\"034b784\" data-element_type=\"column\">\n\t\t\t<div class=\"elementor-widget-wrap elementor-element-populated\">\n\t\t\t\t\t\t<div class=\"elementor-element elementor-element-a1ba911 elementor-widget elementor-widget-heading\" data-id=\"a1ba911\" data-element_type=\"widget\" data-widget_type=\"heading.default\">\n\t\t\t\t<div class=\"elementor-widget-container\">\n\t\t\t<h3 class=\"elementor-heading-title elementor-size-default\">Historia sp\u00f3\u0142dzielni <\/h3>\t\t<\/div>\n\t\t\t\t<\/div>\n\t\t\t\t<div class=\"elementor-element elementor-element-922c326 elementor-widget-divider--view-line elementor-widget elementor-widget-divider\" data-id=\"922c326\" data-element_type=\"widget\" data-widget_type=\"divider.default\">\n\t\t\t\t<div class=\"elementor-widget-container\">\n\t\t\t\t\t<div class=\"elementor-divider\">\n\t\t\t<span class=\"elementor-divider-separator\">\n\t\t\t\t\t\t<\/span>\n\t\t<\/div>\n\t\t\t\t<\/div>\n\t\t\t\t<\/div>\n\t\t\t\t<section class=\"elementor-section elementor-inner-section elementor-element elementor-element-27c9cc2 elementor-section-boxed elementor-section-height-default elementor-section-height-default\" data-id=\"27c9cc2\" data-element_type=\"section\">\n\t\t\t\t\t\t<div class=\"elementor-container elementor-column-gap-default\">\n\t\t\t\t\t<div class=\"elementor-column elementor-col-50 elementor-inner-column elementor-element elementor-element-03230d6\" data-id=\"03230d6\" data-element_type=\"column\">\n\t\t\t<div class=\"elementor-widget-wrap elementor-element-populated\">\n\t\t\t\t\t\t<div class=\"elementor-element elementor-element-cf4b61d elementor-widget elementor-widget-text-editor\" data-id=\"cf4b61d\" data-element_type=\"widget\" data-widget_type=\"text-editor.default\">\n\t\t\t\t<div class=\"elementor-widget-container\">\n\t\t\t\t\t\t\t<ul><li><div align=\"left\">25.X.1983 r. Zebranie za\u0142o\u017cycielskie Sp\u00f3\u0142dzielni &#8211; dokonano wyboru pierwszej Rady Nadzorczej i Zarz\u0105du sp\u00f3\u0142dzielni i przyj\u0119to pierwszy Statut Sp\u00f3\u0142dzielni.<\/div><\/li><li><div align=\"left\">6.I.1984 r. Postanowieniem S\u0105du Rejonowego w Tarnobrzegu Sp\u00f3\u0142dzielnia zosta\u0142a wpisana do Rejestru Sadowego Sp\u00f3\u0142dzielni.<\/div><\/li><li><div align=\"left\">6.I.1985 r. Oddano pierwszy blok sp\u00f3\u0142dzielczy.<\/div><\/li><\/ul>\t\t\t\t\t\t<\/div>\n\t\t\t\t<\/div>\n\t\t\t\t\t<\/div>\n\t\t<\/div>\n\t\t\t\t<div class=\"elementor-column elementor-col-50 elementor-inner-column elementor-element elementor-element-b09a52f\" data-id=\"b09a52f\" data-element_type=\"column\">\n\t\t\t<div class=\"elementor-widget-wrap elementor-element-populated\">\n\t\t\t\t\t\t<div class=\"elementor-element elementor-element-343c169 elementor-widget elementor-widget-text-editor\" data-id=\"343c169\" data-element_type=\"widget\" data-widget_type=\"text-editor.default\">\n\t\t\t\t<div class=\"elementor-widget-container\">\n\t\t\t\t\t\t\t<ul><li><div align=\"left\">XII.1992 r. Sp\u00f3\u0142dzielnia zakupi\u0142a mieszkania zak\u0142adowe od Elektrowni Po\u0142aniec i powi\u0119kszy\u0142a swoje zasoby trzykrotnie.<\/div><\/li><li><div align=\"left\">8.IX.1995 r. Sp\u00f3\u0142dzielnia zakupi\u0142a od elektrowni Po\u0142aniec studio i sie\u0107 telewizji kablowej.<\/div><\/li><li><div align=\"left\">1996 r. Zostaje rozbudowana sie\u0107 telewizyjna na pozosta\u0142\u0105, nie okablowan\u0105 cz\u0119\u015b\u0107 osiedla.<\/div><\/li><\/ul>\t\t\t\t\t\t<\/div>\n\t\t\t\t<\/div>\n\t\t\t\t\t<\/div>\n\t\t<\/div>\n\t\t\t\t\t<\/div>\n\t\t<\/section>\n\t\t\t\t<div class=\"elementor-element elementor-element-ef01cad elementor-widget elementor-widget-heading\" data-id=\"ef01cad\" data-element_type=\"widget\" data-widget_type=\"heading.default\">\n\t\t\t\t<div class=\"elementor-widget-container\">\n\t\t\t<h3 class=\"elementor-heading-title elementor-size-default\">Sp\u00f3\u0142dzielnia obecnie administruje 78 budynkami, w kt\u00f3rych znajduje si\u0119 1800 mieszka\u0144 o \u0142\u0105cznej powierzchni 97 000 m2  powierzchni u\u017cytkowej, po\u0142o\u017conych na 22 ha.<\/h3>\t\t<\/div>\n\t\t\t\t<\/div>\n\t\t\t\t\t<\/div>\n\t\t<\/div>\n\t\t\t\t\t<\/div>\n\t\t<\/section>\n\t\t\t\t<\/div>\n\t\t","protected":false},"excerpt":{"rendered":"<p>Historia sp\u00f3\u0142dzielni 25.X.1983 r. Zebranie za\u0142o\u017cycielskie Sp\u00f3\u0142dzielni &#8211; dokonano wyboru pierwszej Rady Nadzorczej i Zarz\u0105du sp\u00f3\u0142dzielni i przyj\u0119to pierwszy Statut Sp\u00f3\u0142dzielni. 6.I.1984 r. Postanowieniem S\u0105du Rejonowego w Tarnobrzegu Sp\u00f3\u0142dzielnia zosta\u0142a wpisana do Rejestru Sadowego Sp\u00f3\u0142dzielni. 6.I.1985 r. Oddano pierwszy blok sp\u00f3\u0142dzielczy. XII.1992 r. Sp\u00f3\u0142dzielnia zakupi\u0142a mieszkania zak\u0142adowe od Elektrowni Po\u0142aniec i powi\u0119kszy\u0142a swoje zasoby trzykrotnie. &#8230; <a title=\"Historia\" class=\"read-more\" href=\"https:\/\/smpolaniec.com.pl\/smpolaniec\/historia\/\" aria-label=\"Read more about Historia\">Dowiedz si\u0119 wi\u0119cej<\/a><\/p>\n","protected":false},"author":11,"featured_media":0,"parent":0,"menu_order":0,"comment_status":"closed","ping_status":"closed","template":"","meta":{"_acf_changed":false,"footnotes":""},"acf":[],"yoast_head":"<!-- This site is optimized with the Yoast SEO plugin v22.8 - https:\/\/yoast.com\/wordpress\/plugins\/seo\/ -->\n<title>Historia - smpolaniec.com.pl<\/title>\n<meta name=\"robots\" content=\"index, follow, max-snippet:-1, max-image-preview:large, max-video-preview:-1\" \/>\n<link rel=\"canonical\" href=\"https:\/\/smpolaniec.com.pl\/smpolaniec\/historia\/\" \/>\n<meta property=\"og:locale\" content=\"pl_PL\" \/>\n<meta property=\"og:type\" content=\"article\" \/>\n<meta property=\"og:title\" content=\"Historia - smpolaniec.com.pl\" \/>\n<meta property=\"og:description\" content=\"Historia sp\u00f3\u0142dzielni 25.X.1983 r. Zebranie za\u0142o\u017cycielskie Sp\u00f3\u0142dzielni &#8211; dokonano wyboru pierwszej Rady Nadzorczej i Zarz\u0105du sp\u00f3\u0142dzielni i przyj\u0119to pierwszy Statut Sp\u00f3\u0142dzielni. 6.I.1984 r. Postanowieniem S\u0105du Rejonowego w Tarnobrzegu Sp\u00f3\u0142dzielnia zosta\u0142a wpisana do Rejestru Sadowego Sp\u00f3\u0142dzielni. 6.I.1985 r. Oddano pierwszy blok sp\u00f3\u0142dzielczy. XII.1992 r. Sp\u00f3\u0142dzielnia zakupi\u0142a mieszkania zak\u0142adowe od Elektrowni Po\u0142aniec i powi\u0119kszy\u0142a swoje zasoby trzykrotnie. ... Dowiedz si\u0119 wi\u0119cej\" \/>\n<meta property=\"og:url\" content=\"https:\/\/smpolaniec.com.pl\/smpolaniec\/historia\/\" \/>\n<meta property=\"og:site_name\" content=\"smpolaniec.com.pl\" \/>\n<meta property=\"article:modified_time\" content=\"2020-04-26T19:04:56+00:00\" \/>\n<meta name=\"twitter:card\" content=\"summary_large_image\" \/>\n<meta name=\"twitter:label1\" content=\"Szacowany czas czytania\" \/>\n\t<meta name=\"twitter:data1\" content=\"1 minuta\" \/>\n<script type=\"application\/ld+json\" class=\"yoast-schema-graph\">{\"@context\":\"https:\/\/schema.org\",\"@graph\":[{\"@type\":\"WebPage\",\"@id\":\"https:\/\/smpolaniec.com.pl\/smpolaniec\/historia\/\",\"url\":\"https:\/\/smpolaniec.com.pl\/smpolaniec\/historia\/\",\"name\":\"Historia - smpolaniec.com.pl\",\"isPartOf\":{\"@id\":\"http:\/\/smpolaniec.com.pl\/smpolaniec\/#website\"},\"datePublished\":\"2020-02-12T11:41:20+00:00\",\"dateModified\":\"2020-04-26T19:04:56+00:00\",\"breadcrumb\":{\"@id\":\"https:\/\/smpolaniec.com.pl\/smpolaniec\/historia\/#breadcrumb\"},\"inLanguage\":\"pl-PL\",\"potentialAction\":[{\"@type\":\"ReadAction\",\"target\":[\"https:\/\/smpolaniec.com.pl\/smpolaniec\/historia\/\"]}]},{\"@type\":\"BreadcrumbList\",\"@id\":\"https:\/\/smpolaniec.com.pl\/smpolaniec\/historia\/#breadcrumb\",\"itemListElement\":[{\"@type\":\"ListItem\",\"position\":1,\"name\":\"Strona g\u0142\u00f3wna\",\"item\":\"https:\/\/smpolaniec.com.pl\/smpolaniec\/\"},{\"@type\":\"ListItem\",\"position\":2,\"name\":\"Historia\"}]},{\"@type\":\"WebSite\",\"@id\":\"http:\/\/smpolaniec.com.pl\/smpolaniec\/#website\",\"url\":\"http:\/\/smpolaniec.com.pl\/smpolaniec\/\",\"name\":\"smpolaniec.com.pl\",\"description\":\"Sp\u00f3\u0142dzielnia Mieszkaniowa Po\u0142aniec\",\"potentialAction\":[{\"@type\":\"SearchAction\",\"target\":{\"@type\":\"EntryPoint\",\"urlTemplate\":\"http:\/\/smpolaniec.com.pl\/smpolaniec\/?s={search_term_string}\"},\"query-input\":\"required name=search_term_string\"}],\"inLanguage\":\"pl-PL\"}]}<\/script>\n<!-- \/ Yoast SEO plugin. -->","yoast_head_json":{"title":"Historia - smpolaniec.com.pl","robots":{"index":"index","follow":"follow","max-snippet":"max-snippet:-1","max-image-preview":"max-image-preview:large","max-video-preview":"max-video-preview:-1"},"canonical":"https:\/\/smpolaniec.com.pl\/smpolaniec\/historia\/","og_locale":"pl_PL","og_type":"article","og_title":"Historia - smpolaniec.com.pl","og_description":"Historia sp\u00f3\u0142dzielni 25.X.1983 r. Zebranie za\u0142o\u017cycielskie Sp\u00f3\u0142dzielni &#8211; dokonano wyboru pierwszej Rady Nadzorczej i Zarz\u0105du sp\u00f3\u0142dzielni i przyj\u0119to pierwszy Statut Sp\u00f3\u0142dzielni. 6.I.1984 r. Postanowieniem S\u0105du Rejonowego w Tarnobrzegu Sp\u00f3\u0142dzielnia zosta\u0142a wpisana do Rejestru Sadowego Sp\u00f3\u0142dzielni. 6.I.1985 r. Oddano pierwszy blok sp\u00f3\u0142dzielczy. XII.1992 r. Sp\u00f3\u0142dzielnia zakupi\u0142a mieszkania zak\u0142adowe od Elektrowni Po\u0142aniec i powi\u0119kszy\u0142a swoje zasoby trzykrotnie. ... Dowiedz si\u0119 wi\u0119cej","og_url":"https:\/\/smpolaniec.com.pl\/smpolaniec\/historia\/","og_site_name":"smpolaniec.com.pl","article_modified_time":"2020-04-26T19:04:56+00:00","twitter_card":"summary_large_image","twitter_misc":{"Szacowany czas czytania":"1 minuta"},"schema":{"@context":"https:\/\/schema.org","@graph":[{"@type":"WebPage","@id":"https:\/\/smpolaniec.com.pl\/smpolaniec\/historia\/","url":"https:\/\/smpolaniec.com.pl\/smpolaniec\/historia\/","name":"Historia - smpolaniec.com.pl","isPartOf":{"@id":"http:\/\/smpolaniec.com.pl\/smpolaniec\/#website"},"datePublished":"2020-02-12T11:41:20+00:00","dateModified":"2020-04-26T19:04:56+00:00","breadcrumb":{"@id":"https:\/\/smpolaniec.com.pl\/smpolaniec\/historia\/#breadcrumb"},"inLanguage":"pl-PL","potentialAction":[{"@type":"ReadAction","target":["https:\/\/smpolaniec.com.pl\/smpolaniec\/historia\/"]}]},{"@type":"BreadcrumbList","@id":"https:\/\/smpolaniec.com.pl\/smpolaniec\/historia\/#breadcrumb","itemListElement":[{"@type":"ListItem","position":1,"name":"Strona g\u0142\u00f3wna","item":"https:\/\/smpolaniec.com.pl\/smpolaniec\/"},{"@type":"ListItem","position":2,"name":"Historia"}]},{"@type":"WebSite","@id":"http:\/\/smpolaniec.com.pl\/smpolaniec\/#website","url":"http:\/\/smpolaniec.com.pl\/smpolaniec\/","name":"smpolaniec.com.pl","description":"Sp\u00f3\u0142dzielnia Mieszkaniowa Po\u0142aniec","potentialAction":[{"@type":"SearchAction","target":{"@type":"EntryPoint","urlTemplate":"http:\/\/smpolaniec.com.pl\/smpolaniec\/?s={search_term_string}"},"query-input":"required name=search_term_string"}],"inLanguage":"pl-PL"}]}},"_links":{"self":[{"href":"https:\/\/smpolaniec.com.pl\/smpolaniec\/wp-json\/wp\/v2\/pages\/41"}],"collection":[{"href":"https:\/\/smpolaniec.com.pl\/smpolaniec\/wp-json\/wp\/v2\/pages"}],"about":[{"href":"https:\/\/smpolaniec.com.pl\/smpolaniec\/wp-json\/wp\/v2\/types\/page"}],"author":[{"embeddable":true,"href":"https:\/\/smpolaniec.com.pl\/smpolaniec\/wp-json\/wp\/v2\/users\/11"}],"replies":[{"embeddable":true,"href":"https:\/\/smpolaniec.com.pl\/smpolaniec\/wp-json\/wp\/v2\/comments?post=41"}],"version-history":[{"count":6,"href":"https:\/\/smpolaniec.com.pl\/smpolaniec\/wp-json\/wp\/v2\/pages\/41\/revisions"}],"predecessor-version":[{"id":806,"href":"https:\/\/smpolaniec.com.pl\/smpolaniec\/wp-json\/wp\/v2\/pages\/41\/revisions\/806"}],"wp:attachment":[{"href":"https:\/\/smpolaniec.com.pl\/smpolaniec\/wp-json\/wp\/v2\/media?parent=41"}],"curies":[{"name":"wp","href":"https:\/\/api.w.org\/{rel}","templated":true}]}}