{"id":43,"date":"2020-02-12T12:43:38","date_gmt":"2020-02-12T11:43:38","guid":{"rendered":"http:\/\/smpolaniec.com.pl\/smpolaniec\/?page_id=43"},"modified":"2026-02-19T11:50:32","modified_gmt":"2026-02-19T10:50:32","slug":"zasoby-spoldzielni","status":"publish","type":"page","link":"https:\/\/smpolaniec.com.pl\/smpolaniec\/zasoby-spoldzielni\/","title":{"rendered":"Zasoby sp\u00f3\u0142dzielni"},"content":{"rendered":"\t\t<div data-elementor-type=\"wp-page\" data-elementor-id=\"43\" class=\"elementor elementor-43\">\n\t\t\t\t\t\t<section class=\"elementor-section elementor-top-section elementor-element elementor-element-6a2b354 elementor-section-full_width elementor-section-height-default elementor-section-height-default\" data-id=\"6a2b354\" data-element_type=\"section\">\n\t\t\t\t\t\t<div class=\"elementor-container elementor-column-gap-default\">\n\t\t\t\t\t<div class=\"elementor-column elementor-col-100 elementor-top-column elementor-element elementor-element-f36c380\" data-id=\"f36c380\" data-element_type=\"column\">\n\t\t\t<div class=\"elementor-widget-wrap elementor-element-populated\">\n\t\t\t\t\t\t<div class=\"elementor-element elementor-element-2ae0676 elementor-widget elementor-widget-heading\" data-id=\"2ae0676\" data-element_type=\"widget\" data-widget_type=\"heading.default\">\n\t\t\t\t<div class=\"elementor-widget-container\">\n\t\t\t<h4 class=\"elementor-heading-title elementor-size-default\">Sp\u00f3\u0142dzielnia administruje 78 budynkami, w kt\u00f3rych znajduje si\u0119 1800 mieszka\u0144 o \u0142\u0105cznej powierzchni 97 000 m2  powierzchni u\u017cytkowej, po\u0142o\u017conych na 22 ha.<\/h4>\t\t<\/div>\n\t\t\t\t<\/div>\n\t\t\t\t<div class=\"elementor-element elementor-element-597ecb0 elementor-widget-divider--view-line elementor-widget elementor-widget-divider\" data-id=\"597ecb0\" data-element_type=\"widget\" data-widget_type=\"divider.default\">\n\t\t\t\t<div class=\"elementor-widget-container\">\n\t\t\t\t\t<div class=\"elementor-divider\">\n\t\t\t<span class=\"elementor-divider-separator\">\n\t\t\t\t\t\t<\/span>\n\t\t<\/div>\n\t\t\t\t<\/div>\n\t\t\t\t<\/div>\n\t\t\t\t\t<\/div>\n\t\t<\/div>\n\t\t\t\t\t<\/div>\n\t\t<\/section>\n\t\t\t\t<section class=\"elementor-section elementor-top-section elementor-element elementor-element-cc9df0b elementor-section-boxed elementor-section-height-default elementor-section-height-default\" data-id=\"cc9df0b\" data-element_type=\"section\">\n\t\t\t\t\t\t<div class=\"elementor-container elementor-column-gap-default\">\n\t\t\t\t\t<div class=\"elementor-column elementor-col-100 elementor-top-column elementor-element elementor-element-3132511\" data-id=\"3132511\" data-element_type=\"column\">\n\t\t\t<div class=\"elementor-widget-wrap elementor-element-populated\">\n\t\t\t\t\t\t<div class=\"elementor-element elementor-element-73279f9 elementor-widget elementor-widget-heading\" data-id=\"73279f9\" data-element_type=\"widget\" data-widget_type=\"heading.default\">\n\t\t\t\t<div class=\"elementor-widget-container\">\n\t\t\t<h4 class=\"elementor-heading-title elementor-size-default\">Jeste\u015bmy w\u0142a\u015bcicielem telewizji kablowej, w kt\u00f3rej rozprowadzamy <br>nast\u0119puj\u0105ce programy telewizyjne:<\/h4>\t\t<\/div>\n\t\t\t\t<\/div>\n\t\t\t\t<section class=\"elementor-section elementor-inner-section elementor-element elementor-element-cad01fd elementor-section-boxed elementor-section-height-default elementor-section-height-default\" data-id=\"cad01fd\" data-element_type=\"section\">\n\t\t\t\t\t\t<div class=\"elementor-container elementor-column-gap-default\">\n\t\t\t\t\t<div class=\"elementor-column elementor-col-100 elementor-inner-column elementor-element elementor-element-6ed9495\" data-id=\"6ed9495\" data-element_type=\"column\">\n\t\t\t<div class=\"elementor-widget-wrap elementor-element-populated\">\n\t\t\t\t\t\t<div class=\"elementor-element elementor-element-8b66c08 elementor-widget elementor-widget-heading\" data-id=\"8b66c08\" data-element_type=\"widget\" data-widget_type=\"heading.default\">\n\t\t\t\t<div class=\"elementor-widget-container\">\n\t\t\t<h4 class=\"elementor-heading-title elementor-size-default\">51,00 z\u0142\/ miesi\u0105c<\/h4>\t\t<\/div>\n\t\t\t\t<\/div>\n\t\t\t\t\t<\/div>\n\t\t<\/div>\n\t\t\t\t\t<\/div>\n\t\t<\/section>\n\t\t\t\t<section class=\"elementor-section elementor-inner-section elementor-element elementor-element-3ada6b0 elementor-section-boxed elementor-section-height-default elementor-section-height-default\" data-id=\"3ada6b0\" data-element_type=\"section\">\n\t\t\t\t\t\t<div class=\"elementor-container elementor-column-gap-default\">\n\t\t\t\t\t<div class=\"elementor-column elementor-col-100 elementor-inner-column elementor-element elementor-element-980e680\" data-id=\"980e680\" data-element_type=\"column\">\n\t\t\t<div class=\"elementor-widget-wrap elementor-element-populated\">\n\t\t\t\t\t\t<div class=\"elementor-element elementor-element-b8143f2 elementor-widget elementor-widget-text-editor\" data-id=\"b8143f2\" data-element_type=\"widget\" data-widget_type=\"text-editor.default\">\n\t\t\t\t<div class=\"elementor-widget-container\">\n\t\t\t\t\t\t\t<table style=\"height: 2145px;\" border=\"1\" width=\"1329\" align=\"center\"><tbody><tr><td width=\"150\">\u00a0<\/td><td width=\"220\">\u00a0<\/td><td width=\"220\"><strong>Programy telewizyjne <\/strong><strong>system cyfrowy<\/strong><\/td><td width=\"220\"><strong>Programy telewizyjne<sup><br \/><\/sup><\/strong><strong>system HD<\/strong><\/td><\/tr><tr><td>\u00a0<\/td><td>\u00a0<\/td><td>\u00a0 &#8212;&#8212;&#8212;<\/td><td>\u00a0TVP 1<\/td><\/tr><tr><td>\u00a0<\/td><td>\u00a0<\/td><td>\u00a0 &#8212;&#8212;&#8212;<\/td><td>\u00a0TVP 2<\/td><\/tr><tr><td>\u00a0<\/td><td>\u00a0<\/td><td>\u00a0TVP KOBIETA<\/td><td>\u00a0TVP KULTURA<\/td><\/tr><tr><td>\u00a0<\/td><td>\u00a0<\/td><td>\u00a0TVP 3 KIELCE<\/td><td>\u00a0TVP SPORT<\/td><\/tr><tr><td>\u00a0<\/td><td>\u00a0<\/td><td>\u00a0TVP HISTORIA<\/td><td>\u00a0TVP INFO<\/td><\/tr><tr><td>\u00a0<\/td><td>\u00a0<\/td><td>\u00a0TVP ABC<\/td><td>\u00a0TVN<\/td><\/tr><tr><td>\u00a0<\/td><td>\u00a0<\/td><td>\u00a0TV TRWAM<\/td><td>\u00a0TVN 7 HD<\/td><\/tr><tr><td>\u00a0<\/td><td>\u00a0<\/td><td>\u00a0POLO TV<\/td><td>\u00a0TVN STYLE<\/td><\/tr><tr><td>\u00a0<\/td><td>\u00a0<\/td><td>\u00a0STARS TV<\/td><td>\u00a0TVN FABU\u0141A<\/td><\/tr><tr><td>\u00a0<\/td><td>\u00a0<\/td><td>\u00a0POLSAT NEWS 2<\/td><td>\u00a0HG TV<\/td><\/tr><tr><td>\u00a0<\/td><td>\u00a0<\/td><td>DISCO POLO<br \/>MUSIC<\/td><td>\u00a0TVN 24<\/td><\/tr><tr><td>\u00a0<\/td><td>\u00a0<\/td><td>SUPER POLSAT<\/td><td>\u00a0TVN TURBO<\/td><\/tr><tr><td>\u00a0<\/td><td>\u00a0<\/td><td>STOPKLATKA<\/td><td>\u00a0TLC<\/td><\/tr><tr><td>\u00a0<\/td><td>\u00a0<\/td><td>TV 6<\/td><td>\u00a0TVN 24 BI\u015a<\/td><\/tr><tr><td>\u00a0<\/td><td>\u00a0<\/td><td>ESKA TV<\/td><td>\u00a0TRAVEL CHANNEL<\/td><\/tr><tr><td>\u00a0<\/td><td>\u00a0<\/td><td>ESKA ROCK TV<\/td><td>\u00a0POLSAT SPORT<\/td><\/tr><tr><td>\u00a0<\/td><td>\u00a0<\/td><td>VOX MUSIC TV<\/td><td>\u00a0POLSAT<\/td><\/tr><tr><td>\u00a0<\/td><td>\u00a0<\/td><td>FOCUS TV<\/td><td>\u00a0POLSAT 2<\/td><\/tr><tr><td>\u00a0<\/td><td>\u00a0<\/td><td>ESKA TV EXTRA<\/td><td>\u00a0POLSAT CAFE<\/td><\/tr><tr><td>\u00a0<\/td><td>\u00a0<\/td><td>&#8212;&#8212;&#8212;<\/td><td>\u00a0POLSAT PLAY<\/td><\/tr><tr><td>\u00a0<\/td><td>\u00a0<\/td><td>TVN TTV<\/td><td>\u00a0POLSAT NEWS<\/td><\/tr><tr><td>\u00a0<\/td><td>\u00a0<\/td><td>TVS<\/td><td>\u00a0POLSAT FILM<\/td><\/tr><tr><td>\u00a0<\/td><td>\u00a0<\/td><td>&#8212;&#8212;&#8212;<\/td><td>\u00a0POLSAT SPORT EXTRA<\/td><\/tr><tr><td>\u00a0<\/td><td>\u00a0<\/td><td>&#8212;&#8212;&#8212;<\/td><td>\u00a0EUROSPORT 1<\/td><\/tr><tr><td>\u00a0<\/td><td>\u00a0<\/td><td>NOWA TV<\/td><td>\u00a0EUROSPORT 2<\/td><\/tr><tr><td>\u00a0<\/td><td>\u00a0<\/td><td>METRO<\/td><td>\u00a0POLSAT SPORT FIGHT<\/td><\/tr><tr><td>\u00a0<\/td><td>\u00a0<\/td><td>WP<\/td><td>\u00a0POLSAT SPORT NEWS<\/td><\/tr><tr><td>\u00a0<\/td><td>\u00a0<\/td><td>JIM JAM<\/td><td>\u00a0TV 4<\/td><\/tr><tr><td>\u00a0<\/td><td>\u00a0<\/td><td>\u00a0ZOOM TV<\/td><td>\u00a0POLSAT GAMES<\/td><\/tr><tr><td>\u00a0<\/td><td>\u00a0<\/td><td>4FUN TV<\/td><td>\u00a0POLSAT RODZINA<\/td><\/tr><tr><td>\u00a0<\/td><td>\u00a0<\/td><td>4FUN DANCE<\/td><td>\u00a0POLSAT MUSIC<\/td><\/tr><tr><td>\u00a0<\/td><td>\u00a0<\/td><td>4FUN KIDS<\/td><td>\u00a0POLSAT DOKU<\/td><\/tr><tr><td>\u00a0<\/td><td>\u00a0<\/td><td>TELEWIZJA REPUBLIKA<\/td><td>\u00a0WYDARZENIA24<\/td><\/tr><tr><td>\u00a0<\/td><td>\u00a0<\/td><td>DISCOVERY HISTORIA<\/td><td>\u00a0POLSAT SERIALE<\/td><\/tr><tr><td>\u00a0<\/td><td>\u00a0<\/td><td>\u00a0TV PULS<\/td><td>\u00a0DISCOVERY LIFE<\/td><\/tr><tr><td>\u00a0<\/td><td>\u00a0<\/td><td>TV PULS 2<\/td><td>\u00a0DISCOVERY SCIENCE<\/td><\/tr><tr><td>\u00a0<\/td><td>\u00a0<\/td><td>\u00a0<\/td><td>\u00a0DISCOVERY CHANNEL<\/td><\/tr><tr><td>\u00a0<\/td><td>\u00a0<\/td><td>\u00a0<\/td><td>\u00a0DISCOVERY TURBO XTRA<\/td><\/tr><tr><td>\u00a0<\/td><td>\u00a0<\/td><td>\u00a0<\/td><td>\u00a0INVESTIGATION DISCOVERY<\/td><\/tr><tr><td>\u00a0<\/td><td>\u00a0<\/td><td>\u00a0<\/td><td>\u00a0NATIONAL GEOGRAPHIC<\/td><\/tr><tr><td>\u00a0<\/td><td>\u00a0<\/td><td>\u00a0<\/td><td>\u00a0NATIONAL GEOGRAPHIC WILD<\/td><\/tr><tr><td>\u00a0<\/td><td>\u00a0<\/td><td>\u00a0<\/td><td>\u00a0MINI MINI<\/td><\/tr><tr><td>\u00a0<\/td><td>\u00a0<\/td><td>\u00a0<\/td><td>\u00a0ALE KINO +<\/td><\/tr><tr><td>\u00a0<\/td><td>\u00a0<\/td><td>\u00a0<\/td><td>\u00a0PLANETE<\/td><\/tr><tr><td>\u00a0<\/td><td>\u00a0<\/td><td>\u00a0<\/td><td>\u00a0ANIMAL PLANET<\/td><\/tr><tr><td>\u00a0<\/td><td>\u00a0<\/td><td>\u00a0<\/td><td>\u00a0TV POLONIA<\/td><\/tr><tr><td>\u00a0<\/td><td>\u00a0<\/td><td>\u00a0<\/td><td>\u00a0TVP DOKUMENT<\/td><\/tr><\/tbody><\/table>\t\t\t\t\t\t<\/div>\n\t\t\t\t<\/div>\n\t\t\t\t\t<\/div>\n\t\t<\/div>\n\t\t\t\t\t<\/div>\n\t\t<\/section>\n\t\t\t\t\t<\/div>\n\t\t<\/div>\n\t\t\t\t\t<\/div>\n\t\t<\/section>\n\t\t\t\t<section class=\"elementor-section elementor-top-section elementor-element elementor-element-600a041 elementor-section-boxed elementor-section-height-default elementor-section-height-default\" data-id=\"600a041\" data-element_type=\"section\">\n\t\t\t\t\t\t<div class=\"elementor-container elementor-column-gap-default\">\n\t\t\t\t\t<div class=\"elementor-column elementor-col-100 elementor-top-column elementor-element elementor-element-8095d40\" data-id=\"8095d40\" data-element_type=\"column\">\n\t\t\t<div class=\"elementor-widget-wrap\">\n\t\t\t\t\t\t\t<\/div>\n\t\t<\/div>\n\t\t\t\t\t<\/div>\n\t\t<\/section>\n\t\t\t\t<section class=\"elementor-section elementor-top-section elementor-element elementor-element-055207e elementor-section-boxed elementor-section-height-default elementor-section-height-default\" data-id=\"055207e\" data-element_type=\"section\">\n\t\t\t\t\t\t<div class=\"elementor-container elementor-column-gap-default\">\n\t\t\t\t\t<div class=\"elementor-column elementor-col-100 elementor-top-column elementor-element elementor-element-27ae0e2\" data-id=\"27ae0e2\" data-element_type=\"column\">\n\t\t\t<div class=\"elementor-widget-wrap elementor-element-populated\">\n\t\t\t\t\t\t<div class=\"elementor-element elementor-element-6277731 elementor-widget elementor-widget-heading\" data-id=\"6277731\" data-element_type=\"widget\" data-widget_type=\"heading.default\">\n\t\t\t\t<div class=\"elementor-widget-container\">\n\t\t\t<h4 class=\"elementor-heading-title elementor-size-default\">Oferta dla pe\u0142nego pakietu - 51,00 z\u0142\/miesi\u0105c<\/h4>\t\t<\/div>\n\t\t\t\t<\/div>\n\t\t\t\t<div class=\"elementor-element elementor-element-0e45317 elementor-widget elementor-widget-heading\" data-id=\"0e45317\" data-element_type=\"widget\" data-widget_type=\"heading.default\">\n\t\t\t\t<div class=\"elementor-widget-container\">\n\t\t\t<h3 class=\"elementor-heading-title elementor-size-default\"><a href=\"https:\/\/smpolaniec.com.pl\/smpolaniec\/wp-content\/uploads\/2024\/01\/Programy-TVK.pdf\" target=\"_blank\">Wykaz program\u00f3w TVK z kana\u0142ami i cz\u0119stotliwo\u015bciami po zmianach TVP 15.01.2024 <br>\n<\/a><\/h3>\t\t<\/div>\n\t\t\t\t<\/div>\n\t\t\t\t\t<\/div>\n\t\t<\/div>\n\t\t\t\t\t<\/div>\n\t\t<\/section>\n\t\t\t\t<\/div>\n\t\t","protected":false},"excerpt":{"rendered":"<p>Sp\u00f3\u0142dzielnia administruje 78 budynkami, w kt\u00f3rych znajduje si\u0119 1800 mieszka\u0144 o \u0142\u0105cznej powierzchni 97 000 m2 powierzchni u\u017cytkowej, po\u0142o\u017conych na 22 ha. Jeste\u015bmy w\u0142a\u015bcicielem telewizji kablowej, w kt\u00f3rej rozprowadzamy nast\u0119puj\u0105ce programy telewizyjne: 51,00 z\u0142\/ miesi\u0105c \u00a0 \u00a0 Programy telewizyjne system cyfrowy Programy telewizyjnesystem HD \u00a0 \u00a0 \u00a0 &#8212;&#8212;&#8212; \u00a0TVP 1 \u00a0 \u00a0 \u00a0 &#8212;&#8212;&#8212; \u00a0TVP &#8230; <a title=\"Zasoby sp\u00f3\u0142dzielni\" class=\"read-more\" href=\"https:\/\/smpolaniec.com.pl\/smpolaniec\/zasoby-spoldzielni\/\" aria-label=\"Read more about Zasoby sp\u00f3\u0142dzielni\">Dowiedz si\u0119 wi\u0119cej<\/a><\/p>\n","protected":false},"author":11,"featured_media":0,"parent":0,"menu_order":0,"comment_status":"closed","ping_status":"closed","template":"","meta":{"_acf_changed":false,"footnotes":""},"acf":[],"yoast_head":"<!-- This site is optimized with the Yoast SEO plugin v22.8 - https:\/\/yoast.com\/wordpress\/plugins\/seo\/ -->\n<title>Zasoby sp\u00f3\u0142dzielni - smpolaniec.com.pl<\/title>\n<meta name=\"robots\" content=\"index, follow, max-snippet:-1, max-image-preview:large, max-video-preview:-1\" \/>\n<link rel=\"canonical\" href=\"https:\/\/smpolaniec.com.pl\/smpolaniec\/zasoby-spoldzielni\/\" \/>\n<meta property=\"og:locale\" content=\"pl_PL\" \/>\n<meta property=\"og:type\" content=\"article\" \/>\n<meta property=\"og:title\" content=\"Zasoby sp\u00f3\u0142dzielni - smpolaniec.com.pl\" \/>\n<meta property=\"og:description\" content=\"Sp\u00f3\u0142dzielnia administruje 78 budynkami, w kt\u00f3rych znajduje si\u0119 1800 mieszka\u0144 o \u0142\u0105cznej powierzchni 97 000 m2 powierzchni u\u017cytkowej, po\u0142o\u017conych na 22 ha. Jeste\u015bmy w\u0142a\u015bcicielem telewizji kablowej, w kt\u00f3rej rozprowadzamy nast\u0119puj\u0105ce programy telewizyjne: 51,00 z\u0142\/ miesi\u0105c \u00a0 \u00a0 Programy telewizyjne system cyfrowy Programy telewizyjnesystem HD \u00a0 \u00a0 \u00a0 &#8212;&#8212;&#8212; \u00a0TVP 1 \u00a0 \u00a0 \u00a0 &#8212;&#8212;&#8212; \u00a0TVP ... Dowiedz si\u0119 wi\u0119cej\" \/>\n<meta property=\"og:url\" content=\"https:\/\/smpolaniec.com.pl\/smpolaniec\/zasoby-spoldzielni\/\" \/>\n<meta property=\"og:site_name\" content=\"smpolaniec.com.pl\" \/>\n<meta property=\"article:modified_time\" content=\"2026-02-19T10:50:32+00:00\" \/>\n<meta name=\"twitter:card\" content=\"summary_large_image\" \/>\n<meta name=\"twitter:label1\" content=\"Szacowany czas czytania\" \/>\n\t<meta name=\"twitter:data1\" content=\"2 minuty\" \/>\n<script type=\"application\/ld+json\" class=\"yoast-schema-graph\">{\"@context\":\"https:\/\/schema.org\",\"@graph\":[{\"@type\":\"WebPage\",\"@id\":\"https:\/\/smpolaniec.com.pl\/smpolaniec\/zasoby-spoldzielni\/\",\"url\":\"https:\/\/smpolaniec.com.pl\/smpolaniec\/zasoby-spoldzielni\/\",\"name\":\"Zasoby sp\u00f3\u0142dzielni - smpolaniec.com.pl\",\"isPartOf\":{\"@id\":\"http:\/\/smpolaniec.com.pl\/smpolaniec\/#website\"},\"datePublished\":\"2020-02-12T11:43:38+00:00\",\"dateModified\":\"2026-02-19T10:50:32+00:00\",\"breadcrumb\":{\"@id\":\"https:\/\/smpolaniec.com.pl\/smpolaniec\/zasoby-spoldzielni\/#breadcrumb\"},\"inLanguage\":\"pl-PL\",\"potentialAction\":[{\"@type\":\"ReadAction\",\"target\":[\"https:\/\/smpolaniec.com.pl\/smpolaniec\/zasoby-spoldzielni\/\"]}]},{\"@type\":\"BreadcrumbList\",\"@id\":\"https:\/\/smpolaniec.com.pl\/smpolaniec\/zasoby-spoldzielni\/#breadcrumb\",\"itemListElement\":[{\"@type\":\"ListItem\",\"position\":1,\"name\":\"Strona g\u0142\u00f3wna\",\"item\":\"https:\/\/smpolaniec.com.pl\/smpolaniec\/\"},{\"@type\":\"ListItem\",\"position\":2,\"name\":\"Zasoby sp\u00f3\u0142dzielni\"}]},{\"@type\":\"WebSite\",\"@id\":\"http:\/\/smpolaniec.com.pl\/smpolaniec\/#website\",\"url\":\"http:\/\/smpolaniec.com.pl\/smpolaniec\/\",\"name\":\"smpolaniec.com.pl\",\"description\":\"Sp\u00f3\u0142dzielnia Mieszkaniowa Po\u0142aniec\",\"potentialAction\":[{\"@type\":\"SearchAction\",\"target\":{\"@type\":\"EntryPoint\",\"urlTemplate\":\"http:\/\/smpolaniec.com.pl\/smpolaniec\/?s={search_term_string}\"},\"query-input\":\"required name=search_term_string\"}],\"inLanguage\":\"pl-PL\"}]}<\/script>\n<!-- \/ Yoast SEO plugin. -->","yoast_head_json":{"title":"Zasoby sp\u00f3\u0142dzielni - smpolaniec.com.pl","robots":{"index":"index","follow":"follow","max-snippet":"max-snippet:-1","max-image-preview":"max-image-preview:large","max-video-preview":"max-video-preview:-1"},"canonical":"https:\/\/smpolaniec.com.pl\/smpolaniec\/zasoby-spoldzielni\/","og_locale":"pl_PL","og_type":"article","og_title":"Zasoby sp\u00f3\u0142dzielni - smpolaniec.com.pl","og_description":"Sp\u00f3\u0142dzielnia administruje 78 budynkami, w kt\u00f3rych znajduje si\u0119 1800 mieszka\u0144 o \u0142\u0105cznej powierzchni 97 000 m2 powierzchni u\u017cytkowej, po\u0142o\u017conych na 22 ha. Jeste\u015bmy w\u0142a\u015bcicielem telewizji kablowej, w kt\u00f3rej rozprowadzamy nast\u0119puj\u0105ce programy telewizyjne: 51,00 z\u0142\/ miesi\u0105c \u00a0 \u00a0 Programy telewizyjne system cyfrowy Programy telewizyjnesystem HD \u00a0 \u00a0 \u00a0 &#8212;&#8212;&#8212; \u00a0TVP 1 \u00a0 \u00a0 \u00a0 &#8212;&#8212;&#8212; \u00a0TVP ... Dowiedz si\u0119 wi\u0119cej","og_url":"https:\/\/smpolaniec.com.pl\/smpolaniec\/zasoby-spoldzielni\/","og_site_name":"smpolaniec.com.pl","article_modified_time":"2026-02-19T10:50:32+00:00","twitter_card":"summary_large_image","twitter_misc":{"Szacowany czas czytania":"2 minuty"},"schema":{"@context":"https:\/\/schema.org","@graph":[{"@type":"WebPage","@id":"https:\/\/smpolaniec.com.pl\/smpolaniec\/zasoby-spoldzielni\/","url":"https:\/\/smpolaniec.com.pl\/smpolaniec\/zasoby-spoldzielni\/","name":"Zasoby sp\u00f3\u0142dzielni - smpolaniec.com.pl","isPartOf":{"@id":"http:\/\/smpolaniec.com.pl\/smpolaniec\/#website"},"datePublished":"2020-02-12T11:43:38+00:00","dateModified":"2026-02-19T10:50:32+00:00","breadcrumb":{"@id":"https:\/\/smpolaniec.com.pl\/smpolaniec\/zasoby-spoldzielni\/#breadcrumb"},"inLanguage":"pl-PL","potentialAction":[{"@type":"ReadAction","target":["https:\/\/smpolaniec.com.pl\/smpolaniec\/zasoby-spoldzielni\/"]}]},{"@type":"BreadcrumbList","@id":"https:\/\/smpolaniec.com.pl\/smpolaniec\/zasoby-spoldzielni\/#breadcrumb","itemListElement":[{"@type":"ListItem","position":1,"name":"Strona g\u0142\u00f3wna","item":"https:\/\/smpolaniec.com.pl\/smpolaniec\/"},{"@type":"ListItem","position":2,"name":"Zasoby sp\u00f3\u0142dzielni"}]},{"@type":"WebSite","@id":"http:\/\/smpolaniec.com.pl\/smpolaniec\/#website","url":"http:\/\/smpolaniec.com.pl\/smpolaniec\/","name":"smpolaniec.com.pl","description":"Sp\u00f3\u0142dzielnia Mieszkaniowa Po\u0142aniec","potentialAction":[{"@type":"SearchAction","target":{"@type":"EntryPoint","urlTemplate":"http:\/\/smpolaniec.com.pl\/smpolaniec\/?s={search_term_string}"},"query-input":"required name=search_term_string"}],"inLanguage":"pl-PL"}]}},"_links":{"self":[{"href":"https:\/\/smpolaniec.com.pl\/smpolaniec\/wp-json\/wp\/v2\/pages\/43"}],"collection":[{"href":"https:\/\/smpolaniec.com.pl\/smpolaniec\/wp-json\/wp\/v2\/pages"}],"about":[{"href":"https:\/\/smpolaniec.com.pl\/smpolaniec\/wp-json\/wp\/v2\/types\/page"}],"author":[{"embeddable":true,"href":"https:\/\/smpolaniec.com.pl\/smpolaniec\/wp-json\/wp\/v2\/users\/11"}],"replies":[{"embeddable":true,"href":"https:\/\/smpolaniec.com.pl\/smpolaniec\/wp-json\/wp\/v2\/comments?post=43"}],"version-history":[{"count":141,"href":"https:\/\/smpolaniec.com.pl\/smpolaniec\/wp-json\/wp\/v2\/pages\/43\/revisions"}],"predecessor-version":[{"id":2467,"href":"https:\/\/smpolaniec.com.pl\/smpolaniec\/wp-json\/wp\/v2\/pages\/43\/revisions\/2467"}],"wp:attachment":[{"href":"https:\/\/smpolaniec.com.pl\/smpolaniec\/wp-json\/wp\/v2\/media?parent=43"}],"curies":[{"name":"wp","href":"https:\/\/api.w.org\/{rel}","templated":true}]}}