{"id":45,"date":"2020-02-12T12:44:14","date_gmt":"2020-02-12T11:44:14","guid":{"rendered":"http:\/\/smpolaniec.com.pl\/smpolaniec\/?page_id=45"},"modified":"2020-05-14T14:47:48","modified_gmt":"2020-05-14T12:47:48","slug":"przepisy-prawne","status":"publish","type":"page","link":"https:\/\/smpolaniec.com.pl\/smpolaniec\/przepisy-prawne\/","title":{"rendered":"Przepisy prawne"},"content":{"rendered":"\n<h3 class=\"has-text-align-center wp-block-heading\"> Dzia\u0142alno\u015b\u0107 Sp\u00f3\u0142dzielni mi\u0119dzy innymi reguluj\u0105 nast\u0119puj\u0105ce przepisy: <\/h3>\n\n\n\n<ul><li><a rel=\"noreferrer noopener\" href=\"http:\/\/www.smpolaniec.com.pl\/sm\/Ustawa_20-07-2017.pdf\" target=\"_blank\">Ustawa z dnia 20 lipca 2017 r. o zmianie ustawy o sp\u00f3\u0142dzielniach mieszkaniowych, ustawy \u2013 Kodeks post\u0119powania cywilnego oraz ustawy &#8211; Prawo Sp\u00f3\u0142dzielcze<\/a><\/li><li><a rel=\"noreferrer noopener\" href=\"http:\/\/www.smpolaniec.com.pl\/sm\/prawospoldzielcze.pdf\" target=\"_blank\" class=\"rank-math-link\">Prawo Sp\u00f3dzielcze tekst jednolity Dz.U. z 2016 poz. 21 \u00a0z p\u00f3\u017an. zm.<\/a><\/li><li><a rel=\"noreferrer noopener\" href=\"http:\/\/www.smpolaniec.com.pl\/sm\/ustawaospoldzielniach.pdf\" target=\"_blank\">Ustawa o Sp\u00f3\u0142dzielniach Mieszkaniowych tekst jednolity Dz.U. z 2013r poz. 1222, zm: Dz.U. z 2015r poz.201<\/a><\/li><li><a rel=\"noreferrer noopener\" href=\"http:\/\/www.smpolaniec.com.pl\/sm\/przepisy3.pdf\" target=\"_blank\">Ustawa o ochronie praw lokator\u00f3w Dz.U.Nr 71 poz. 733 z 2001r.<\/a><\/li><li><a rel=\"noreferrer noopener\" href=\"http:\/\/www.smpolaniec.com.pl\/sm\/tekst_jednolity_2018.pdf\" target=\"_blank\">Statut Sp\u00f3\u0142dzielni &#8211; tekst jednolity z dnia 19.06.2018\u00a0<\/a><\/li><li><a rel=\"noreferrer noopener\" href=\"http:\/\/www.smpolaniec.com.pl\/sm\/reg_porz_dom.pdf\" target=\"_blank\">Zasady u\u017cywania lokalu mieszkalnego i porz\u0105dku domowego<\/a><\/li><li><a rel=\"noreferrer noopener\" href=\"https:\/\/www.smpolaniec.com.pl\/sm\/RegulaminTVK2013.pdf\" target=\"_blank\">Regulamin \u015bwiadcze\u0144 us\u0142ug telekomunikacyjnych w SM \u201ePo\u0142aniec\u201d<\/a>\u00a0oraz\u00a0<a rel=\"noreferrer noopener\" href=\"https:\/\/www.smpolaniec.com.pl\/sm\/ANEKS-DO-REGULAMINU-TVK.pdf\" target=\"_blank\">Aneks do tego Regulaminu<\/a><\/li><li><a href=\"https:\/\/www.smpolaniec.com.pl\/klauzulaRODO.pdf\" target=\"_blank\" aria-label=\" (opens in a new tab)\" rel=\"noreferrer noopener\" class=\"rank-math-link\">Klauzula informacyjna RODO<\/a><\/li><\/ul>\n","protected":false},"excerpt":{"rendered":"<p>Dzia\u0142alno\u015b\u0107 Sp\u00f3\u0142dzielni mi\u0119dzy innymi reguluj\u0105 nast\u0119puj\u0105ce przepisy: Ustawa z dnia 20 lipca 2017 r. o zmianie ustawy o sp\u00f3\u0142dzielniach mieszkaniowych, ustawy \u2013 Kodeks post\u0119powania cywilnego oraz ustawy &#8211; Prawo Sp\u00f3\u0142dzielcze Prawo Sp\u00f3dzielcze tekst jednolity Dz.U. z 2016 poz. 21 \u00a0z p\u00f3\u017an. zm. Ustawa o Sp\u00f3\u0142dzielniach Mieszkaniowych tekst jednolity Dz.U. z 2013r poz. 1222, zm: Dz.U. &#8230; <a title=\"Przepisy prawne\" class=\"read-more\" href=\"https:\/\/smpolaniec.com.pl\/smpolaniec\/przepisy-prawne\/\" aria-label=\"Read more about Przepisy prawne\">Dowiedz si\u0119 wi\u0119cej<\/a><\/p>\n","protected":false},"author":11,"featured_media":0,"parent":0,"menu_order":0,"comment_status":"closed","ping_status":"closed","template":"","meta":{"_acf_changed":false,"footnotes":""},"acf":[],"yoast_head":"<!-- This site is optimized with the Yoast SEO plugin v22.8 - https:\/\/yoast.com\/wordpress\/plugins\/seo\/ -->\n<title>Przepisy prawne - smpolaniec.com.pl<\/title>\n<meta name=\"robots\" content=\"index, follow, max-snippet:-1, max-image-preview:large, max-video-preview:-1\" \/>\n<link rel=\"canonical\" href=\"https:\/\/smpolaniec.com.pl\/smpolaniec\/przepisy-prawne\/\" \/>\n<meta property=\"og:locale\" content=\"pl_PL\" \/>\n<meta property=\"og:type\" content=\"article\" \/>\n<meta property=\"og:title\" content=\"Przepisy prawne - smpolaniec.com.pl\" \/>\n<meta property=\"og:description\" content=\"Dzia\u0142alno\u015b\u0107 Sp\u00f3\u0142dzielni mi\u0119dzy innymi reguluj\u0105 nast\u0119puj\u0105ce przepisy: Ustawa z dnia 20 lipca 2017 r. o zmianie ustawy o sp\u00f3\u0142dzielniach mieszkaniowych, ustawy \u2013 Kodeks post\u0119powania cywilnego oraz ustawy &#8211; Prawo Sp\u00f3\u0142dzielcze Prawo Sp\u00f3dzielcze tekst jednolity Dz.U. z 2016 poz. 21 \u00a0z p\u00f3\u017an. zm. Ustawa o Sp\u00f3\u0142dzielniach Mieszkaniowych tekst jednolity Dz.U. z 2013r poz. 1222, zm: Dz.U. ... Dowiedz si\u0119 wi\u0119cej\" \/>\n<meta property=\"og:url\" content=\"https:\/\/smpolaniec.com.pl\/smpolaniec\/przepisy-prawne\/\" \/>\n<meta property=\"og:site_name\" content=\"smpolaniec.com.pl\" \/>\n<meta property=\"article:modified_time\" content=\"2020-05-14T12:47:48+00:00\" \/>\n<meta name=\"twitter:card\" content=\"summary_large_image\" \/>\n<meta name=\"twitter:label1\" content=\"Szacowany czas czytania\" \/>\n\t<meta name=\"twitter:data1\" content=\"1 minuta\" \/>\n<script type=\"application\/ld+json\" class=\"yoast-schema-graph\">{\"@context\":\"https:\/\/schema.org\",\"@graph\":[{\"@type\":\"WebPage\",\"@id\":\"https:\/\/smpolaniec.com.pl\/smpolaniec\/przepisy-prawne\/\",\"url\":\"https:\/\/smpolaniec.com.pl\/smpolaniec\/przepisy-prawne\/\",\"name\":\"Przepisy prawne - smpolaniec.com.pl\",\"isPartOf\":{\"@id\":\"http:\/\/smpolaniec.com.pl\/smpolaniec\/#website\"},\"datePublished\":\"2020-02-12T11:44:14+00:00\",\"dateModified\":\"2020-05-14T12:47:48+00:00\",\"breadcrumb\":{\"@id\":\"https:\/\/smpolaniec.com.pl\/smpolaniec\/przepisy-prawne\/#breadcrumb\"},\"inLanguage\":\"pl-PL\",\"potentialAction\":[{\"@type\":\"ReadAction\",\"target\":[\"https:\/\/smpolaniec.com.pl\/smpolaniec\/przepisy-prawne\/\"]}]},{\"@type\":\"BreadcrumbList\",\"@id\":\"https:\/\/smpolaniec.com.pl\/smpolaniec\/przepisy-prawne\/#breadcrumb\",\"itemListElement\":[{\"@type\":\"ListItem\",\"position\":1,\"name\":\"Strona g\u0142\u00f3wna\",\"item\":\"https:\/\/smpolaniec.com.pl\/smpolaniec\/\"},{\"@type\":\"ListItem\",\"position\":2,\"name\":\"Przepisy prawne\"}]},{\"@type\":\"WebSite\",\"@id\":\"http:\/\/smpolaniec.com.pl\/smpolaniec\/#website\",\"url\":\"http:\/\/smpolaniec.com.pl\/smpolaniec\/\",\"name\":\"smpolaniec.com.pl\",\"description\":\"Sp\u00f3\u0142dzielnia Mieszkaniowa Po\u0142aniec\",\"potentialAction\":[{\"@type\":\"SearchAction\",\"target\":{\"@type\":\"EntryPoint\",\"urlTemplate\":\"http:\/\/smpolaniec.com.pl\/smpolaniec\/?s={search_term_string}\"},\"query-input\":\"required name=search_term_string\"}],\"inLanguage\":\"pl-PL\"}]}<\/script>\n<!-- \/ Yoast SEO plugin. -->","yoast_head_json":{"title":"Przepisy prawne - smpolaniec.com.pl","robots":{"index":"index","follow":"follow","max-snippet":"max-snippet:-1","max-image-preview":"max-image-preview:large","max-video-preview":"max-video-preview:-1"},"canonical":"https:\/\/smpolaniec.com.pl\/smpolaniec\/przepisy-prawne\/","og_locale":"pl_PL","og_type":"article","og_title":"Przepisy prawne - smpolaniec.com.pl","og_description":"Dzia\u0142alno\u015b\u0107 Sp\u00f3\u0142dzielni mi\u0119dzy innymi reguluj\u0105 nast\u0119puj\u0105ce przepisy: Ustawa z dnia 20 lipca 2017 r. o zmianie ustawy o sp\u00f3\u0142dzielniach mieszkaniowych, ustawy \u2013 Kodeks post\u0119powania cywilnego oraz ustawy &#8211; Prawo Sp\u00f3\u0142dzielcze Prawo Sp\u00f3dzielcze tekst jednolity Dz.U. z 2016 poz. 21 \u00a0z p\u00f3\u017an. zm. Ustawa o Sp\u00f3\u0142dzielniach Mieszkaniowych tekst jednolity Dz.U. z 2013r poz. 1222, zm: Dz.U. ... Dowiedz si\u0119 wi\u0119cej","og_url":"https:\/\/smpolaniec.com.pl\/smpolaniec\/przepisy-prawne\/","og_site_name":"smpolaniec.com.pl","article_modified_time":"2020-05-14T12:47:48+00:00","twitter_card":"summary_large_image","twitter_misc":{"Szacowany czas czytania":"1 minuta"},"schema":{"@context":"https:\/\/schema.org","@graph":[{"@type":"WebPage","@id":"https:\/\/smpolaniec.com.pl\/smpolaniec\/przepisy-prawne\/","url":"https:\/\/smpolaniec.com.pl\/smpolaniec\/przepisy-prawne\/","name":"Przepisy prawne - smpolaniec.com.pl","isPartOf":{"@id":"http:\/\/smpolaniec.com.pl\/smpolaniec\/#website"},"datePublished":"2020-02-12T11:44:14+00:00","dateModified":"2020-05-14T12:47:48+00:00","breadcrumb":{"@id":"https:\/\/smpolaniec.com.pl\/smpolaniec\/przepisy-prawne\/#breadcrumb"},"inLanguage":"pl-PL","potentialAction":[{"@type":"ReadAction","target":["https:\/\/smpolaniec.com.pl\/smpolaniec\/przepisy-prawne\/"]}]},{"@type":"BreadcrumbList","@id":"https:\/\/smpolaniec.com.pl\/smpolaniec\/przepisy-prawne\/#breadcrumb","itemListElement":[{"@type":"ListItem","position":1,"name":"Strona g\u0142\u00f3wna","item":"https:\/\/smpolaniec.com.pl\/smpolaniec\/"},{"@type":"ListItem","position":2,"name":"Przepisy prawne"}]},{"@type":"WebSite","@id":"http:\/\/smpolaniec.com.pl\/smpolaniec\/#website","url":"http:\/\/smpolaniec.com.pl\/smpolaniec\/","name":"smpolaniec.com.pl","description":"Sp\u00f3\u0142dzielnia Mieszkaniowa Po\u0142aniec","potentialAction":[{"@type":"SearchAction","target":{"@type":"EntryPoint","urlTemplate":"http:\/\/smpolaniec.com.pl\/smpolaniec\/?s={search_term_string}"},"query-input":"required name=search_term_string"}],"inLanguage":"pl-PL"}]}},"_links":{"self":[{"href":"https:\/\/smpolaniec.com.pl\/smpolaniec\/wp-json\/wp\/v2\/pages\/45"}],"collection":[{"href":"https:\/\/smpolaniec.com.pl\/smpolaniec\/wp-json\/wp\/v2\/pages"}],"about":[{"href":"https:\/\/smpolaniec.com.pl\/smpolaniec\/wp-json\/wp\/v2\/types\/page"}],"author":[{"embeddable":true,"href":"https:\/\/smpolaniec.com.pl\/smpolaniec\/wp-json\/wp\/v2\/users\/11"}],"replies":[{"embeddable":true,"href":"https:\/\/smpolaniec.com.pl\/smpolaniec\/wp-json\/wp\/v2\/comments?post=45"}],"version-history":[{"count":5,"href":"https:\/\/smpolaniec.com.pl\/smpolaniec\/wp-json\/wp\/v2\/pages\/45\/revisions"}],"predecessor-version":[{"id":905,"href":"https:\/\/smpolaniec.com.pl\/smpolaniec\/wp-json\/wp\/v2\/pages\/45\/revisions\/905"}],"wp:attachment":[{"href":"https:\/\/smpolaniec.com.pl\/smpolaniec\/wp-json\/wp\/v2\/media?parent=45"}],"curies":[{"name":"wp","href":"https:\/\/api.w.org\/{rel}","templated":true}]}}