{"id":476,"date":"2020-02-19T11:07:20","date_gmt":"2020-02-19T10:07:20","guid":{"rendered":"http:\/\/smpolaniec.com.pl\/smpolaniec\/?page_id=476"},"modified":"2026-01-13T10:36:23","modified_gmt":"2026-01-13T09:36:23","slug":"kupie-sprzedam","status":"publish","type":"page","link":"https:\/\/smpolaniec.com.pl\/smpolaniec\/kupie-sprzedam\/","title":{"rendered":"Kupi\u0119 \/ sprzedam"},"content":{"rendered":"\t\t<div data-elementor-type=\"wp-page\" data-elementor-id=\"476\" class=\"elementor elementor-476\">\n\t\t\t\t\t\t<section class=\"elementor-section elementor-top-section elementor-element elementor-element-bf3b940 elementor-section-boxed elementor-section-height-default elementor-section-height-default\" data-id=\"bf3b940\" data-element_type=\"section\">\n\t\t\t\t\t\t<div class=\"elementor-container elementor-column-gap-default\">\n\t\t\t\t\t<div class=\"elementor-column elementor-col-100 elementor-top-column elementor-element elementor-element-2fe0dc9\" data-id=\"2fe0dc9\" data-element_type=\"column\">\n\t\t\t<div class=\"elementor-widget-wrap elementor-element-populated\">\n\t\t\t\t\t\t<div class=\"elementor-element elementor-element-b80b925 elementor-widget elementor-widget-heading\" data-id=\"b80b925\" data-element_type=\"widget\" data-widget_type=\"heading.default\">\n\t\t\t\t<div class=\"elementor-widget-container\">\n\t\t\t<h2 class=\"elementor-heading-title elementor-size-default\">KUPI\u0118 \/ SPRZEDAM <\/h2>\t\t<\/div>\n\t\t\t\t<\/div>\n\t\t\t\t<div class=\"elementor-element elementor-element-d2042cd elementor-widget-divider--view-line elementor-widget elementor-widget-divider\" data-id=\"d2042cd\" data-element_type=\"widget\" data-widget_type=\"divider.default\">\n\t\t\t\t<div class=\"elementor-widget-container\">\n\t\t\t\t\t<div class=\"elementor-divider\">\n\t\t\t<span class=\"elementor-divider-separator\">\n\t\t\t\t\t\t<\/span>\n\t\t<\/div>\n\t\t\t\t<\/div>\n\t\t\t\t<\/div>\n\t\t\t\t\t<\/div>\n\t\t<\/div>\n\t\t\t\t\t<\/div>\n\t\t<\/section>\n\t\t\t\t<section class=\"elementor-section elementor-top-section elementor-element elementor-element-159887b9 elementor-section-boxed elementor-section-height-default elementor-section-height-default\" data-id=\"159887b9\" data-element_type=\"section\">\n\t\t\t\t\t\t<div class=\"elementor-container elementor-column-gap-default\">\n\t\t\t\t\t<div class=\"elementor-column elementor-col-100 elementor-top-column elementor-element elementor-element-7c38510a\" data-id=\"7c38510a\" data-element_type=\"column\">\n\t\t\t<div class=\"elementor-widget-wrap elementor-element-populated\">\n\t\t\t\t\t\t<section class=\"elementor-section elementor-inner-section elementor-element elementor-element-6a294c14 elementor-section-boxed elementor-section-height-default elementor-section-height-default\" data-id=\"6a294c14\" data-element_type=\"section\">\n\t\t\t\t\t\t<div class=\"elementor-container elementor-column-gap-default\">\n\t\t\t\t\t<div class=\"elementor-column elementor-col-50 elementor-inner-column elementor-element elementor-element-68f5d575\" data-id=\"68f5d575\" data-element_type=\"column\">\n\t\t\t<div class=\"elementor-widget-wrap elementor-element-populated\">\n\t\t\t\t\t\t<div class=\"elementor-element elementor-element-1f80f89c elementor-widget elementor-widget-heading\" data-id=\"1f80f89c\" data-element_type=\"widget\" data-widget_type=\"heading.default\">\n\t\t\t\t<div class=\"elementor-widget-container\">\n\t\t\t<h2 class=\"elementor-heading-title elementor-size-default\">SPRZEDAM:<\/h2>\t\t<\/div>\n\t\t\t\t<\/div>\n\t\t\t\t\t<\/div>\n\t\t<\/div>\n\t\t\t\t<div class=\"elementor-column elementor-col-50 elementor-inner-column elementor-element elementor-element-f45ba62\" data-id=\"f45ba62\" data-element_type=\"column\">\n\t\t\t<div class=\"elementor-widget-wrap elementor-element-populated\">\n\t\t\t\t\t\t<div class=\"elementor-element elementor-element-4835a99c elementor-widget elementor-widget-heading\" data-id=\"4835a99c\" data-element_type=\"widget\" data-widget_type=\"heading.default\">\n\t\t\t\t<div class=\"elementor-widget-container\">\n\t\t\t<h2 class=\"elementor-heading-title elementor-size-default\">Mieszkanie w Po\u0142a\u0144cu<\/h2>\t\t<\/div>\n\t\t\t\t<\/div>\n\t\t\t\t\t<\/div>\n\t\t<\/div>\n\t\t\t\t\t<\/div>\n\t\t<\/section>\n\t\t\t\t<section class=\"elementor-section elementor-inner-section elementor-element elementor-element-2724593f elementor-section-boxed elementor-section-height-default elementor-section-height-default\" data-id=\"2724593f\" data-element_type=\"section\">\n\t\t\t\t\t\t<div class=\"elementor-container elementor-column-gap-default\">\n\t\t\t\t\t<div class=\"elementor-column elementor-col-100 elementor-inner-column elementor-element elementor-element-31005f80\" data-id=\"31005f80\" data-element_type=\"column\">\n\t\t\t<div class=\"elementor-widget-wrap elementor-element-populated\">\n\t\t\t\t\t\t\t<\/div>\n\t\t<\/div>\n\t\t\t\t\t<\/div>\n\t\t<\/section>\n\t\t\t\t<section class=\"elementor-section elementor-inner-section elementor-element elementor-element-903fb3e elementor-section-boxed elementor-section-height-default elementor-section-height-default\" data-id=\"903fb3e\" data-element_type=\"section\">\n\t\t\t\t\t\t<div class=\"elementor-container elementor-column-gap-default\">\n\t\t\t\t\t<div class=\"elementor-column elementor-col-100 elementor-inner-column elementor-element elementor-element-3cd248ef\" data-id=\"3cd248ef\" data-element_type=\"column\">\n\t\t\t<div class=\"elementor-widget-wrap elementor-element-populated\">\n\t\t\t\t\t\t\t<\/div>\n\t\t<\/div>\n\t\t\t\t\t<\/div>\n\t\t<\/section>\n\t\t\t\t<section class=\"elementor-section elementor-inner-section elementor-element elementor-element-518e781e elementor-section-boxed elementor-section-height-default elementor-section-height-default\" data-id=\"518e781e\" data-element_type=\"section\">\n\t\t\t\t\t\t<div class=\"elementor-container elementor-column-gap-default\">\n\t\t\t\t\t<div class=\"elementor-column elementor-col-50 elementor-inner-column elementor-element elementor-element-394fe793\" data-id=\"394fe793\" data-element_type=\"column\">\n\t\t\t<div class=\"elementor-widget-wrap elementor-element-populated\">\n\t\t\t\t\t\t\t<\/div>\n\t\t<\/div>\n\t\t\t\t<div class=\"elementor-column elementor-col-50 elementor-inner-column elementor-element elementor-element-60d7f750\" data-id=\"60d7f750\" data-element_type=\"column\">\n\t\t\t<div class=\"elementor-widget-wrap elementor-element-populated\">\n\t\t\t\t\t\t<div class=\"elementor-element elementor-element-647a2ef2 elementor-widget elementor-widget-heading\" data-id=\"647a2ef2\" data-element_type=\"widget\" data-widget_type=\"heading.default\">\n\t\t\t\t<div class=\"elementor-widget-container\">\n\t\t\t<h2 class=\"elementor-heading-title elementor-size-default\">EMAIL: <\/h2>\t\t<\/div>\n\t\t\t\t<\/div>\n\t\t\t\t\t<\/div>\n\t\t<\/div>\n\t\t\t\t\t<\/div>\n\t\t<\/section>\n\t\t\t\t\t<\/div>\n\t\t<\/div>\n\t\t\t\t\t<\/div>\n\t\t<\/section>\n\t\t\t\t<\/div>\n\t\t","protected":false},"excerpt":{"rendered":"<p>KUPI\u0118 \/ SPRZEDAM SPRZEDAM: Mieszkanie w Po\u0142a\u0144cu EMAIL:<\/p>\n","protected":false},"author":11,"featured_media":0,"parent":0,"menu_order":0,"comment_status":"closed","ping_status":"closed","template":"","meta":{"_acf_changed":false,"footnotes":""},"acf":[],"yoast_head":"<!-- This site is optimized with the Yoast SEO plugin v22.8 - https:\/\/yoast.com\/wordpress\/plugins\/seo\/ -->\n<title>Kupi\u0119 \/ sprzedam - smpolaniec.com.pl<\/title>\n<meta name=\"robots\" content=\"index, follow, max-snippet:-1, max-image-preview:large, max-video-preview:-1\" \/>\n<link rel=\"canonical\" href=\"https:\/\/smpolaniec.com.pl\/smpolaniec\/kupie-sprzedam\/\" \/>\n<meta property=\"og:locale\" content=\"pl_PL\" \/>\n<meta property=\"og:type\" content=\"article\" \/>\n<meta property=\"og:title\" content=\"Kupi\u0119 \/ sprzedam - smpolaniec.com.pl\" \/>\n<meta property=\"og:description\" content=\"KUPI\u0118 \/ SPRZEDAM SPRZEDAM: Mieszkanie w Po\u0142a\u0144cu EMAIL:\" \/>\n<meta property=\"og:url\" content=\"https:\/\/smpolaniec.com.pl\/smpolaniec\/kupie-sprzedam\/\" \/>\n<meta property=\"og:site_name\" content=\"smpolaniec.com.pl\" \/>\n<meta property=\"article:modified_time\" content=\"2026-01-13T09:36:23+00:00\" \/>\n<meta name=\"twitter:card\" content=\"summary_large_image\" \/>\n<meta name=\"twitter:label1\" content=\"Szacowany czas czytania\" \/>\n\t<meta name=\"twitter:data1\" content=\"1 minuta\" \/>\n<script type=\"application\/ld+json\" class=\"yoast-schema-graph\">{\"@context\":\"https:\/\/schema.org\",\"@graph\":[{\"@type\":\"WebPage\",\"@id\":\"https:\/\/smpolaniec.com.pl\/smpolaniec\/kupie-sprzedam\/\",\"url\":\"https:\/\/smpolaniec.com.pl\/smpolaniec\/kupie-sprzedam\/\",\"name\":\"Kupi\u0119 \/ sprzedam - smpolaniec.com.pl\",\"isPartOf\":{\"@id\":\"http:\/\/smpolaniec.com.pl\/smpolaniec\/#website\"},\"datePublished\":\"2020-02-19T10:07:20+00:00\",\"dateModified\":\"2026-01-13T09:36:23+00:00\",\"breadcrumb\":{\"@id\":\"https:\/\/smpolaniec.com.pl\/smpolaniec\/kupie-sprzedam\/#breadcrumb\"},\"inLanguage\":\"pl-PL\",\"potentialAction\":[{\"@type\":\"ReadAction\",\"target\":[\"https:\/\/smpolaniec.com.pl\/smpolaniec\/kupie-sprzedam\/\"]}]},{\"@type\":\"BreadcrumbList\",\"@id\":\"https:\/\/smpolaniec.com.pl\/smpolaniec\/kupie-sprzedam\/#breadcrumb\",\"itemListElement\":[{\"@type\":\"ListItem\",\"position\":1,\"name\":\"Strona g\u0142\u00f3wna\",\"item\":\"https:\/\/smpolaniec.com.pl\/smpolaniec\/\"},{\"@type\":\"ListItem\",\"position\":2,\"name\":\"Kupi\u0119 \/ sprzedam\"}]},{\"@type\":\"WebSite\",\"@id\":\"http:\/\/smpolaniec.com.pl\/smpolaniec\/#website\",\"url\":\"http:\/\/smpolaniec.com.pl\/smpolaniec\/\",\"name\":\"smpolaniec.com.pl\",\"description\":\"Sp\u00f3\u0142dzielnia Mieszkaniowa Po\u0142aniec\",\"potentialAction\":[{\"@type\":\"SearchAction\",\"target\":{\"@type\":\"EntryPoint\",\"urlTemplate\":\"http:\/\/smpolaniec.com.pl\/smpolaniec\/?s={search_term_string}\"},\"query-input\":\"required name=search_term_string\"}],\"inLanguage\":\"pl-PL\"}]}<\/script>\n<!-- \/ Yoast SEO plugin. -->","yoast_head_json":{"title":"Kupi\u0119 \/ sprzedam - smpolaniec.com.pl","robots":{"index":"index","follow":"follow","max-snippet":"max-snippet:-1","max-image-preview":"max-image-preview:large","max-video-preview":"max-video-preview:-1"},"canonical":"https:\/\/smpolaniec.com.pl\/smpolaniec\/kupie-sprzedam\/","og_locale":"pl_PL","og_type":"article","og_title":"Kupi\u0119 \/ sprzedam - smpolaniec.com.pl","og_description":"KUPI\u0118 \/ SPRZEDAM SPRZEDAM: Mieszkanie w Po\u0142a\u0144cu EMAIL:","og_url":"https:\/\/smpolaniec.com.pl\/smpolaniec\/kupie-sprzedam\/","og_site_name":"smpolaniec.com.pl","article_modified_time":"2026-01-13T09:36:23+00:00","twitter_card":"summary_large_image","twitter_misc":{"Szacowany czas czytania":"1 minuta"},"schema":{"@context":"https:\/\/schema.org","@graph":[{"@type":"WebPage","@id":"https:\/\/smpolaniec.com.pl\/smpolaniec\/kupie-sprzedam\/","url":"https:\/\/smpolaniec.com.pl\/smpolaniec\/kupie-sprzedam\/","name":"Kupi\u0119 \/ sprzedam - smpolaniec.com.pl","isPartOf":{"@id":"http:\/\/smpolaniec.com.pl\/smpolaniec\/#website"},"datePublished":"2020-02-19T10:07:20+00:00","dateModified":"2026-01-13T09:36:23+00:00","breadcrumb":{"@id":"https:\/\/smpolaniec.com.pl\/smpolaniec\/kupie-sprzedam\/#breadcrumb"},"inLanguage":"pl-PL","potentialAction":[{"@type":"ReadAction","target":["https:\/\/smpolaniec.com.pl\/smpolaniec\/kupie-sprzedam\/"]}]},{"@type":"BreadcrumbList","@id":"https:\/\/smpolaniec.com.pl\/smpolaniec\/kupie-sprzedam\/#breadcrumb","itemListElement":[{"@type":"ListItem","position":1,"name":"Strona g\u0142\u00f3wna","item":"https:\/\/smpolaniec.com.pl\/smpolaniec\/"},{"@type":"ListItem","position":2,"name":"Kupi\u0119 \/ sprzedam"}]},{"@type":"WebSite","@id":"http:\/\/smpolaniec.com.pl\/smpolaniec\/#website","url":"http:\/\/smpolaniec.com.pl\/smpolaniec\/","name":"smpolaniec.com.pl","description":"Sp\u00f3\u0142dzielnia Mieszkaniowa Po\u0142aniec","potentialAction":[{"@type":"SearchAction","target":{"@type":"EntryPoint","urlTemplate":"http:\/\/smpolaniec.com.pl\/smpolaniec\/?s={search_term_string}"},"query-input":"required name=search_term_string"}],"inLanguage":"pl-PL"}]}},"_links":{"self":[{"href":"https:\/\/smpolaniec.com.pl\/smpolaniec\/wp-json\/wp\/v2\/pages\/476"}],"collection":[{"href":"https:\/\/smpolaniec.com.pl\/smpolaniec\/wp-json\/wp\/v2\/pages"}],"about":[{"href":"https:\/\/smpolaniec.com.pl\/smpolaniec\/wp-json\/wp\/v2\/types\/page"}],"author":[{"embeddable":true,"href":"https:\/\/smpolaniec.com.pl\/smpolaniec\/wp-json\/wp\/v2\/users\/11"}],"replies":[{"embeddable":true,"href":"https:\/\/smpolaniec.com.pl\/smpolaniec\/wp-json\/wp\/v2\/comments?post=476"}],"version-history":[{"count":32,"href":"https:\/\/smpolaniec.com.pl\/smpolaniec\/wp-json\/wp\/v2\/pages\/476\/revisions"}],"predecessor-version":[{"id":2462,"href":"https:\/\/smpolaniec.com.pl\/smpolaniec\/wp-json\/wp\/v2\/pages\/476\/revisions\/2462"}],"wp:attachment":[{"href":"https:\/\/smpolaniec.com.pl\/smpolaniec\/wp-json\/wp\/v2\/media?parent=476"}],"curies":[{"name":"wp","href":"https:\/\/api.w.org\/{rel}","templated":true}]}}