{"id":50,"date":"2020-02-12T12:46:03","date_gmt":"2020-02-12T11:46:03","guid":{"rendered":"http:\/\/smpolaniec.com.pl\/smpolaniec\/?page_id=50"},"modified":"2020-08-18T12:41:09","modified_gmt":"2020-08-18T10:41:09","slug":"logowanie-do-systemu","status":"publish","type":"page","link":"https:\/\/smpolaniec.com.pl\/smpolaniec\/logowanie-do-systemu\/","title":{"rendered":"EBOK"},"content":{"rendered":"\t\t<div data-elementor-type=\"wp-page\" data-elementor-id=\"50\" class=\"elementor elementor-50\">\n\t\t\t\t\t\t<section class=\"elementor-section elementor-top-section elementor-element elementor-element-1e18d65f elementor-section-boxed elementor-section-height-default elementor-section-height-default\" data-id=\"1e18d65f\" data-element_type=\"section\">\n\t\t\t\t\t\t<div class=\"elementor-container elementor-column-gap-default\">\n\t\t\t\t\t<div class=\"elementor-column elementor-col-100 elementor-top-column elementor-element elementor-element-2827ca7e\" data-id=\"2827ca7e\" data-element_type=\"column\">\n\t\t\t<div class=\"elementor-widget-wrap elementor-element-populated\">\n\t\t\t\t\t\t<div class=\"elementor-element elementor-element-7047159e elementor-widget elementor-widget-text-editor\" data-id=\"7047159e\" data-element_type=\"widget\" data-widget_type=\"text-editor.default\">\n\t\t\t\t<div class=\"elementor-widget-container\">\n\t\t\t\t\t\t\t<!-- wp:heading {\"align\":\"center\",\"level\":3} -->\n<h3 class=\"has-text-align-center\">Elektroniczne biuro obs\u0142ugi klienta<\/h3>\n<!-- \/wp:heading -->\n\n<!-- wp:table -->\n<figure class=\"wp-block-table\">\n<table>\n<tbody>\n<tr>\n<td>W celu zalogowania si\u0119 do systemu prosz\u0119 klikn\u0105\u0107 na poni\u017cszy adres oraz wpisa\u0107 uprzednio otrzymany login i has\u0142o w biurze Sp\u00f3\u0142dzielni Mieszkaniowej przy ul Ko\u0142\u0142\u0105taja 1\/5A w Po\u0142a\u0144cu: <a href=\"https:\/\/ebok.smpolaniec.com.pl\/\" target=\"_blank\" rel=\"noreferrer noopener\">https:\/\/ebok.smpolaniec.com.pl<\/a>\u00a0.<br \/><br \/>Aby uzyska\u0107 login i has\u0142o nale\u017cy \u00a0zapozna\u0107 si\u0119 z regulaminem oraz z\u0142o\u017cy\u0107 formularz zg\u0142oszeniowy w siedzibie Sp\u00f3\u0142dzielni Mieszkaniowej &#8222;Po\u0142aniec&#8221;.<br \/><br \/>Tre\u015b\u0107 regulaminu oraz formularz mo\u017cna pobra\u0107 z tego miejsca:<a class=\"rank-math-link\" href=\"http:\/\/smpolaniec.com.pl\/smpolaniec\/e-bok\/formularz-zgloszeniowy-nowy.doc\" target=\"_blank\" rel=\"noreferrer noopener\" aria-label=\" (opens in a new tab)\"><br \/>formularz zg\u0142oszenia<\/a><br \/><a href=\"http:\/\/smpolaniec.com.pl\/sm\/e-bok\/Regulamin_e-bok.pdf\" target=\"_blank\" rel=\"noreferrer noopener\">regulamin \u015bwiadczenia us\u0142ugi<\/a><\/td>\n<\/tr>\n<\/tbody>\n<\/table>\n<\/figure>\n<!-- \/wp:table -->\n\n<!-- wp:paragraph -->\n<p>&nbsp;<\/p>\n<!-- \/wp:paragraph -->\t\t\t\t\t\t<\/div>\n\t\t\t\t<\/div>\n\t\t\t\t\t<\/div>\n\t\t<\/div>\n\t\t\t\t\t<\/div>\n\t\t<\/section>\n\t\t\t\t<\/div>\n\t\t","protected":false},"excerpt":{"rendered":"<p>Elektroniczne biuro obs\u0142ugi klienta W celu zalogowania si\u0119 do systemu prosz\u0119 klikn\u0105\u0107 na poni\u017cszy adres oraz wpisa\u0107 uprzednio otrzymany login i has\u0142o w biurze Sp\u00f3\u0142dzielni Mieszkaniowej przy ul Ko\u0142\u0142\u0105taja 1\/5A w Po\u0142a\u0144cu: https:\/\/ebok.smpolaniec.com.pl\u00a0. Aby uzyska\u0107 login i has\u0142o nale\u017cy \u00a0zapozna\u0107 si\u0119 z regulaminem oraz z\u0142o\u017cy\u0107 formularz zg\u0142oszeniowy w siedzibie Sp\u00f3\u0142dzielni Mieszkaniowej &#8222;Po\u0142aniec&#8221;. Tre\u015b\u0107 regulaminu oraz &#8230; <a title=\"EBOK\" class=\"read-more\" href=\"https:\/\/smpolaniec.com.pl\/smpolaniec\/logowanie-do-systemu\/\" aria-label=\"Read more about EBOK\">Dowiedz si\u0119 wi\u0119cej<\/a><\/p>\n","protected":false},"author":11,"featured_media":0,"parent":0,"menu_order":0,"comment_status":"closed","ping_status":"closed","template":"","meta":{"_acf_changed":false,"footnotes":""},"acf":[],"yoast_head":"<!-- This site is optimized with the Yoast SEO plugin v22.8 - https:\/\/yoast.com\/wordpress\/plugins\/seo\/ -->\n<title>EBOK - smpolaniec.com.pl<\/title>\n<meta name=\"robots\" content=\"index, follow, max-snippet:-1, max-image-preview:large, max-video-preview:-1\" \/>\n<link rel=\"canonical\" href=\"http:\/\/smpolaniec.com.pl\/smpolaniec\/logowanie-do-systemu\/\" \/>\n<meta property=\"og:locale\" content=\"pl_PL\" \/>\n<meta property=\"og:type\" content=\"article\" \/>\n<meta property=\"og:title\" content=\"EBOK - smpolaniec.com.pl\" \/>\n<meta property=\"og:description\" content=\"Elektroniczne biuro obs\u0142ugi klienta W celu zalogowania si\u0119 do systemu prosz\u0119 klikn\u0105\u0107 na poni\u017cszy adres oraz wpisa\u0107 uprzednio otrzymany login i has\u0142o w biurze Sp\u00f3\u0142dzielni Mieszkaniowej przy ul Ko\u0142\u0142\u0105taja 1\/5A w Po\u0142a\u0144cu: https:\/\/ebok.smpolaniec.com.pl\u00a0. Aby uzyska\u0107 login i has\u0142o nale\u017cy \u00a0zapozna\u0107 si\u0119 z regulaminem oraz z\u0142o\u017cy\u0107 formularz zg\u0142oszeniowy w siedzibie Sp\u00f3\u0142dzielni Mieszkaniowej &#8222;Po\u0142aniec&#8221;. Tre\u015b\u0107 regulaminu oraz ... Dowiedz si\u0119 wi\u0119cej\" \/>\n<meta property=\"og:url\" content=\"http:\/\/smpolaniec.com.pl\/smpolaniec\/logowanie-do-systemu\/\" \/>\n<meta property=\"og:site_name\" content=\"smpolaniec.com.pl\" \/>\n<meta property=\"article:modified_time\" content=\"2020-08-18T10:41:09+00:00\" \/>\n<meta name=\"twitter:card\" content=\"summary_large_image\" \/>\n<script type=\"application\/ld+json\" class=\"yoast-schema-graph\">{\"@context\":\"https:\/\/schema.org\",\"@graph\":[{\"@type\":\"WebPage\",\"@id\":\"http:\/\/smpolaniec.com.pl\/smpolaniec\/logowanie-do-systemu\/\",\"url\":\"http:\/\/smpolaniec.com.pl\/smpolaniec\/logowanie-do-systemu\/\",\"name\":\"EBOK - smpolaniec.com.pl\",\"isPartOf\":{\"@id\":\"http:\/\/smpolaniec.com.pl\/smpolaniec\/#website\"},\"datePublished\":\"2020-02-12T11:46:03+00:00\",\"dateModified\":\"2020-08-18T10:41:09+00:00\",\"breadcrumb\":{\"@id\":\"http:\/\/smpolaniec.com.pl\/smpolaniec\/logowanie-do-systemu\/#breadcrumb\"},\"inLanguage\":\"pl-PL\",\"potentialAction\":[{\"@type\":\"ReadAction\",\"target\":[\"http:\/\/smpolaniec.com.pl\/smpolaniec\/logowanie-do-systemu\/\"]}]},{\"@type\":\"BreadcrumbList\",\"@id\":\"http:\/\/smpolaniec.com.pl\/smpolaniec\/logowanie-do-systemu\/#breadcrumb\",\"itemListElement\":[{\"@type\":\"ListItem\",\"position\":1,\"name\":\"Strona g\u0142\u00f3wna\",\"item\":\"https:\/\/smpolaniec.com.pl\/smpolaniec\/\"},{\"@type\":\"ListItem\",\"position\":2,\"name\":\"EBOK\"}]},{\"@type\":\"WebSite\",\"@id\":\"http:\/\/smpolaniec.com.pl\/smpolaniec\/#website\",\"url\":\"http:\/\/smpolaniec.com.pl\/smpolaniec\/\",\"name\":\"smpolaniec.com.pl\",\"description\":\"Sp\u00f3\u0142dzielnia Mieszkaniowa Po\u0142aniec\",\"potentialAction\":[{\"@type\":\"SearchAction\",\"target\":{\"@type\":\"EntryPoint\",\"urlTemplate\":\"http:\/\/smpolaniec.com.pl\/smpolaniec\/?s={search_term_string}\"},\"query-input\":\"required name=search_term_string\"}],\"inLanguage\":\"pl-PL\"}]}<\/script>\n<!-- \/ Yoast SEO plugin. -->","yoast_head_json":{"title":"EBOK - smpolaniec.com.pl","robots":{"index":"index","follow":"follow","max-snippet":"max-snippet:-1","max-image-preview":"max-image-preview:large","max-video-preview":"max-video-preview:-1"},"canonical":"http:\/\/smpolaniec.com.pl\/smpolaniec\/logowanie-do-systemu\/","og_locale":"pl_PL","og_type":"article","og_title":"EBOK - smpolaniec.com.pl","og_description":"Elektroniczne biuro obs\u0142ugi klienta W celu zalogowania si\u0119 do systemu prosz\u0119 klikn\u0105\u0107 na poni\u017cszy adres oraz wpisa\u0107 uprzednio otrzymany login i has\u0142o w biurze Sp\u00f3\u0142dzielni Mieszkaniowej przy ul Ko\u0142\u0142\u0105taja 1\/5A w Po\u0142a\u0144cu: https:\/\/ebok.smpolaniec.com.pl\u00a0. Aby uzyska\u0107 login i has\u0142o nale\u017cy \u00a0zapozna\u0107 si\u0119 z regulaminem oraz z\u0142o\u017cy\u0107 formularz zg\u0142oszeniowy w siedzibie Sp\u00f3\u0142dzielni Mieszkaniowej &#8222;Po\u0142aniec&#8221;. Tre\u015b\u0107 regulaminu oraz ... Dowiedz si\u0119 wi\u0119cej","og_url":"http:\/\/smpolaniec.com.pl\/smpolaniec\/logowanie-do-systemu\/","og_site_name":"smpolaniec.com.pl","article_modified_time":"2020-08-18T10:41:09+00:00","twitter_card":"summary_large_image","schema":{"@context":"https:\/\/schema.org","@graph":[{"@type":"WebPage","@id":"http:\/\/smpolaniec.com.pl\/smpolaniec\/logowanie-do-systemu\/","url":"http:\/\/smpolaniec.com.pl\/smpolaniec\/logowanie-do-systemu\/","name":"EBOK - smpolaniec.com.pl","isPartOf":{"@id":"http:\/\/smpolaniec.com.pl\/smpolaniec\/#website"},"datePublished":"2020-02-12T11:46:03+00:00","dateModified":"2020-08-18T10:41:09+00:00","breadcrumb":{"@id":"http:\/\/smpolaniec.com.pl\/smpolaniec\/logowanie-do-systemu\/#breadcrumb"},"inLanguage":"pl-PL","potentialAction":[{"@type":"ReadAction","target":["http:\/\/smpolaniec.com.pl\/smpolaniec\/logowanie-do-systemu\/"]}]},{"@type":"BreadcrumbList","@id":"http:\/\/smpolaniec.com.pl\/smpolaniec\/logowanie-do-systemu\/#breadcrumb","itemListElement":[{"@type":"ListItem","position":1,"name":"Strona g\u0142\u00f3wna","item":"https:\/\/smpolaniec.com.pl\/smpolaniec\/"},{"@type":"ListItem","position":2,"name":"EBOK"}]},{"@type":"WebSite","@id":"http:\/\/smpolaniec.com.pl\/smpolaniec\/#website","url":"http:\/\/smpolaniec.com.pl\/smpolaniec\/","name":"smpolaniec.com.pl","description":"Sp\u00f3\u0142dzielnia Mieszkaniowa Po\u0142aniec","potentialAction":[{"@type":"SearchAction","target":{"@type":"EntryPoint","urlTemplate":"http:\/\/smpolaniec.com.pl\/smpolaniec\/?s={search_term_string}"},"query-input":"required name=search_term_string"}],"inLanguage":"pl-PL"}]}},"_links":{"self":[{"href":"https:\/\/smpolaniec.com.pl\/smpolaniec\/wp-json\/wp\/v2\/pages\/50"}],"collection":[{"href":"https:\/\/smpolaniec.com.pl\/smpolaniec\/wp-json\/wp\/v2\/pages"}],"about":[{"href":"https:\/\/smpolaniec.com.pl\/smpolaniec\/wp-json\/wp\/v2\/types\/page"}],"author":[{"embeddable":true,"href":"https:\/\/smpolaniec.com.pl\/smpolaniec\/wp-json\/wp\/v2\/users\/11"}],"replies":[{"embeddable":true,"href":"https:\/\/smpolaniec.com.pl\/smpolaniec\/wp-json\/wp\/v2\/comments?post=50"}],"version-history":[{"count":7,"href":"https:\/\/smpolaniec.com.pl\/smpolaniec\/wp-json\/wp\/v2\/pages\/50\/revisions"}],"predecessor-version":[{"id":986,"href":"https:\/\/smpolaniec.com.pl\/smpolaniec\/wp-json\/wp\/v2\/pages\/50\/revisions\/986"}],"wp:attachment":[{"href":"https:\/\/smpolaniec.com.pl\/smpolaniec\/wp-json\/wp\/v2\/media?parent=50"}],"curies":[{"name":"wp","href":"https:\/\/api.w.org\/{rel}","templated":true}]}}