{"id":52,"date":"2020-02-12T12:48:51","date_gmt":"2020-02-12T11:48:51","guid":{"rendered":"http:\/\/smpolaniec.com.pl\/smpolaniec\/?page_id=52"},"modified":"2025-07-28T07:46:46","modified_gmt":"2025-07-28T05:46:46","slug":"usterki-i-awarie","status":"publish","type":"page","link":"https:\/\/smpolaniec.com.pl\/smpolaniec\/usterki-i-awarie\/","title":{"rendered":"Usterki i awarie"},"content":{"rendered":"\t\t<div data-elementor-type=\"wp-page\" data-elementor-id=\"52\" class=\"elementor elementor-52\">\n\t\t\t\t\t\t<section class=\"elementor-section elementor-top-section elementor-element elementor-element-6c917b2 elementor-section-boxed elementor-section-height-default elementor-section-height-default\" data-id=\"6c917b2\" data-element_type=\"section\">\n\t\t\t\t\t\t<div class=\"elementor-container elementor-column-gap-default\">\n\t\t\t\t\t<div class=\"elementor-column elementor-col-100 elementor-top-column elementor-element elementor-element-5895e968\" data-id=\"5895e968\" data-element_type=\"column\">\n\t\t\t<div class=\"elementor-widget-wrap elementor-element-populated\">\n\t\t\t\t\t\t<div class=\"elementor-element elementor-element-4877b6f5 elementor-widget elementor-widget-text-editor\" data-id=\"4877b6f5\" data-element_type=\"widget\" data-widget_type=\"text-editor.default\">\n\t\t\t\t<div class=\"elementor-widget-container\">\n\t\t\t\t\t\t\t<p><!-- wp:heading {\"align\":\"center\",\"level\":4} --><\/p>\n<h4><strong>Zg\u0142aszanie usterek i awarii<\/strong><\/h4>\n<p><!-- \/wp:heading --><!-- wp:html --><\/p>\n<table style=\"font-weight: 400;\">\n<tbody>\n<tr>\n<td width=\"300px\">Pon.-pt. w godz. 7:00-15:00<\/td>\n<td style=\"text-align: center;\" width=\"170px\">15 8651 605<\/td>\n<\/tr>\n<tr>\n<td style=\"text-align: left;\">Pon.-pt. w godz. 15:00-22:00<\/td>\n<td style=\"text-align: center;\">15 8651 282<br \/>668 454 491\u00a0<\/td>\n<\/tr>\n<tr>\n<td>Od godz. 22:00 oraz dni wolne od pracy &#8211; ca\u0142odobowo<\/td>\n<td style=\"text-align: center;\">664 733 681<\/td>\n<\/tr>\n<\/tbody>\n<\/table>\n<p><!-- \/wp:html --><!-- wp:heading {\"align\":\"center\",\"level\":4} --><\/p>\n<h4><strong>Usterki Telewizji Kablowej<\/strong><\/h4>\n<p><!-- \/wp:heading --><!-- wp:html --><\/p>\n<table style=\"font-weight: 400;\">\n<tbody>\n<tr>\n<td width=\"300px\">do 15:00<\/td>\n<td style=\"text-align: center;\" width=\"170px\">15 8651 605<\/td>\n<\/tr>\n<tr>\n<td>od 15:00<\/td>\n<td style=\"text-align: center;\">608 515 837<\/td>\n<\/tr>\n<\/tbody>\n<\/table>\n<p>\u00a0<\/p>\n<p><!-- \/wp:html --><!-- wp:heading {\"align\":\"center\",\"level\":4} --><\/p>\n<p><!-- \/wp:html --><\/p>\t\t\t\t\t\t<\/div>\n\t\t\t\t<\/div>\n\t\t\t\t\t<\/div>\n\t\t<\/div>\n\t\t\t\t\t<\/div>\n\t\t<\/section>\n\t\t\t\t<section class=\"elementor-section elementor-top-section elementor-element elementor-element-054ca8a elementor-section-boxed elementor-section-height-default elementor-section-height-default\" data-id=\"054ca8a\" data-element_type=\"section\" data-settings=\"{&quot;background_background&quot;:&quot;classic&quot;}\">\n\t\t\t\t\t\t<div class=\"elementor-container elementor-column-gap-default\">\n\t\t\t\t\t<div class=\"elementor-column elementor-col-100 elementor-top-column elementor-element elementor-element-8acbfac\" data-id=\"8acbfac\" data-element_type=\"column\">\n\t\t\t<div class=\"elementor-widget-wrap elementor-element-populated\">\n\t\t\t\t\t\t<div class=\"elementor-element elementor-element-6cc2ebc elementor-widget elementor-widget-heading\" data-id=\"6cc2ebc\" data-element_type=\"widget\" data-widget_type=\"heading.default\">\n\t\t\t\t<div class=\"elementor-widget-container\">\n\t\t\t<h2 class=\"elementor-heading-title elementor-size-default\">Usterki i awarie<\/h2>\t\t<\/div>\n\t\t\t\t<\/div>\n\t\t\t\t<div class=\"elementor-element elementor-element-0ff859d elementor-widget-divider--view-line elementor-widget elementor-widget-divider\" data-id=\"0ff859d\" data-element_type=\"widget\" data-widget_type=\"divider.default\">\n\t\t\t\t<div class=\"elementor-widget-container\">\n\t\t\t\t\t<div class=\"elementor-divider\">\n\t\t\t<span class=\"elementor-divider-separator\">\n\t\t\t\t\t\t<\/span>\n\t\t<\/div>\n\t\t\t\t<\/div>\n\t\t\t\t<\/div>\n\t\t\t\t<div class=\"elementor-element elementor-element-8548afc elementor-widget elementor-widget-toggle\" data-id=\"8548afc\" data-element_type=\"widget\" data-widget_type=\"toggle.default\">\n\t\t\t\t<div class=\"elementor-widget-container\">\n\t\t\t\t\t<div class=\"elementor-toggle\">\n\t\t\t\t\t\t\t<div class=\"elementor-toggle-item\">\n\t\t\t\t\t<div id=\"elementor-tab-title-1391\" class=\"elementor-tab-title\" data-tab=\"1\" role=\"button\" aria-controls=\"elementor-tab-content-1391\" aria-expanded=\"false\">\n\t\t\t\t\t\t\t\t\t\t\t\t<span class=\"elementor-toggle-icon elementor-toggle-icon-left\" aria-hidden=\"true\">\n\t\t\t\t\t\t\t\t\t\t\t\t\t\t\t<span class=\"elementor-toggle-icon-closed\"><i class=\"fas fa-caret-right\"><\/i><\/span>\n\t\t\t\t\t\t\t\t<span class=\"elementor-toggle-icon-opened\"><i class=\"elementor-toggle-icon-opened fas fa-caret-up\"><\/i><\/span>\n\t\t\t\t\t\t\t\t\t\t\t\t\t<\/span>\n\t\t\t\t\t\t\t\t\t\t\t\t<a class=\"elementor-toggle-title\" tabindex=\"0\">Zg\u0142aszanie usterek i awarii<\/a>\n\t\t\t\t\t<\/div>\n\n\t\t\t\t\t<div id=\"elementor-tab-content-1391\" class=\"elementor-tab-content elementor-clearfix\" data-tab=\"1\" role=\"region\" aria-labelledby=\"elementor-tab-title-1391\"><table style=\"font-weight: 400;\">\n<tbody>\n<tr>\n<td><span style=\"color: #000000;\">Pon.-pt. w godz. 7:00-15:00<\/span><\/td>\n<td>15 8651 605<\/td>\n<\/tr>\n<tr>\n<td><span style=\"color: #000000;\">Pon.-pt. w godz. 7:00-15:00<\/span><\/td>\n<td>668 454 491<\/td>\n<\/tr>\n<tr>\n<td><span style=\"color: #000000;\">Od godz. 22:00 oraz dni wolne od pracy &#8211; ca\u0142odobowo<\/span><\/td>\n<td>664 733 681<\/td>\n<\/tr>\n<\/tbody>\n<\/table><\/div>\n\t\t\t\t<\/div>\n\t\t\t\t\t\t\t<div class=\"elementor-toggle-item\">\n\t\t\t\t\t<div id=\"elementor-tab-title-1392\" class=\"elementor-tab-title\" data-tab=\"2\" role=\"button\" aria-controls=\"elementor-tab-content-1392\" aria-expanded=\"false\">\n\t\t\t\t\t\t\t\t\t\t\t\t<span class=\"elementor-toggle-icon elementor-toggle-icon-left\" aria-hidden=\"true\">\n\t\t\t\t\t\t\t\t\t\t\t\t\t\t\t<span class=\"elementor-toggle-icon-closed\"><i class=\"fas fa-caret-right\"><\/i><\/span>\n\t\t\t\t\t\t\t\t<span class=\"elementor-toggle-icon-opened\"><i class=\"elementor-toggle-icon-opened fas fa-caret-up\"><\/i><\/span>\n\t\t\t\t\t\t\t\t\t\t\t\t\t<\/span>\n\t\t\t\t\t\t\t\t\t\t\t\t<a class=\"elementor-toggle-title\" tabindex=\"0\">Usterki telewizji kablowej<\/a>\n\t\t\t\t\t<\/div>\n\n\t\t\t\t\t<div id=\"elementor-tab-content-1392\" class=\"elementor-tab-content elementor-clearfix\" data-tab=\"2\" role=\"region\" aria-labelledby=\"elementor-tab-title-1392\"><table style=\"font-weight: 400;\">\n<tbody>\n<tr>\n<td>do 15:00<\/td>\n<td>15 8651 605<\/td>\n<\/tr>\n<tr>\n<td>od 15:00<\/td>\n<td>608 515 837<\/td>\n<\/tr>\n<\/tbody>\n<\/table><\/div>\n\t\t\t\t<\/div>\n\t\t\t\t\t\t\t\t<\/div>\n\t\t\t\t<\/div>\n\t\t\t\t<\/div>\n\t\t\t\t<section class=\"elementor-section elementor-inner-section elementor-element elementor-element-c7c3689 elementor-section-boxed elementor-section-height-default elementor-section-height-default\" data-id=\"c7c3689\" data-element_type=\"section\" data-settings=\"{&quot;background_background&quot;:&quot;classic&quot;}\">\n\t\t\t\t\t\t<div class=\"elementor-container elementor-column-gap-default\">\n\t\t\t\t\t<div class=\"elementor-column elementor-col-33 elementor-inner-column elementor-element elementor-element-47cd340\" data-id=\"47cd340\" data-element_type=\"column\">\n\t\t\t<div class=\"elementor-widget-wrap\">\n\t\t\t\t\t\t\t<\/div>\n\t\t<\/div>\n\t\t\t\t<div class=\"elementor-column elementor-col-33 elementor-inner-column elementor-element elementor-element-bb3d127\" data-id=\"bb3d127\" data-element_type=\"column\">\n\t\t\t<div class=\"elementor-widget-wrap elementor-element-populated\">\n\t\t\t\t\t\t<div class=\"elementor-element elementor-element-e3b12c3 elementor-widget elementor-widget-heading\" data-id=\"e3b12c3\" data-element_type=\"widget\" data-widget_type=\"heading.default\">\n\t\t\t\t<div class=\"elementor-widget-container\">\n\t\t\t<h2 class=\"elementor-heading-title elementor-size-default\">Zg\u0142o\u015b usterk\u0119 lub awari\u0119<\/h2>\t\t<\/div>\n\t\t\t\t<\/div>\n\t\t\t\t<div class=\"elementor-element elementor-element-326dc0d elementor-widget-divider--view-line elementor-widget elementor-widget-divider\" data-id=\"326dc0d\" data-element_type=\"widget\" data-widget_type=\"divider.default\">\n\t\t\t\t<div class=\"elementor-widget-container\">\n\t\t\t\t\t<div class=\"elementor-divider\">\n\t\t\t<span class=\"elementor-divider-separator\">\n\t\t\t\t\t\t<\/span>\n\t\t<\/div>\n\t\t\t\t<\/div>\n\t\t\t\t<\/div>\n\t\t\t\t<div class=\"elementor-element elementor-element-90ef988 elementor-widget elementor-widget-wp-widget-wpforms-widget\" data-id=\"90ef988\" data-element_type=\"widget\" data-widget_type=\"wp-widget-wpforms-widget.default\">\n\t\t\t\t<div class=\"elementor-widget-container\">\n\t\t\t<div class=\"wpforms-container wpforms-container-full\" id=\"wpforms-193\"><form id=\"wpforms-form-193\" class=\"wpforms-validate wpforms-form\" data-formid=\"193\" method=\"post\" enctype=\"multipart\/form-data\" action=\"\/smpolaniec\/wp-json\/wp\/v2\/pages\/52\" data-token=\"39b864193961e075cddfde1f4b8d90ed\" data-token-time=\"1775511219\"><noscript class=\"wpforms-error-noscript\">Aby wype\u0142ni\u0107 ten formularz, w\u0142\u0105cz obs\u0142ug\u0119 JavaScript w przegl\u0105darce.<\/noscript><div class=\"wpforms-field-container\"><div id=\"wpforms-193-field_0-container\" class=\"wpforms-field wpforms-field-name\" data-field-id=\"0\"><label class=\"wpforms-field-label\" for=\"wpforms-193-field_0\">Imi\u0119 i Nazwisko <span class=\"wpforms-required-label\">*<\/span><\/label><input type=\"text\" id=\"wpforms-193-field_0\" class=\"wpforms-field-medium wpforms-field-required\" name=\"wpforms[fields][0]\" required><\/div><div id=\"wpforms-193-field_6-container\" class=\"wpforms-field wpforms-field-text\" data-field-id=\"6\"><label class=\"wpforms-field-label\" for=\"wpforms-193-field_6\">Ulica, numer domu\/mieszkania <span class=\"wpforms-required-label\">*<\/span><\/label><input type=\"text\" id=\"wpforms-193-field_6\" class=\"wpforms-field-medium wpforms-field-required\" name=\"wpforms[fields][6]\" required><\/div><div id=\"wpforms-193-field_3-container\" class=\"wpforms-field wpforms-field-number\" data-field-id=\"3\"><label class=\"wpforms-field-label\" for=\"wpforms-193-field_3\">Telefon <span class=\"wpforms-required-label\">*<\/span><\/label><input type=\"number\" id=\"wpforms-193-field_3\" class=\"wpforms-field-medium wpforms-field-required\" name=\"wpforms[fields][3]\" required><\/div><div id=\"wpforms-193-field_2-container\" class=\"wpforms-field wpforms-field-textarea\" data-field-id=\"2\"><label class=\"wpforms-field-label\" for=\"wpforms-193-field_2\">Usterka\/awaria <span class=\"wpforms-required-label\">*<\/span><\/label><textarea id=\"wpforms-193-field_2\" class=\"wpforms-field-medium wpforms-field-required\" name=\"wpforms[fields][2]\" required><\/textarea><\/div><div id=\"wpforms-193-field_4-container\" class=\"wpforms-field wpforms-field-checkbox\" data-field-id=\"4\"><label class=\"wpforms-field-label\" for=\"wpforms-193-field_4\">Zgoda na przetwarzanie danych osobowych <span class=\"wpforms-required-label\">*<\/span><\/label><ul id=\"wpforms-193-field_4\" class=\"wpforms-field-required\"><li class=\"choice-1 depth-1\"><input type=\"checkbox\" id=\"wpforms-193-field_4_1\" name=\"wpforms[fields][4][]\" value=\"Korzystaj\u0105c z formularza wyra\u017cam zgod\u0119 na przetwarzanie danych osobowych przez t\u0119 witryn\u0119. Dane te b\u0119d\u0105 wykorzystane jedynie do obs\u0142ugi procesu odpowiedzi na dan\u0105 wiadomo\u015b\u0107 i kontaktu z jej autorem\/autork\u0105.\" required ><label class=\"wpforms-field-label-inline\" for=\"wpforms-193-field_4_1\">Korzystaj\u0105c z formularza wyra\u017cam zgod\u0119 na przetwarzanie danych osobowych przez t\u0119 witryn\u0119. Dane te b\u0119d\u0105 wykorzystane jedynie do obs\u0142ugi procesu odpowiedzi na dan\u0105 wiadomo\u015b\u0107 i kontaktu z jej autorem\/autork\u0105.<\/label><\/li><\/ul><\/div><\/div><!-- .wpforms-field-container --><div class=\"wpforms-field wpforms-field-hp\"><label for=\"wpforms-193-field-hp\" class=\"wpforms-field-label\">Phone<\/label><input type=\"text\" name=\"wpforms[hp]\" id=\"wpforms-193-field-hp\" class=\"wpforms-field-medium\"><\/div><div class=\"wpforms-recaptcha-container wpforms-is-recaptcha wpforms-is-recaptcha-type-v2\" ><div class=\"g-recaptcha\" data-sitekey=\"6Lc8rLoZAAAAALrOikyCar9gG_6Yj9_7KIVOwLNR\"><\/div><input type=\"text\" name=\"g-recaptcha-hidden\" class=\"wpforms-recaptcha-hidden\" style=\"position:absolute!important;clip:rect(0,0,0,0)!important;height:1px!important;width:1px!important;border:0!important;overflow:hidden!important;padding:0!important;margin:0!important;\" data-rule-recaptcha=\"1\"><\/div><div class=\"wpforms-submit-container\" ><input type=\"hidden\" name=\"wpforms[id]\" value=\"193\"><input type=\"hidden\" name=\"page_title\" value=\"\"><input type=\"hidden\" name=\"page_url\" value=\"https:\/\/smpolaniec.com.pl\/smpolaniec\/wp-json\/wp\/v2\/pages\/52\"><button type=\"submit\" name=\"wpforms[submit]\" id=\"wpforms-submit-193\" class=\"wpforms-submit\" data-alt-text=\"Wysy\u0142anie\" data-submit-text=\"Wy\u015blij\" aria-live=\"assertive\" value=\"wpforms-submit\">Wy\u015blij<\/button><\/div><\/form><\/div>  <!-- .wpforms-container -->\t\t<\/div>\n\t\t\t\t<\/div>\n\t\t\t\t\t<\/div>\n\t\t<\/div>\n\t\t\t\t<div class=\"elementor-column elementor-col-33 elementor-inner-column elementor-element elementor-element-d4ab78e\" data-id=\"d4ab78e\" data-element_type=\"column\">\n\t\t\t<div class=\"elementor-widget-wrap\">\n\t\t\t\t\t\t\t<\/div>\n\t\t<\/div>\n\t\t\t\t\t<\/div>\n\t\t<\/section>\n\t\t\t\t\t<\/div>\n\t\t<\/div>\n\t\t\t\t\t<\/div>\n\t\t<\/section>\n\t\t\t\t<\/div>\n\t\t","protected":false},"excerpt":{"rendered":"<p>Zg\u0142aszanie usterek i awarii Pon.-pt. w godz. 7:00-15:00 15 8651 605 Pon.-pt. w godz. 15:00-22:00 15 8651 282668 454 491\u00a0 Od godz. 22:00 oraz dni wolne od pracy &#8211; ca\u0142odobowo 664 733 681 Usterki Telewizji Kablowej do 15:00 15 8651 605 od 15:00 608 515 837 \u00a0 Usterki i awarie Zg\u0142aszanie usterek i awarii Pon.-pt. &#8230; <a title=\"Usterki i awarie\" class=\"read-more\" href=\"https:\/\/smpolaniec.com.pl\/smpolaniec\/usterki-i-awarie\/\" aria-label=\"Read more about Usterki i awarie\">Dowiedz si\u0119 wi\u0119cej<\/a><\/p>\n","protected":false},"author":11,"featured_media":0,"parent":0,"menu_order":0,"comment_status":"closed","ping_status":"closed","template":"","meta":{"_acf_changed":false,"footnotes":""},"acf":[],"yoast_head":"<!-- This site is optimized with the Yoast SEO plugin v22.8 - https:\/\/yoast.com\/wordpress\/plugins\/seo\/ -->\n<title>Usterki i awarie - smpolaniec.com.pl<\/title>\n<meta name=\"robots\" content=\"index, follow, max-snippet:-1, max-image-preview:large, max-video-preview:-1\" \/>\n<link rel=\"canonical\" href=\"https:\/\/smpolaniec.com.pl\/smpolaniec\/usterki-i-awarie\/\" \/>\n<meta property=\"og:locale\" content=\"pl_PL\" \/>\n<meta property=\"og:type\" content=\"article\" \/>\n<meta property=\"og:title\" content=\"Usterki i awarie - smpolaniec.com.pl\" \/>\n<meta property=\"og:description\" content=\"Zg\u0142aszanie usterek i awarii Pon.-pt. w godz. 7:00-15:00 15 8651 605 Pon.-pt. w godz. 15:00-22:00 15 8651 282668 454 491\u00a0 Od godz. 22:00 oraz dni wolne od pracy &#8211; ca\u0142odobowo 664 733 681 Usterki Telewizji Kablowej do 15:00 15 8651 605 od 15:00 608 515 837 \u00a0 Usterki i awarie Zg\u0142aszanie usterek i awarii Pon.-pt. ... Dowiedz si\u0119 wi\u0119cej\" \/>\n<meta property=\"og:url\" content=\"https:\/\/smpolaniec.com.pl\/smpolaniec\/usterki-i-awarie\/\" \/>\n<meta property=\"og:site_name\" content=\"smpolaniec.com.pl\" \/>\n<meta property=\"article:modified_time\" content=\"2025-07-28T05:46:46+00:00\" \/>\n<meta name=\"twitter:card\" content=\"summary_large_image\" \/>\n<meta name=\"twitter:label1\" content=\"Szacowany czas czytania\" \/>\n\t<meta name=\"twitter:data1\" content=\"1 minuta\" \/>\n<script type=\"application\/ld+json\" class=\"yoast-schema-graph\">{\"@context\":\"https:\/\/schema.org\",\"@graph\":[{\"@type\":\"WebPage\",\"@id\":\"https:\/\/smpolaniec.com.pl\/smpolaniec\/usterki-i-awarie\/\",\"url\":\"https:\/\/smpolaniec.com.pl\/smpolaniec\/usterki-i-awarie\/\",\"name\":\"Usterki i awarie - smpolaniec.com.pl\",\"isPartOf\":{\"@id\":\"http:\/\/smpolaniec.com.pl\/smpolaniec\/#website\"},\"datePublished\":\"2020-02-12T11:48:51+00:00\",\"dateModified\":\"2025-07-28T05:46:46+00:00\",\"breadcrumb\":{\"@id\":\"https:\/\/smpolaniec.com.pl\/smpolaniec\/usterki-i-awarie\/#breadcrumb\"},\"inLanguage\":\"pl-PL\",\"potentialAction\":[{\"@type\":\"ReadAction\",\"target\":[\"https:\/\/smpolaniec.com.pl\/smpolaniec\/usterki-i-awarie\/\"]}]},{\"@type\":\"BreadcrumbList\",\"@id\":\"https:\/\/smpolaniec.com.pl\/smpolaniec\/usterki-i-awarie\/#breadcrumb\",\"itemListElement\":[{\"@type\":\"ListItem\",\"position\":1,\"name\":\"Strona g\u0142\u00f3wna\",\"item\":\"https:\/\/smpolaniec.com.pl\/smpolaniec\/\"},{\"@type\":\"ListItem\",\"position\":2,\"name\":\"Usterki i awarie\"}]},{\"@type\":\"WebSite\",\"@id\":\"http:\/\/smpolaniec.com.pl\/smpolaniec\/#website\",\"url\":\"http:\/\/smpolaniec.com.pl\/smpolaniec\/\",\"name\":\"smpolaniec.com.pl\",\"description\":\"Sp\u00f3\u0142dzielnia Mieszkaniowa Po\u0142aniec\",\"potentialAction\":[{\"@type\":\"SearchAction\",\"target\":{\"@type\":\"EntryPoint\",\"urlTemplate\":\"http:\/\/smpolaniec.com.pl\/smpolaniec\/?s={search_term_string}\"},\"query-input\":\"required name=search_term_string\"}],\"inLanguage\":\"pl-PL\"}]}<\/script>\n<!-- \/ Yoast SEO plugin. -->","yoast_head_json":{"title":"Usterki i awarie - smpolaniec.com.pl","robots":{"index":"index","follow":"follow","max-snippet":"max-snippet:-1","max-image-preview":"max-image-preview:large","max-video-preview":"max-video-preview:-1"},"canonical":"https:\/\/smpolaniec.com.pl\/smpolaniec\/usterki-i-awarie\/","og_locale":"pl_PL","og_type":"article","og_title":"Usterki i awarie - smpolaniec.com.pl","og_description":"Zg\u0142aszanie usterek i awarii Pon.-pt. w godz. 7:00-15:00 15 8651 605 Pon.-pt. w godz. 15:00-22:00 15 8651 282668 454 491\u00a0 Od godz. 22:00 oraz dni wolne od pracy &#8211; ca\u0142odobowo 664 733 681 Usterki Telewizji Kablowej do 15:00 15 8651 605 od 15:00 608 515 837 \u00a0 Usterki i awarie Zg\u0142aszanie usterek i awarii Pon.-pt. ... Dowiedz si\u0119 wi\u0119cej","og_url":"https:\/\/smpolaniec.com.pl\/smpolaniec\/usterki-i-awarie\/","og_site_name":"smpolaniec.com.pl","article_modified_time":"2025-07-28T05:46:46+00:00","twitter_card":"summary_large_image","twitter_misc":{"Szacowany czas czytania":"1 minuta"},"schema":{"@context":"https:\/\/schema.org","@graph":[{"@type":"WebPage","@id":"https:\/\/smpolaniec.com.pl\/smpolaniec\/usterki-i-awarie\/","url":"https:\/\/smpolaniec.com.pl\/smpolaniec\/usterki-i-awarie\/","name":"Usterki i awarie - smpolaniec.com.pl","isPartOf":{"@id":"http:\/\/smpolaniec.com.pl\/smpolaniec\/#website"},"datePublished":"2020-02-12T11:48:51+00:00","dateModified":"2025-07-28T05:46:46+00:00","breadcrumb":{"@id":"https:\/\/smpolaniec.com.pl\/smpolaniec\/usterki-i-awarie\/#breadcrumb"},"inLanguage":"pl-PL","potentialAction":[{"@type":"ReadAction","target":["https:\/\/smpolaniec.com.pl\/smpolaniec\/usterki-i-awarie\/"]}]},{"@type":"BreadcrumbList","@id":"https:\/\/smpolaniec.com.pl\/smpolaniec\/usterki-i-awarie\/#breadcrumb","itemListElement":[{"@type":"ListItem","position":1,"name":"Strona g\u0142\u00f3wna","item":"https:\/\/smpolaniec.com.pl\/smpolaniec\/"},{"@type":"ListItem","position":2,"name":"Usterki i awarie"}]},{"@type":"WebSite","@id":"http:\/\/smpolaniec.com.pl\/smpolaniec\/#website","url":"http:\/\/smpolaniec.com.pl\/smpolaniec\/","name":"smpolaniec.com.pl","description":"Sp\u00f3\u0142dzielnia Mieszkaniowa Po\u0142aniec","potentialAction":[{"@type":"SearchAction","target":{"@type":"EntryPoint","urlTemplate":"http:\/\/smpolaniec.com.pl\/smpolaniec\/?s={search_term_string}"},"query-input":"required name=search_term_string"}],"inLanguage":"pl-PL"}]}},"_links":{"self":[{"href":"https:\/\/smpolaniec.com.pl\/smpolaniec\/wp-json\/wp\/v2\/pages\/52"}],"collection":[{"href":"https:\/\/smpolaniec.com.pl\/smpolaniec\/wp-json\/wp\/v2\/pages"}],"about":[{"href":"https:\/\/smpolaniec.com.pl\/smpolaniec\/wp-json\/wp\/v2\/types\/page"}],"author":[{"embeddable":true,"href":"https:\/\/smpolaniec.com.pl\/smpolaniec\/wp-json\/wp\/v2\/users\/11"}],"replies":[{"embeddable":true,"href":"https:\/\/smpolaniec.com.pl\/smpolaniec\/wp-json\/wp\/v2\/comments?post=52"}],"version-history":[{"count":43,"href":"https:\/\/smpolaniec.com.pl\/smpolaniec\/wp-json\/wp\/v2\/pages\/52\/revisions"}],"predecessor-version":[{"id":2358,"href":"https:\/\/smpolaniec.com.pl\/smpolaniec\/wp-json\/wp\/v2\/pages\/52\/revisions\/2358"}],"wp:attachment":[{"href":"https:\/\/smpolaniec.com.pl\/smpolaniec\/wp-json\/wp\/v2\/media?parent=52"}],"curies":[{"name":"wp","href":"https:\/\/api.w.org\/{rel}","templated":true}]}}