{"id":54,"date":"2020-02-12T12:49:11","date_gmt":"2020-02-12T11:49:11","guid":{"rendered":"http:\/\/smpolaniec.com.pl\/smpolaniec\/?page_id=54"},"modified":"2020-04-26T20:45:15","modified_gmt":"2020-04-26T18:45:15","slug":"telefony-alarmowe","status":"publish","type":"page","link":"https:\/\/smpolaniec.com.pl\/smpolaniec\/telefony-alarmowe\/","title":{"rendered":"Telefony alarmowe"},"content":{"rendered":"\n<figure class=\"wp-block-table\"><table class=\"\"><tbody><tr><td><\/td><td>Po\u0142aniec<\/td><td>Og\u00f3lnokrajowe<\/td><\/tr><tr><td><strong>Europejski Numer Alarmowy<\/strong><\/td><td>112<\/td><td>112<\/td><\/tr><tr><td><strong>Pogotowie&nbsp;Ratunkowe<\/strong> <\/td><td> \u00a0(15) 865 05 99 <\/td><td>999<\/td><\/tr><tr><td><strong>Policja<\/strong> <\/td><td> (15) 865 00 20<\/td><td>997<\/td><\/tr><tr><td><strong>Posterunek Policji<\/strong><\/td><td> (15) 864 72 67  lub<\/td><td> (15) 865 00 20 <\/td><\/tr><tr><td><strong>Posterunkowy<\/strong><\/td><td><\/td><td><\/td><\/tr><tr><td> <strong>Stra\u017c Po\u017carna<\/strong> <\/td><td> (15) 864 21 08<\/td><td>998<\/td><\/tr><tr><td> <strong>Pogotowie energetyczne<\/strong> <\/td><td> (15) 891 46 21 <\/td><td>991<\/td><\/tr><tr><td> <strong>PGK<\/strong> <\/td><td> 604 475 214 <\/td><td><\/td><\/tr><\/tbody><\/table><\/figure>\n\n\n\n<p><\/p>\n\n\n\n<p> <strong>Europejski Numer Alarmowy 112<\/strong>&nbsp;to numer alarmowy do wykorzystania wtedy, gdy nie umiemy zidentyfikowa\u0107 zagro\u017cenia w wymiarze 3 aktualnych numer\u00f3w ratunkowych, zaczynaj\u0105cych si\u0119 od &#8222;9&#8221; lub kiedy wymagana jest interwencja wszystkich s\u0142u\u017cb r\u00f3wnocze\u015bnie. <\/p>\n","protected":false},"excerpt":{"rendered":"<p>Po\u0142aniec Og\u00f3lnokrajowe Europejski Numer Alarmowy 112 112 Pogotowie&nbsp;Ratunkowe \u00a0(15) 865 05 99 999 Policja (15) 865 00 20 997 Posterunek Policji (15) 864 72 67 lub (15) 865 00 20 Posterunkowy Stra\u017c Po\u017carna (15) 864 21 08 998 Pogotowie energetyczne (15) 891 46 21 991 PGK 604 475 214 Europejski Numer Alarmowy 112&nbsp;to numer alarmowy &#8230; <a title=\"Telefony alarmowe\" class=\"read-more\" href=\"https:\/\/smpolaniec.com.pl\/smpolaniec\/telefony-alarmowe\/\" aria-label=\"Read more about Telefony alarmowe\">Dowiedz si\u0119 wi\u0119cej<\/a><\/p>\n","protected":false},"author":11,"featured_media":0,"parent":0,"menu_order":0,"comment_status":"closed","ping_status":"closed","template":"","meta":{"_acf_changed":false,"footnotes":""},"acf":[],"yoast_head":"<!-- This site is optimized with the Yoast SEO plugin v22.8 - https:\/\/yoast.com\/wordpress\/plugins\/seo\/ -->\n<title>Telefony alarmowe - smpolaniec.com.pl<\/title>\n<meta name=\"robots\" content=\"index, follow, max-snippet:-1, max-image-preview:large, max-video-preview:-1\" \/>\n<link rel=\"canonical\" href=\"http:\/\/smpolaniec.com.pl\/smpolaniec\/telefony-alarmowe\/\" \/>\n<meta property=\"og:locale\" content=\"pl_PL\" \/>\n<meta property=\"og:type\" content=\"article\" \/>\n<meta property=\"og:title\" content=\"Telefony alarmowe - smpolaniec.com.pl\" \/>\n<meta property=\"og:description\" content=\"Po\u0142aniec Og\u00f3lnokrajowe Europejski Numer Alarmowy 112 112 Pogotowie&nbsp;Ratunkowe \u00a0(15) 865 05 99 999 Policja (15) 865 00 20 997 Posterunek Policji (15) 864 72 67 lub (15) 865 00 20 Posterunkowy Stra\u017c Po\u017carna (15) 864 21 08 998 Pogotowie energetyczne (15) 891 46 21 991 PGK 604 475 214 Europejski Numer Alarmowy 112&nbsp;to numer alarmowy ... Dowiedz si\u0119 wi\u0119cej\" \/>\n<meta property=\"og:url\" content=\"http:\/\/smpolaniec.com.pl\/smpolaniec\/telefony-alarmowe\/\" \/>\n<meta property=\"og:site_name\" content=\"smpolaniec.com.pl\" \/>\n<meta property=\"article:modified_time\" content=\"2020-04-26T18:45:15+00:00\" \/>\n<meta name=\"twitter:card\" content=\"summary_large_image\" \/>\n<script type=\"application\/ld+json\" class=\"yoast-schema-graph\">{\"@context\":\"https:\/\/schema.org\",\"@graph\":[{\"@type\":\"WebPage\",\"@id\":\"http:\/\/smpolaniec.com.pl\/smpolaniec\/telefony-alarmowe\/\",\"url\":\"http:\/\/smpolaniec.com.pl\/smpolaniec\/telefony-alarmowe\/\",\"name\":\"Telefony alarmowe - smpolaniec.com.pl\",\"isPartOf\":{\"@id\":\"http:\/\/smpolaniec.com.pl\/smpolaniec\/#website\"},\"datePublished\":\"2020-02-12T11:49:11+00:00\",\"dateModified\":\"2020-04-26T18:45:15+00:00\",\"breadcrumb\":{\"@id\":\"http:\/\/smpolaniec.com.pl\/smpolaniec\/telefony-alarmowe\/#breadcrumb\"},\"inLanguage\":\"pl-PL\",\"potentialAction\":[{\"@type\":\"ReadAction\",\"target\":[\"http:\/\/smpolaniec.com.pl\/smpolaniec\/telefony-alarmowe\/\"]}]},{\"@type\":\"BreadcrumbList\",\"@id\":\"http:\/\/smpolaniec.com.pl\/smpolaniec\/telefony-alarmowe\/#breadcrumb\",\"itemListElement\":[{\"@type\":\"ListItem\",\"position\":1,\"name\":\"Strona g\u0142\u00f3wna\",\"item\":\"https:\/\/smpolaniec.com.pl\/smpolaniec\/\"},{\"@type\":\"ListItem\",\"position\":2,\"name\":\"Telefony alarmowe\"}]},{\"@type\":\"WebSite\",\"@id\":\"http:\/\/smpolaniec.com.pl\/smpolaniec\/#website\",\"url\":\"http:\/\/smpolaniec.com.pl\/smpolaniec\/\",\"name\":\"smpolaniec.com.pl\",\"description\":\"Sp\u00f3\u0142dzielnia Mieszkaniowa Po\u0142aniec\",\"potentialAction\":[{\"@type\":\"SearchAction\",\"target\":{\"@type\":\"EntryPoint\",\"urlTemplate\":\"http:\/\/smpolaniec.com.pl\/smpolaniec\/?s={search_term_string}\"},\"query-input\":\"required name=search_term_string\"}],\"inLanguage\":\"pl-PL\"}]}<\/script>\n<!-- \/ Yoast SEO plugin. -->","yoast_head_json":{"title":"Telefony alarmowe - smpolaniec.com.pl","robots":{"index":"index","follow":"follow","max-snippet":"max-snippet:-1","max-image-preview":"max-image-preview:large","max-video-preview":"max-video-preview:-1"},"canonical":"http:\/\/smpolaniec.com.pl\/smpolaniec\/telefony-alarmowe\/","og_locale":"pl_PL","og_type":"article","og_title":"Telefony alarmowe - smpolaniec.com.pl","og_description":"Po\u0142aniec Og\u00f3lnokrajowe Europejski Numer Alarmowy 112 112 Pogotowie&nbsp;Ratunkowe \u00a0(15) 865 05 99 999 Policja (15) 865 00 20 997 Posterunek Policji (15) 864 72 67 lub (15) 865 00 20 Posterunkowy Stra\u017c Po\u017carna (15) 864 21 08 998 Pogotowie energetyczne (15) 891 46 21 991 PGK 604 475 214 Europejski Numer Alarmowy 112&nbsp;to numer alarmowy ... Dowiedz si\u0119 wi\u0119cej","og_url":"http:\/\/smpolaniec.com.pl\/smpolaniec\/telefony-alarmowe\/","og_site_name":"smpolaniec.com.pl","article_modified_time":"2020-04-26T18:45:15+00:00","twitter_card":"summary_large_image","schema":{"@context":"https:\/\/schema.org","@graph":[{"@type":"WebPage","@id":"http:\/\/smpolaniec.com.pl\/smpolaniec\/telefony-alarmowe\/","url":"http:\/\/smpolaniec.com.pl\/smpolaniec\/telefony-alarmowe\/","name":"Telefony alarmowe - smpolaniec.com.pl","isPartOf":{"@id":"http:\/\/smpolaniec.com.pl\/smpolaniec\/#website"},"datePublished":"2020-02-12T11:49:11+00:00","dateModified":"2020-04-26T18:45:15+00:00","breadcrumb":{"@id":"http:\/\/smpolaniec.com.pl\/smpolaniec\/telefony-alarmowe\/#breadcrumb"},"inLanguage":"pl-PL","potentialAction":[{"@type":"ReadAction","target":["http:\/\/smpolaniec.com.pl\/smpolaniec\/telefony-alarmowe\/"]}]},{"@type":"BreadcrumbList","@id":"http:\/\/smpolaniec.com.pl\/smpolaniec\/telefony-alarmowe\/#breadcrumb","itemListElement":[{"@type":"ListItem","position":1,"name":"Strona g\u0142\u00f3wna","item":"https:\/\/smpolaniec.com.pl\/smpolaniec\/"},{"@type":"ListItem","position":2,"name":"Telefony alarmowe"}]},{"@type":"WebSite","@id":"http:\/\/smpolaniec.com.pl\/smpolaniec\/#website","url":"http:\/\/smpolaniec.com.pl\/smpolaniec\/","name":"smpolaniec.com.pl","description":"Sp\u00f3\u0142dzielnia Mieszkaniowa Po\u0142aniec","potentialAction":[{"@type":"SearchAction","target":{"@type":"EntryPoint","urlTemplate":"http:\/\/smpolaniec.com.pl\/smpolaniec\/?s={search_term_string}"},"query-input":"required name=search_term_string"}],"inLanguage":"pl-PL"}]}},"_links":{"self":[{"href":"https:\/\/smpolaniec.com.pl\/smpolaniec\/wp-json\/wp\/v2\/pages\/54"}],"collection":[{"href":"https:\/\/smpolaniec.com.pl\/smpolaniec\/wp-json\/wp\/v2\/pages"}],"about":[{"href":"https:\/\/smpolaniec.com.pl\/smpolaniec\/wp-json\/wp\/v2\/types\/page"}],"author":[{"embeddable":true,"href":"https:\/\/smpolaniec.com.pl\/smpolaniec\/wp-json\/wp\/v2\/users\/11"}],"replies":[{"embeddable":true,"href":"https:\/\/smpolaniec.com.pl\/smpolaniec\/wp-json\/wp\/v2\/comments?post=54"}],"version-history":[{"count":7,"href":"https:\/\/smpolaniec.com.pl\/smpolaniec\/wp-json\/wp\/v2\/pages\/54\/revisions"}],"predecessor-version":[{"id":783,"href":"https:\/\/smpolaniec.com.pl\/smpolaniec\/wp-json\/wp\/v2\/pages\/54\/revisions\/783"}],"wp:attachment":[{"href":"https:\/\/smpolaniec.com.pl\/smpolaniec\/wp-json\/wp\/v2\/media?parent=54"}],"curies":[{"name":"wp","href":"https:\/\/api.w.org\/{rel}","templated":true}]}}