{"id":693,"date":"2020-02-25T23:16:28","date_gmt":"2020-02-25T22:16:28","guid":{"rendered":"http:\/\/smpolaniec.com.pl\/smpolaniec\/?page_id=693"},"modified":"2020-04-26T20:53:10","modified_gmt":"2020-04-26T18:53:10","slug":"segregacja-odpadow","status":"publish","type":"page","link":"https:\/\/smpolaniec.com.pl\/smpolaniec\/segregacja-odpadow\/","title":{"rendered":"Segregacja odpad\u00f3w"},"content":{"rendered":"\n<p> Segregacja odpad\u00f3w w mieszkaniu to wyzwanie, kt\u00f3remu mo\u017cna sprosta\u0107 wybieraj\u0105c do tego celu odpowiednie pojemniki na \u015bmieci. Dobre rozplanowanie przestrzeni pozwoli umie\u015bci\u0107 wi\u0119cej ni\u017c jeden \u015bmietnik nawet w niewielkiej kawalerce. Mo\u017cna w ten spos\u00f3b efektywnie sortowa\u0107 wszystkie pi\u0119\u0107 frakcji odpad\u00f3w niezale\u017cnie od metra\u017cu lokalu. Dodatkowy kube\u0142 na makulatur\u0119 lub kompostownik na bioodpady mo\u017cesz za\u015b postawi\u0107 w jednym z pozosta\u0142ych pomieszcze\u0144 albo na balkonie.Dowiedz si\u0119, dlaczego warto rozplanowa\u0107 segregacj\u0119 odpad\u00f3w w ma\u0142ym mieszkaniu i jak obej\u015b\u0107 jego ograniczenia przestrzenne. Sprawd\u017a, jak wybra\u0107 \u015bmietnik do kuchni i gdzie jeszcze w mieszkaniu mo\u017cesz umie\u015bci\u0107 dodatkowe kosze. <\/p>\n\n\n\n<h3 class=\"has-text-align-center wp-block-heading\"><strong>Dlaczego warto segregowa\u0107 \u015bmieci nawet w ma\u0142ym mieszkaniu?<\/strong><\/h3>\n\n\n\n<p>Mimo szczerych ch\u0119ci segregowania \u015bmieci lokatorzy ma\u0142ych mieszka\u0144 napotykaj\u0105 w tej kwestii oczywiste trudno\u015bci. Cz\u0119sto wysuwaj\u0105 wr\u0119cz argument, \u017ce w ich niewielkim lokalu nie ma miejsca na takie proekologiczne praktyki. Z pewno\u015bci\u0105 ma\u0142y metra\u017c i nietypowy uk\u0142ad pomieszcze\u0144 mo\u017ce stanowi\u0107 wyzwanie, ale nadal nie wyklucza mo\u017cliwo\u015bci poprawnego sortowania \u015bmieci. Warto po\u015bwi\u0119ci\u0107 nieco czasu na planowanie i wyb\u00f3r odpowiednich pojemnik\u00f3w, aby zorganizowa\u0107 segregacj\u0119 domowych odpad\u00f3w nawet w ma\u0142ym lokalu. To nie tylko mo\u017cliwe, ale i korzystne dla samych lokator\u00f3w, gdy\u017c:<\/p>\n\n\n\n<ul><li>zgodnie z&nbsp;<a href=\"http:\/\/prawo.sejm.gov.pl\/isap.nsf\/download.xsp\/WDU20130000021\/U\/D20130021Lj.pdf\">Ustaw\u0105 o odpadach<\/a>&nbsp;oraz&nbsp;<a href=\"http:\/\/prawo.sejm.gov.pl\/isap.nsf\/download.xsp\/WDU19961320622\/U\/D19960622Lj.pdf\">Ustaw\u0105 o utrzymaniu czysto\u015bci i porz\u0105dku w gminach<\/a>, za niewywi\u0105zywanie si\u0119 z segregacji \u015bmieci na pi\u0119\u0107 frakcji gro\u017c\u0105 kary pieni\u0119\u017cne;<\/li><li>oddzielenie bioodpad\u00f3w i zbieranie ich w kompostowniku pozwala uzyska\u0107 dodatkow\u0105 korzy\u015b\u0107, jak\u0105 jest kompost do ro\u015blin i upraw;<\/li><li>wydzielenie pojemnik\u00f3w na wszystkie rodzaje odpad\u00f3w mo\u017ce paradoksalnie zwi\u0119kszy\u0107 ilo\u015b\u0107 dost\u0119pnej przestrzeni w kuchni;<\/li><li>zast\u0105pienie jednego lub dw\u00f3ch du\u017cych kub\u0142\u00f3w kilkoma ma\u0142ymi i cz\u0119stsze ich opr\u00f3\u017cnianie u\u0142atwia zapobieganie wytwarzaniu si\u0119 przykrego zapachu w ca\u0142ym domu;<\/li><li>zakup estetycznych i wygodnych pojemnik\u00f3w mo\u017ce zwi\u0119kszy\u0107 komfort lokator\u00f3w, wpisuj\u0105c si\u0119 w styl domowych wn\u0119trz.<\/li><\/ul>\n\n\n\n<h3 class=\"has-text-align-center wp-block-heading\"><strong>Jak segregowa\u0107 \u015bmieci w ma\u0142ym mieszkaniu? Ograniczenia i mo\u017cliwo\u015bci segregacji \u015bmieci na niewielkim metra\u017cu<\/strong><\/h3>\n\n\n\n<p>Szczeg\u00f3\u0142owy spos\u00f3b segregacji okre\u015bla&nbsp;<a href=\"http:\/\/dziennikustaw.gov.pl\/DU\/2017\/19\/1\">rozporz\u0105dzenie Ministra \u015arodowiska z dnia 29 grudnia 2016 r. w sprawie szczeg\u00f3\u0142owego sposobu selektywnego zbierania wybranych frakcji odpad\u00f3w (Dz.U. z 2017 r. poz. 19)<\/a>. G\u0142\u00f3wna zasada Jednolitego Systemu Segregacji Odpad\u00f3w (JSSO) jest jedna \u2013 nale\u017cy oddziela\u0107 surowce od odpad\u00f3w, kt\u00f3re nie nadaj\u0105 si\u0119 do powt\u00f3rnego przetworzenia. Jakie surowce oddzielamy? S\u0105 to: metale i tworzywa sztuczne, papier, a tak\u017ce opakowania szklane i odpady biodegradowalne. Niekt\u00f3re gminy mog\u0142y zdecydowa\u0107 o konieczno\u015bci rozdzielania szk\u0142a bia\u0142ego i kolorowego.<\/p>\n\n\n\n<p>Zbieranie osobno papieru, szk\u0142a, tworzyw sztucznych wraz z metalem, a tak\u017ce oddzielanie odpad\u00f3w biodegradowalnych pozwala uzyska\u0107 najbardziej pe\u0142nowarto\u015bciowe surowce do ponownego przetworzenia.<\/p>\n\n\n\n<p>Przy segregacji bezwzgl\u0119dnie trzeba pami\u0119ta\u0107 o odpadach niebezpiecznych, do kt\u00f3rych zaliczaj\u0105 si\u0119 zu\u017cyte baterie i akumulatory, przeterminowane lekarstwa, zu\u017cyte \u015bwietl\u00f3wki, odpady po \u017cr\u0105cych chemikaliach (np. \u015brodkach ochrony ro\u015blin), a tak\u017ce zu\u017cyty sprz\u0119t RTV i AGD (tzw. elektroodpady). Tych odpad\u00f3w nie wolno wyrzuca\u0107 do \u015bmieci zmieszanych. Mo\u017cna je odda\u0107 w specjalnie wyznaczonych punktach w sklepach i aptekach, a tak\u017ce w punkcie selektywnej zbi\u00f3rki odpad\u00f3w komunalnych, czyli tzw. PSZOK-u (Punkt Selektywnego Zbierania Odpad\u00f3w Komunalnych), zorganizowanym przez gmin\u0119. Godziny otwarcia PSZOK-u mo\u017cesz sprawdzi\u0107 m.in. na stronie internetowej swojej gminy.<\/p>\n\n\n\n<p>No dobrze, skoro segregowanie jest takie \u0142atwe, to co nale\u017cy zrobi\u0107 z takimi odpadami jak np. karton po mleku? Czy nale\u017cy wyrzuci\u0107 go do pojemnika na papier, czy na aluminium, kt\u00f3rym ten karton jest wy\u015bcielony od \u015brodka? Czy t\u0142usty s\u0142oik po pulpetach wrzuca\u0107 do szk\u0142a czy mo\u017ce do odpad\u00f3w zmieszanych? A co z obierkami warzyw? Po kolei.<\/p>\n\n\n\n<p>Karton po mleku to przyk\u0142ad opakowania wielo-materia\u0142owego. Wyrzucamy je do pojemnika na metale i tworzywa sztuczne. Z kolei opr\u00f3\u017cniony s\u0142oik po pulpetach powinni\u015bmy wyrzuci\u0107 do pojemnika na opakowania szklane. Nie szkodzi, \u017ce jest nieumyty. Zostanie umyty w sortowni.<\/p>\n\n\n\n<p>Obierki warzyw i owoc\u00f3w najlepiej przeznaczy\u0107 na kompost. Je\u015bli nie masz przydomowego kompostownika, wyrzu\u0107 je do pojemnika na odpady biodegradowalne (BIO). Co wa\u017cne, ani szk\u0142a, ani plastiku czy metalu nie trzeba my\u0107 przed wyrzuceniem do pojemnika na odpady segregowane. Wystarczy je opr\u00f3\u017cni\u0107. Surowce zostan\u0105 umyte na p\u00f3\u017aniejszym etapie recyklingu, sortujmy je wi\u0119c i wyrzucajmy do odpowiednich pojemnik\u00f3w.<\/p>\n\n\n\n<h3 class=\"has-text-align-center wp-block-heading\"><strong>Jak poradzi\u0107 sobie z segregacj\u0105 odpad\u00f3w w domu?<\/strong><\/h3>\n\n\n\n<p>Recykling? Zaczyna si\u0119 ju\u017c w domu od codziennej segregacji odpad\u00f3w, kt\u00f3ra jest przejawem naszej \u015bwiadomo\u015bci i troski o \u015brodowisko naturalne. Jednak pomimo szczerych ch\u0119ci ka\u017cdemu z Nas czasem zdarzaj\u0105 si\u0119 pomy\u0142ki. Na wszystko jednak mo\u017cna znale\u017a\u0107 rozwi\u0105zanie.<\/p>\n\n\n\n<p>W praktyce segregacja odpad\u00f3w,cho\u0107 na pocz\u0105tku wydawa\u0107 si\u0119 mo\u017ce trudna, z czasem okazuje si\u0119 zadaniem prostym. Wystarczy wyrobi\u0107 w sobie nawyk wrzucania do odpowiedniego kosza w\u0142a\u015bciwego surowca. Przez powtarzalno\u015b\u0107 tej czynno\u015bci w ko\u0144cu przestaniemy zastanawia\u0107 si\u0119, do kt\u00f3rego pojemnika powinien trafi\u0107 dany odpad. Ostatecznie obowi\u0105zek ten nie b\u0119dzie ju\u017c dla nas czym\u015b czasoch\u0142onnym, lecz automatycznym. Jak to si\u0119 m\u00f3wi \u2013 najtrudniej zacz\u0105\u0107. No w\u0142a\u015bnie\u2026 jak w\u0142a\u015bciwie zacz\u0105\u0107?<\/p>\n\n\n\n<p><strong>Najtrudniejszy pierwszy krok<\/strong><\/p>\n\n\n\n<p>Segregacj\u0119 domow\u0105 warto zaplanowa\u0107! Wystarczy zastanowi\u0107 si\u0119 nad uk\u0142adem kuchni i doborem odpowiednich pojemnik\u00f3w. Ca\u0142o\u015b\u0107 zdaje si\u0119 u\u0142atwia\u0107 Jednolity System Segregacji Odpad\u00f3w (JSSO), kt\u00f3ry w jasny spos\u00f3b porz\u0105dkuje istniej\u0105ce rodzaje odpad\u00f3w na pi\u0119\u0107 frakcji (tworzywa sztuczne i metale, szk\u0142o, papier, bioodpady oraz odpady zmieszane). W\u0142a\u015bnie ten podzia\u0142 nale\u017cy zastosowa\u0107 w swoim domu, przygotowuj\u0105c w swojej kuchni pi\u0119\u0107 osobnych pojemnik\u00f3w. Jak jednak zast\u0105pi\u0107 jeden kosz pod symbolicznym zlewem a\u017c pi\u0119cioma!? Wystarczy zwr\u00f3ci\u0107 uwag\u0119 na kilka szczeg\u00f3\u0142\u00f3w. Po pierwsze, obj\u0119to\u015b\u0107 koszy. Segregacja sprawia, \u017ce do pojemnika na odpady zmieszane trafia mniej odpad\u00f3w. Dlatego przygotowane do domowej selekcji surowc\u00f3w pojemniki mog\u0105 by\u0107 mniejsze ni\u017c dotychczas. Drugim wa\u017cnym elementem jest rozmieszczenie koszy. Odpady takie jak plastik czy szk\u0142o nie generuj\u0105 nieprzyjemnych zapach\u00f3w. Mog\u0105 wi\u0119c znajdowa\u0107 si\u0119w otwartej przestrzeni kuchni lub w szafce w przedpokoju. Pojemnik lub woreczek na papier mo\u017cna umie\u015bci\u0107 w pokoju, np. w pobli\u017cu biurka. Bioodpady i pojemnik na odpady, kt\u00f3rych nie mo\u017cemy posegregowa\u0107, czyli na odpady zmieszane, z kolei lepiej umie\u015bci\u0107 w zamkni\u0119tych pojemnikach i np. w szafce pod zlewem.<\/p>\n\n\n\n<h3 class=\"has-text-align-center wp-block-heading\">Jak segregowa\u0107 \u015bmieci w ma\u0142ym mieszkaniu? Ograniczenia i mo\u017cliwo\u015bci segregacji \u015bmieci na niewielkim metra\u017cu.<\/h3>\n\n\n\n<p> Ma\u0142a przestrze\u0144 to istotne ograniczenie, kt\u00f3re jednak stwarza wiele miejsca na kreatywno\u015b\u0107. Warto po\u015bwi\u0119ci\u0107 chwil\u0119 na rozplanowanie domowego wn\u0119trza pod k\u0105tem segregacji odpad\u00f3w, gdy\u017c wbrew pozorom nie jest to takie trudne. R\u00f3\u017cnorodno\u015b\u0107 dost\u0119pnych na rynku pojemnik\u00f3w na \u015bmieci pozwala sprosta\u0107 wyzwaniom, jakie stawia przed nami aran\u017cacja niewielkiej przestrzeni. Poni\u017cej przedstawiamy najcz\u0119stsze ograniczenia panuj\u0105ce w ma\u0142ych mieszkaniach i proste sposoby, by je obej\u015b\u0107: <\/p>\n\n\n\n<ul><li><strong>ma\u0142o miejsca w szafce pod kuchennym zlewem<\/strong>&nbsp;\u2013 to tam zwykle stawiamy kuchenny kosz na \u015bmieci, ale problem ten dotyczy\u0107 mo\u017ce jakiejkolwiek szafki czy szuflady, w kt\u00f3rej trzymamy nasz pojemnik. Je\u015bli szafka nie mo\u017ce pomie\u015bci\u0107 kilku du\u017cych kub\u0142\u00f3w na poszczeg\u00f3lne rodzaje odpad\u00f3w, czas postawi\u0107 na mniejsze kosze. Idealnie nadaj\u0105 si\u0119 do tego obrotowe czy wysuwne pojemniki wielokomorowe. Wprawdzie wymagaj\u0105 cz\u0119stszego opr\u00f3\u017cniania, ale umo\u017cliwiaj\u0105 selektywn\u0105 zbi\u00f3rk\u0119 odpad\u00f3w nawet w najmniejszym mieszkaniu;<\/li><li><strong>otwarta przestrze\u0144 mi\u0119dzy kuchni\u0105 a reszt\u0105 mieszkania<\/strong>&nbsp;\u2013 w ma\u0142ych mieszkaniach czy kawalerkach kuchnia cz\u0119sto po\u0142\u0105czona jest z salonem, jadalni\u0105 czy wr\u0119cz sypialni\u0105. W takich warunkach trzeba szczeg\u00f3lnie zadba\u0107 o higien\u0119 w strefie pojemnik\u00f3w na \u015bmieci, aby nie tworzy\u0142 si\u0119 w nich przykry zapach, kt\u00f3ry m\u00f3g\u0142by rozprzestrzenia\u0107 si\u0119 w ca\u0142ym lokalu. Rozwi\u0105zaniem s\u0105 szczelnie zamykane, niewielkie pojemniki, kt\u00f3re z jednej strony chroni\u0105 przed wydobywaniem si\u0119 woni resztek, z drugiej za\u015b nie dopuszczaj\u0105 do jej wytworzenia, gdy\u017c wymuszaj\u0105 szybsze opr\u00f3\u017cnianie;<\/li><li><strong>niska estetyka koszy na \u015bmieci i niech\u0119\u0107 do umieszczania ich na widoku<\/strong>&nbsp;\u2013 argument ten kiedy\u015b m\u00f3g\u0142 stanowi\u0107 istotn\u0105 przeszkod\u0119 dla lokator\u00f3w ma\u0142ych mieszka\u0144. Dzi\u015b jednak \u015bmietniki w mieszkaniu to norma, gdy\u017c dost\u0119pne s\u0105 w tak r\u00f3\u017cnorodnych kolorach i wzorach, \u017ce doskonale wpasowuj\u0105 si\u0119 w wystr\u00f3j domowych wn\u0119trz. Ich estetyka wykonania i szczelno\u015b\u0107 pozwalaj\u0105 umieszcza\u0107 je w r\u00f3\u017cnych punktach domu.<\/li><\/ul>\n\n\n\n<p><strong>Do wyboru do koloru<\/strong><\/p>\n\n\n\n<p>Naprzeciw ekologicznym potrzebom domowych gospodarstw coraz cz\u0119\u015bciej wychodz\u0105 producenci pojemnik\u00f3w na odpady. Przygotowuj\u0105c wi\u0119c kuchni\u0119 lub inne pomieszczenie do selektywnej zbi\u00f3rki, mo\u017cemy wybiera\u0107 wiele funkcjonalnych rozwi\u0105za\u0144 oraz dopasowa\u0107 kszta\u0142t pojemnik\u00f3w do naszych indywidualnych potrzeb. Coraz cz\u0119\u015bciej spotyka si\u0119 pod\u0142u\u017cne kosze z odpowiednimi komorami, co znacznie rozwi\u0105zuje problem ma\u0142ej przestrzeni. Poprawi\u0142 si\u0119 te\u017c sam design, dzi\u0119ki czemu nie pogarszamy estetyki wn\u0119trz. U\u0142atwie\u0144 mo\u017cna znale\u017a\u0107 wi\u0119cej, np. na rynku dost\u0119pne s\u0105 pojemniki na bioodpady z wch\u0142aniaj\u0105cym nieprzyjemny zapach wk\u0142adem w\u0119glowym lub kompostowniki, kt\u00f3re mog\u0105 by\u0107 u\u017cytkowane r\u00f3wnie\u017c w mieszkaniach. Warto te\u017c przyjrze\u0107 si\u0119 rozwi\u0105zaniom, jakie proponuj\u0105 producenci mebli. Mo\u017cemy spotka\u0107 si\u0119 z funkcjonalnymi rozwi\u0105zaniami, takimi jak np. umieszczanie kom\u00f3r do segregacji odpad\u00f3w w du\u017cych szufladach lub dedykowane kosze perfekcyjnie dopasowane do wymiar\u00f3w szafki.<br>Dost\u0119pne w sklepach kosze cz\u0119sto posiadaj\u0105 odpowiednie kolory, kt\u00f3re dopasowa\u0107 mo\u017cna do JSSO. <\/p>\n\n\n\n<p><strong>Dobre praktyki, wi\u0119ksza oszcz\u0119dno\u015b\u0107<\/strong><\/p>\n\n\n\n<p>Gdy ju\u017c poradzimy sobie z odpowiednim zaaran\u017cowaniem przestrzeni, oszcz\u0119dno\u015bci miejsca i czasu mo\u017cemy r\u00f3wnie\u017c szuka\u0107 w samym sposobie segregacji odpad\u00f3w. Przyk\u0142adowo zgniatanie plastikowej butelki przed jej posegregowaniem daje nam znacznie wi\u0119cej miejsca w pojemniku. Pami\u0119tajmy r\u00f3wnie\u017c, \u017ce nie musimy odrywa\u0107 papierowych etykiet od szklanych butelek i s\u0142oik\u00f3w lub (je\u017celi gmina nie postanowi inaczej) my\u0107 opr\u00f3\u017cnionych opakowa\u0144.<\/p>\n\n\n\n<p><strong>Segregacja odpad\u00f3w? Ma sens!<\/strong><\/p>\n\n\n\n<p>Planuj\u0105c domow\u0105 selekcj\u0119 surowc\u00f3w wt\u00f3rnych, nie warto zbyt szybko si\u0119 zniech\u0119ca\u0107. W\u015br\u00f3d niekt\u00f3rych panuje przekonanie, \u017ce segregacja jest nieskuteczna, gdy\u017c odbierane z gospodarstw domowych odpady i tak wrzucane s\u0105 do jednego pojazdu oraz ponownie mieszane. To jednak nieprawda! Segregowane odpady przewo\u017cone s\u0105 przez specjalistyczne firmy, kt\u00f3re odpowiadaj\u0105 za prawid\u0142owy transport do sortowni lub innych instalacji. Ka\u017cdy pojazd jest wyposa\u017cony w osobne pojemniki na r\u00f3\u017cne rodzaje odpad\u00f3w. Zdarza si\u0119 te\u017c, \u017ce poszczeg\u00f3lne kontenery s\u0105 po prostu opr\u00f3\u017cniane w odr\u0119bne dni tygodnia. Dlatego warto zapisa\u0107 w swoim kalendarzu lub telefonie daty odbioru poszczeg\u00f3lnych frakcji. W\u0142a\u015bciciele dom\u00f3w jednorodzinnych powinni r\u00f3wnie\u017c zwraca\u0107 uwag\u0119 na kolory work\u00f3w. Pami\u0119tajmy, \u017ce sami tak\u017ce posiadamy wp\u0142yw na to, jak regularnie i dok\u0142adnie odbierane s\u0105 odpady z naszych posesji \u2013 konieczno\u015b\u0107 cz\u0119stszego ich transportu lub dostawienia poszczeg\u00f3lnych kontener\u00f3w zawsze mo\u017cemy zg\u0142osi\u0107 do zarz\u0105dcy terenu.<\/p>\n\n\n\n<p><strong>Ekonomiczne korzy\u015bci<\/strong><\/p>\n\n\n\n<p>Dlaczego warto zacz\u0105\u0107 oddziela\u0107 surowce wt\u00f3rne? Obowi\u0105zek segregacji odpad\u00f3w w gospodarstwach domowych to tak\u017ce korzy\u015b\u0107 z ekonomicznego punktu widzenia. M\u00f3wi\u0105c pro\u015bciej, mo\u017cemy liczy\u0107 na ni\u017csze op\u0142aty za odbi\u00f3r i zagospodarowanie posegregowanych odpad\u00f3w. Przelicza si\u0119, \u017ce ka\u017cdy posegregowany worek \u015bmieci to oszcz\u0119dno\u015b\u0107 surowc\u00f3w w kwocie oko\u0142o 2 z\u0142otych. Bior\u0105c pod uwag\u0119 fakt, \u017ce aktualnie ka\u017cdy mieszkaniec kraju produkuje oko\u0142o 300 kg odpad\u00f3w na rok,w przypadku selektywnego zbierania mo\u017cliwe jest pozyskanie znacznych \u015brodk\u00f3w finansowych ze sprzeda\u017cy surowc\u00f3w wt\u00f3rnych.<\/p>\n\n\n\n<p><strong>Ekologiczny wymiar segregacji odpad\u00f3w w domu<\/strong><\/p>\n\n\n\n<p>Dzia\u0142ania polegaj\u0105ce na w\u0142a\u015bciwej segregacji odpad\u00f3w w domach s\u0105 pierwszym etapem na drodze do m\u0105drego gospodarowania odpadami. Segreguj\u0105cy mog\u0105 by\u0107 pewni, \u017ce ich dzia\u0142anie przyniesie pozytywny skutek dla \u015brodowiska naturalnego. B\u0119dzie r\u00f3wnie\u017c wyrazem naszej dba\u0142o\u015bci o w\u0142asne otoczenie i przej\u0119ciem odpowiedzialno\u015bci w wymiarze osobistym za jako\u015b\u0107 \u015brodowiska , kt\u00f3re nas otacza.<\/p>\n","protected":false},"excerpt":{"rendered":"<p>Segregacja odpad\u00f3w w mieszkaniu to wyzwanie, kt\u00f3remu mo\u017cna sprosta\u0107 wybieraj\u0105c do tego celu odpowiednie pojemniki na \u015bmieci. Dobre rozplanowanie przestrzeni pozwoli umie\u015bci\u0107 wi\u0119cej ni\u017c jeden \u015bmietnik nawet w niewielkiej kawalerce. Mo\u017cna w ten spos\u00f3b efektywnie sortowa\u0107 wszystkie pi\u0119\u0107 frakcji odpad\u00f3w niezale\u017cnie od metra\u017cu lokalu. Dodatkowy kube\u0142 na makulatur\u0119 lub kompostownik na bioodpady mo\u017cesz za\u015b postawi\u0107 &#8230; <a title=\"Segregacja odpad\u00f3w\" class=\"read-more\" href=\"https:\/\/smpolaniec.com.pl\/smpolaniec\/segregacja-odpadow\/\" aria-label=\"Read more about Segregacja odpad\u00f3w\">Dowiedz si\u0119 wi\u0119cej<\/a><\/p>\n","protected":false},"author":11,"featured_media":0,"parent":0,"menu_order":0,"comment_status":"closed","ping_status":"closed","template":"","meta":{"_acf_changed":false,"footnotes":""},"acf":[],"yoast_head":"<!-- This site is optimized with the Yoast SEO plugin v22.8 - https:\/\/yoast.com\/wordpress\/plugins\/seo\/ -->\n<title>Segregacja odpad\u00f3w - smpolaniec.com.pl<\/title>\n<meta name=\"robots\" content=\"index, follow, max-snippet:-1, max-image-preview:large, max-video-preview:-1\" \/>\n<link rel=\"canonical\" href=\"http:\/\/smpolaniec.com.pl\/smpolaniec\/segregacja-odpadow\/\" \/>\n<meta property=\"og:locale\" content=\"pl_PL\" \/>\n<meta property=\"og:type\" content=\"article\" \/>\n<meta property=\"og:title\" content=\"Segregacja odpad\u00f3w - smpolaniec.com.pl\" \/>\n<meta property=\"og:description\" content=\"Segregacja odpad\u00f3w w mieszkaniu to wyzwanie, kt\u00f3remu mo\u017cna sprosta\u0107 wybieraj\u0105c do tego celu odpowiednie pojemniki na \u015bmieci. Dobre rozplanowanie przestrzeni pozwoli umie\u015bci\u0107 wi\u0119cej ni\u017c jeden \u015bmietnik nawet w niewielkiej kawalerce. Mo\u017cna w ten spos\u00f3b efektywnie sortowa\u0107 wszystkie pi\u0119\u0107 frakcji odpad\u00f3w niezale\u017cnie od metra\u017cu lokalu. Dodatkowy kube\u0142 na makulatur\u0119 lub kompostownik na bioodpady mo\u017cesz za\u015b postawi\u0107 ... Dowiedz si\u0119 wi\u0119cej\" \/>\n<meta property=\"og:url\" content=\"http:\/\/smpolaniec.com.pl\/smpolaniec\/segregacja-odpadow\/\" \/>\n<meta property=\"og:site_name\" content=\"smpolaniec.com.pl\" \/>\n<meta property=\"article:modified_time\" content=\"2020-04-26T18:53:10+00:00\" \/>\n<meta name=\"twitter:card\" content=\"summary_large_image\" \/>\n<meta name=\"twitter:label1\" content=\"Szacowany czas czytania\" \/>\n\t<meta name=\"twitter:data1\" content=\"10 minut\" \/>\n<script type=\"application\/ld+json\" class=\"yoast-schema-graph\">{\"@context\":\"https:\/\/schema.org\",\"@graph\":[{\"@type\":\"WebPage\",\"@id\":\"http:\/\/smpolaniec.com.pl\/smpolaniec\/segregacja-odpadow\/\",\"url\":\"http:\/\/smpolaniec.com.pl\/smpolaniec\/segregacja-odpadow\/\",\"name\":\"Segregacja odpad\u00f3w - smpolaniec.com.pl\",\"isPartOf\":{\"@id\":\"http:\/\/smpolaniec.com.pl\/smpolaniec\/#website\"},\"datePublished\":\"2020-02-25T22:16:28+00:00\",\"dateModified\":\"2020-04-26T18:53:10+00:00\",\"breadcrumb\":{\"@id\":\"http:\/\/smpolaniec.com.pl\/smpolaniec\/segregacja-odpadow\/#breadcrumb\"},\"inLanguage\":\"pl-PL\",\"potentialAction\":[{\"@type\":\"ReadAction\",\"target\":[\"http:\/\/smpolaniec.com.pl\/smpolaniec\/segregacja-odpadow\/\"]}]},{\"@type\":\"BreadcrumbList\",\"@id\":\"http:\/\/smpolaniec.com.pl\/smpolaniec\/segregacja-odpadow\/#breadcrumb\",\"itemListElement\":[{\"@type\":\"ListItem\",\"position\":1,\"name\":\"Strona g\u0142\u00f3wna\",\"item\":\"https:\/\/smpolaniec.com.pl\/smpolaniec\/\"},{\"@type\":\"ListItem\",\"position\":2,\"name\":\"Segregacja odpad\u00f3w\"}]},{\"@type\":\"WebSite\",\"@id\":\"http:\/\/smpolaniec.com.pl\/smpolaniec\/#website\",\"url\":\"http:\/\/smpolaniec.com.pl\/smpolaniec\/\",\"name\":\"smpolaniec.com.pl\",\"description\":\"Sp\u00f3\u0142dzielnia Mieszkaniowa Po\u0142aniec\",\"potentialAction\":[{\"@type\":\"SearchAction\",\"target\":{\"@type\":\"EntryPoint\",\"urlTemplate\":\"http:\/\/smpolaniec.com.pl\/smpolaniec\/?s={search_term_string}\"},\"query-input\":\"required name=search_term_string\"}],\"inLanguage\":\"pl-PL\"}]}<\/script>\n<!-- \/ Yoast SEO plugin. -->","yoast_head_json":{"title":"Segregacja odpad\u00f3w - smpolaniec.com.pl","robots":{"index":"index","follow":"follow","max-snippet":"max-snippet:-1","max-image-preview":"max-image-preview:large","max-video-preview":"max-video-preview:-1"},"canonical":"http:\/\/smpolaniec.com.pl\/smpolaniec\/segregacja-odpadow\/","og_locale":"pl_PL","og_type":"article","og_title":"Segregacja odpad\u00f3w - smpolaniec.com.pl","og_description":"Segregacja odpad\u00f3w w mieszkaniu to wyzwanie, kt\u00f3remu mo\u017cna sprosta\u0107 wybieraj\u0105c do tego celu odpowiednie pojemniki na \u015bmieci. Dobre rozplanowanie przestrzeni pozwoli umie\u015bci\u0107 wi\u0119cej ni\u017c jeden \u015bmietnik nawet w niewielkiej kawalerce. Mo\u017cna w ten spos\u00f3b efektywnie sortowa\u0107 wszystkie pi\u0119\u0107 frakcji odpad\u00f3w niezale\u017cnie od metra\u017cu lokalu. Dodatkowy kube\u0142 na makulatur\u0119 lub kompostownik na bioodpady mo\u017cesz za\u015b postawi\u0107 ... Dowiedz si\u0119 wi\u0119cej","og_url":"http:\/\/smpolaniec.com.pl\/smpolaniec\/segregacja-odpadow\/","og_site_name":"smpolaniec.com.pl","article_modified_time":"2020-04-26T18:53:10+00:00","twitter_card":"summary_large_image","twitter_misc":{"Szacowany czas czytania":"10 minut"},"schema":{"@context":"https:\/\/schema.org","@graph":[{"@type":"WebPage","@id":"http:\/\/smpolaniec.com.pl\/smpolaniec\/segregacja-odpadow\/","url":"http:\/\/smpolaniec.com.pl\/smpolaniec\/segregacja-odpadow\/","name":"Segregacja odpad\u00f3w - smpolaniec.com.pl","isPartOf":{"@id":"http:\/\/smpolaniec.com.pl\/smpolaniec\/#website"},"datePublished":"2020-02-25T22:16:28+00:00","dateModified":"2020-04-26T18:53:10+00:00","breadcrumb":{"@id":"http:\/\/smpolaniec.com.pl\/smpolaniec\/segregacja-odpadow\/#breadcrumb"},"inLanguage":"pl-PL","potentialAction":[{"@type":"ReadAction","target":["http:\/\/smpolaniec.com.pl\/smpolaniec\/segregacja-odpadow\/"]}]},{"@type":"BreadcrumbList","@id":"http:\/\/smpolaniec.com.pl\/smpolaniec\/segregacja-odpadow\/#breadcrumb","itemListElement":[{"@type":"ListItem","position":1,"name":"Strona g\u0142\u00f3wna","item":"https:\/\/smpolaniec.com.pl\/smpolaniec\/"},{"@type":"ListItem","position":2,"name":"Segregacja odpad\u00f3w"}]},{"@type":"WebSite","@id":"http:\/\/smpolaniec.com.pl\/smpolaniec\/#website","url":"http:\/\/smpolaniec.com.pl\/smpolaniec\/","name":"smpolaniec.com.pl","description":"Sp\u00f3\u0142dzielnia Mieszkaniowa Po\u0142aniec","potentialAction":[{"@type":"SearchAction","target":{"@type":"EntryPoint","urlTemplate":"http:\/\/smpolaniec.com.pl\/smpolaniec\/?s={search_term_string}"},"query-input":"required name=search_term_string"}],"inLanguage":"pl-PL"}]}},"_links":{"self":[{"href":"https:\/\/smpolaniec.com.pl\/smpolaniec\/wp-json\/wp\/v2\/pages\/693"}],"collection":[{"href":"https:\/\/smpolaniec.com.pl\/smpolaniec\/wp-json\/wp\/v2\/pages"}],"about":[{"href":"https:\/\/smpolaniec.com.pl\/smpolaniec\/wp-json\/wp\/v2\/types\/page"}],"author":[{"embeddable":true,"href":"https:\/\/smpolaniec.com.pl\/smpolaniec\/wp-json\/wp\/v2\/users\/11"}],"replies":[{"embeddable":true,"href":"https:\/\/smpolaniec.com.pl\/smpolaniec\/wp-json\/wp\/v2\/comments?post=693"}],"version-history":[{"count":4,"href":"https:\/\/smpolaniec.com.pl\/smpolaniec\/wp-json\/wp\/v2\/pages\/693\/revisions"}],"predecessor-version":[{"id":788,"href":"https:\/\/smpolaniec.com.pl\/smpolaniec\/wp-json\/wp\/v2\/pages\/693\/revisions\/788"}],"wp:attachment":[{"href":"https:\/\/smpolaniec.com.pl\/smpolaniec\/wp-json\/wp\/v2\/media?parent=693"}],"curies":[{"name":"wp","href":"https:\/\/api.w.org\/{rel}","templated":true}]}}