{"id":728,"date":"2020-02-29T13:17:10","date_gmt":"2020-02-29T12:17:10","guid":{"rendered":"http:\/\/smpolaniec.com.pl\/smpolaniec\/?page_id=728"},"modified":"2020-02-29T14:10:07","modified_gmt":"2020-02-29T13:10:07","slug":"pogoda-i-radar-burz","status":"publish","type":"page","link":"https:\/\/smpolaniec.com.pl\/smpolaniec\/pogoda-i-radar-burz\/","title":{"rendered":"Prognozy i mapy pogodowe"},"content":{"rendered":"\n<h3 class=\"has-text-color has-text-align-center wp-block-heading\" style=\"color:#00466f\">Lista portali na kt\u00f3rych mo\u017cna sprawdzi\u0107 prognoz\u0119 pogody oraz radary burzowe<\/h3>\n\n\n\n<ul><li><a rel=\"noreferrer noopener\" href=\"http:\/\/www.pogodynka.pl\/\" target=\"_blank\"><strong>pogodynka.pl<\/strong><\/a> &#8211; bardzo rozbudowany serwis pogodowy<\/li><li><a rel=\"noreferrer noopener\" href=\"http:\/\/www.lowcyburz.pl\/\" target=\"_blank\"><strong>lowcyburz.pl<\/strong><\/a>\u00a0&#8211; prognozy, ostrze\u017cenie i informacje dotycz\u0105ce burz i ekstremalnych zjawisk metereologicznych <\/li><li><strong><a rel=\"noreferrer noopener\" href=\"http:\/\/www.lightningmaps.org\/\" target=\"_blank\">lightningmaps.org<\/a> <\/strong>&#8211; mapy i radary burzowe <\/li><li><a rel=\"noreferrer noopener\" href=\"http:\/\/www.burze.dzis.net\/\" target=\"_blank\"><strong>burze.dzis.net<\/strong><\/a> &#8211; portal na temat zagro\u017ce\u0144 pogodowych <\/li><\/ul>\n\n\n\n<h3 class=\"has-text-color has-text-align-center wp-block-heading\" style=\"color:#00466f\">Aktualna pogoda i prognoza dla Po\u0142a\u0144ca<\/h3>\n\n\n\n<div id=\"inpl-weather-main\" data-icT=\"1\" data-cId=\"26900\" data-clBg=\"3a1cff\" data-clTxt=\"f8f8f8\" data-clLink=\"75c7f1\" data-txtDesc=\"1\" data-fTemp=\"1\" data-crPs=\"1\" data-crWind=\"1\" data-fr=\"1\" data-wdh=\"300\" data-hIf=\"400\" data-d=\"\/\/widgets.interia.pl\" style=\"position:relative;width:300px;background-color:#3a1cff\">\n<div id=\"inpl-weather-links\" style=\"background-color:#3a1cff; padding:5px 0px 15px;text-align:center\">\n   <a id=\"wlHbh\" style=\"color:#75c7f1;font-size:13px;padding-right:24px;text-decoration:none;\" href=\"https:\/\/pogoda.interia.pl\/prognoza-szczegolowa-polaniec,cId,26900\" title=\"Po\u0142aniec - prognoza pogody\" >Godzina po godzinie <\/a>\n   <a id=\"wlfr\" style=\"color:#75c7f1;font-size:13px;text-decoration:none;\" href=\"https:\/\/pogoda.interia.pl\/prognoza-dlugoterminowa-polaniec,cId,26900\" title=\"Po\u0142aniec - prognoza pogody\" >Na 45 dni<\/a>\n <\/div>\n <\/div><script type=\"text\/javascript\">\n   (function(d, t, i) {\n        if (d.getElementById(i)) return;\n            var f = d.getElementsByTagName(t)[0], js = d.createElement(t); \n            js.id = i; js.src = \"\/\/w.iplsc.com\/widget\/weather.jssc\";\n            f.parentNode.appendChild(js);\n     }(document, \"script\", \"widget-js\"));\n <\/script>\n\n\n\n<p><\/p>\n","protected":false},"excerpt":{"rendered":"<p>Lista portali na kt\u00f3rych mo\u017cna sprawdzi\u0107 prognoz\u0119 pogody oraz radary burzowe pogodynka.pl &#8211; bardzo rozbudowany serwis pogodowy lowcyburz.pl\u00a0&#8211; prognozy, ostrze\u017cenie i informacje dotycz\u0105ce burz i ekstremalnych zjawisk metereologicznych lightningmaps.org &#8211; mapy i radary burzowe burze.dzis.net &#8211; portal na temat zagro\u017ce\u0144 pogodowych Aktualna pogoda i prognoza dla Po\u0142a\u0144ca Godzina po godzinie Na 45 dni<\/p>\n","protected":false},"author":11,"featured_media":0,"parent":0,"menu_order":0,"comment_status":"closed","ping_status":"closed","template":"","meta":{"_acf_changed":false,"footnotes":""},"acf":[],"yoast_head":"<!-- This site is optimized with the Yoast SEO plugin v22.8 - https:\/\/yoast.com\/wordpress\/plugins\/seo\/ -->\n<title>Prognozy i mapy pogodowe - smpolaniec.com.pl<\/title>\n<meta name=\"robots\" content=\"index, follow, max-snippet:-1, max-image-preview:large, max-video-preview:-1\" \/>\n<link rel=\"canonical\" href=\"https:\/\/smpolaniec.com.pl\/smpolaniec\/pogoda-i-radar-burz\/\" \/>\n<meta property=\"og:locale\" content=\"pl_PL\" \/>\n<meta property=\"og:type\" content=\"article\" \/>\n<meta property=\"og:title\" content=\"Prognozy i mapy pogodowe - smpolaniec.com.pl\" \/>\n<meta property=\"og:description\" content=\"Lista portali na kt\u00f3rych mo\u017cna sprawdzi\u0107 prognoz\u0119 pogody oraz radary burzowe pogodynka.pl &#8211; bardzo rozbudowany serwis pogodowy lowcyburz.pl\u00a0&#8211; prognozy, ostrze\u017cenie i informacje dotycz\u0105ce burz i ekstremalnych zjawisk metereologicznych lightningmaps.org &#8211; mapy i radary burzowe burze.dzis.net &#8211; portal na temat zagro\u017ce\u0144 pogodowych Aktualna pogoda i prognoza dla Po\u0142a\u0144ca Godzina po godzinie Na 45 dni\" \/>\n<meta property=\"og:url\" content=\"https:\/\/smpolaniec.com.pl\/smpolaniec\/pogoda-i-radar-burz\/\" \/>\n<meta property=\"og:site_name\" content=\"smpolaniec.com.pl\" \/>\n<meta property=\"article:modified_time\" content=\"2020-02-29T13:10:07+00:00\" \/>\n<meta name=\"twitter:card\" content=\"summary_large_image\" \/>\n<script type=\"application\/ld+json\" class=\"yoast-schema-graph\">{\"@context\":\"https:\/\/schema.org\",\"@graph\":[{\"@type\":\"WebPage\",\"@id\":\"https:\/\/smpolaniec.com.pl\/smpolaniec\/pogoda-i-radar-burz\/\",\"url\":\"https:\/\/smpolaniec.com.pl\/smpolaniec\/pogoda-i-radar-burz\/\",\"name\":\"Prognozy i mapy pogodowe - smpolaniec.com.pl\",\"isPartOf\":{\"@id\":\"http:\/\/smpolaniec.com.pl\/smpolaniec\/#website\"},\"datePublished\":\"2020-02-29T12:17:10+00:00\",\"dateModified\":\"2020-02-29T13:10:07+00:00\",\"breadcrumb\":{\"@id\":\"https:\/\/smpolaniec.com.pl\/smpolaniec\/pogoda-i-radar-burz\/#breadcrumb\"},\"inLanguage\":\"pl-PL\",\"potentialAction\":[{\"@type\":\"ReadAction\",\"target\":[\"https:\/\/smpolaniec.com.pl\/smpolaniec\/pogoda-i-radar-burz\/\"]}]},{\"@type\":\"BreadcrumbList\",\"@id\":\"https:\/\/smpolaniec.com.pl\/smpolaniec\/pogoda-i-radar-burz\/#breadcrumb\",\"itemListElement\":[{\"@type\":\"ListItem\",\"position\":1,\"name\":\"Strona g\u0142\u00f3wna\",\"item\":\"https:\/\/smpolaniec.com.pl\/smpolaniec\/\"},{\"@type\":\"ListItem\",\"position\":2,\"name\":\"Prognozy i mapy pogodowe\"}]},{\"@type\":\"WebSite\",\"@id\":\"http:\/\/smpolaniec.com.pl\/smpolaniec\/#website\",\"url\":\"http:\/\/smpolaniec.com.pl\/smpolaniec\/\",\"name\":\"smpolaniec.com.pl\",\"description\":\"Sp\u00f3\u0142dzielnia Mieszkaniowa Po\u0142aniec\",\"potentialAction\":[{\"@type\":\"SearchAction\",\"target\":{\"@type\":\"EntryPoint\",\"urlTemplate\":\"http:\/\/smpolaniec.com.pl\/smpolaniec\/?s={search_term_string}\"},\"query-input\":\"required name=search_term_string\"}],\"inLanguage\":\"pl-PL\"}]}<\/script>\n<!-- \/ Yoast SEO plugin. -->","yoast_head_json":{"title":"Prognozy i mapy pogodowe - smpolaniec.com.pl","robots":{"index":"index","follow":"follow","max-snippet":"max-snippet:-1","max-image-preview":"max-image-preview:large","max-video-preview":"max-video-preview:-1"},"canonical":"https:\/\/smpolaniec.com.pl\/smpolaniec\/pogoda-i-radar-burz\/","og_locale":"pl_PL","og_type":"article","og_title":"Prognozy i mapy pogodowe - smpolaniec.com.pl","og_description":"Lista portali na kt\u00f3rych mo\u017cna sprawdzi\u0107 prognoz\u0119 pogody oraz radary burzowe pogodynka.pl &#8211; bardzo rozbudowany serwis pogodowy lowcyburz.pl\u00a0&#8211; prognozy, ostrze\u017cenie i informacje dotycz\u0105ce burz i ekstremalnych zjawisk metereologicznych lightningmaps.org &#8211; mapy i radary burzowe burze.dzis.net &#8211; portal na temat zagro\u017ce\u0144 pogodowych Aktualna pogoda i prognoza dla Po\u0142a\u0144ca Godzina po godzinie Na 45 dni","og_url":"https:\/\/smpolaniec.com.pl\/smpolaniec\/pogoda-i-radar-burz\/","og_site_name":"smpolaniec.com.pl","article_modified_time":"2020-02-29T13:10:07+00:00","twitter_card":"summary_large_image","schema":{"@context":"https:\/\/schema.org","@graph":[{"@type":"WebPage","@id":"https:\/\/smpolaniec.com.pl\/smpolaniec\/pogoda-i-radar-burz\/","url":"https:\/\/smpolaniec.com.pl\/smpolaniec\/pogoda-i-radar-burz\/","name":"Prognozy i mapy pogodowe - smpolaniec.com.pl","isPartOf":{"@id":"http:\/\/smpolaniec.com.pl\/smpolaniec\/#website"},"datePublished":"2020-02-29T12:17:10+00:00","dateModified":"2020-02-29T13:10:07+00:00","breadcrumb":{"@id":"https:\/\/smpolaniec.com.pl\/smpolaniec\/pogoda-i-radar-burz\/#breadcrumb"},"inLanguage":"pl-PL","potentialAction":[{"@type":"ReadAction","target":["https:\/\/smpolaniec.com.pl\/smpolaniec\/pogoda-i-radar-burz\/"]}]},{"@type":"BreadcrumbList","@id":"https:\/\/smpolaniec.com.pl\/smpolaniec\/pogoda-i-radar-burz\/#breadcrumb","itemListElement":[{"@type":"ListItem","position":1,"name":"Strona g\u0142\u00f3wna","item":"https:\/\/smpolaniec.com.pl\/smpolaniec\/"},{"@type":"ListItem","position":2,"name":"Prognozy i mapy pogodowe"}]},{"@type":"WebSite","@id":"http:\/\/smpolaniec.com.pl\/smpolaniec\/#website","url":"http:\/\/smpolaniec.com.pl\/smpolaniec\/","name":"smpolaniec.com.pl","description":"Sp\u00f3\u0142dzielnia Mieszkaniowa Po\u0142aniec","potentialAction":[{"@type":"SearchAction","target":{"@type":"EntryPoint","urlTemplate":"http:\/\/smpolaniec.com.pl\/smpolaniec\/?s={search_term_string}"},"query-input":"required name=search_term_string"}],"inLanguage":"pl-PL"}]}},"_links":{"self":[{"href":"https:\/\/smpolaniec.com.pl\/smpolaniec\/wp-json\/wp\/v2\/pages\/728"}],"collection":[{"href":"https:\/\/smpolaniec.com.pl\/smpolaniec\/wp-json\/wp\/v2\/pages"}],"about":[{"href":"https:\/\/smpolaniec.com.pl\/smpolaniec\/wp-json\/wp\/v2\/types\/page"}],"author":[{"embeddable":true,"href":"https:\/\/smpolaniec.com.pl\/smpolaniec\/wp-json\/wp\/v2\/users\/11"}],"replies":[{"embeddable":true,"href":"https:\/\/smpolaniec.com.pl\/smpolaniec\/wp-json\/wp\/v2\/comments?post=728"}],"version-history":[{"count":7,"href":"https:\/\/smpolaniec.com.pl\/smpolaniec\/wp-json\/wp\/v2\/pages\/728\/revisions"}],"predecessor-version":[{"id":747,"href":"https:\/\/smpolaniec.com.pl\/smpolaniec\/wp-json\/wp\/v2\/pages\/728\/revisions\/747"}],"wp:attachment":[{"href":"https:\/\/smpolaniec.com.pl\/smpolaniec\/wp-json\/wp\/v2\/media?parent=728"}],"curies":[{"name":"wp","href":"https:\/\/api.w.org\/{rel}","templated":true}]}}